{"id":2116,"date":"2025-10-23T22:15:13","date_gmt":"2025-10-23T22:15:13","guid":{"rendered":"https:\/\/plasticosmq.com\/co\/?page_id=2116"},"modified":"2026-04-13T12:45:03","modified_gmt":"2026-04-13T12:45:03","slug":"contacto","status":"publish","type":"page","link":"https:\/\/plasticosmq.com\/co\/contacto\/","title":{"rendered":"Contacto"},"content":{"rendered":"","protected":false},"excerpt":{"rendered":"","protected":false},"author":1,"featured_media":0,"parent":0,"menu_order":0,"comment_status":"closed","ping_status":"closed","template":"","meta":{"footnotes":""},"class_list":["post-2116","page","type-page","status-publish","hentry"],"yoast_head":"<!-- This site is optimized with the Yoast SEO plugin v26.8 - https:\/\/yoast.com\/product\/yoast-seo-wordpress\/ -->\n<title>Cont\u00e1ctanos, nuestro equipo te atender\u00e1 | Pl\u00e1sticos MQ<\/title>\n<meta name=\"description\" content=\"Comun\u00edcate con nuestro equipo especializado en muebles para interior y exterior. Resolvemos tus dudas y te acompa\u00f1amos en tu compra ideal\" \/>\n<meta name=\"robots\" content=\"index, follow, max-snippet:-1, max-image-preview:large, max-video-preview:-1\" \/>\n<link rel=\"canonical\" href=\"https:\/\/plasticosmq.com\/co\/contacto\/\" \/>\n<meta property=\"og:locale\" content=\"es_ES\" \/>\n<meta property=\"og:type\" content=\"article\" \/>\n<meta property=\"og:title\" content=\"Cont\u00e1ctanos, nuestro equipo te atender\u00e1 | Pl\u00e1sticos MQ\" \/>\n<meta property=\"og:description\" content=\"Comun\u00edcate con nuestro equipo especializado en muebles para interior y exterior. Resolvemos tus dudas y te acompa\u00f1amos en tu compra ideal\" \/>\n<meta property=\"og:url\" content=\"https:\/\/plasticosmq.com\/co\/contacto\/\" \/>\n<meta property=\"og:site_name\" content=\"Plasticos MQ\" \/>\n<meta property=\"article:modified_time\" content=\"2026-04-13T12:45:03+00:00\" \/>\n<meta name=\"twitter:card\" content=\"summary_large_image\" \/>\n<meta name=\"twitter:label1\" content=\"Tiempo de lectura\" \/>\n\t<meta name=\"twitter:data1\" content=\"2 minutos\" \/>\n<script type=\"application\/ld+json\" class=\"yoast-schema-graph\">{\"@context\":\"https:\/\/schema.org\",\"@graph\":[{\"@type\":\"WebPage\",\"@id\":\"https:\/\/plasticosmq.com\/co\/contacto\/\",\"url\":\"https:\/\/plasticosmq.com\/co\/contacto\/\",\"name\":\"Cont\u00e1ctanos, nuestro equipo te atender\u00e1 | Pl\u00e1sticos MQ\",\"isPartOf\":{\"@id\":\"https:\/\/plasticosmq.com\/co\/#website\"},\"datePublished\":\"2025-10-23T22:15:13+00:00\",\"dateModified\":\"2026-04-13T12:45:03+00:00\",\"description\":\"Comun\u00edcate con nuestro equipo especializado en muebles para interior y exterior. Resolvemos tus dudas y te acompa\u00f1amos en tu compra ideal\",\"breadcrumb\":{\"@id\":\"https:\/\/plasticosmq.com\/co\/contacto\/#breadcrumb\"},\"inLanguage\":\"es\",\"potentialAction\":[{\"@type\":\"ReadAction\",\"target\":[\"https:\/\/plasticosmq.com\/co\/contacto\/\"]}]},{\"@type\":\"BreadcrumbList\",\"@id\":\"https:\/\/plasticosmq.com\/co\/contacto\/#breadcrumb\",\"itemListElement\":[{\"@type\":\"ListItem\",\"position\":1,\"name\":\"Inicio\",\"item\":\"https:\/\/plasticosmq.com\/co\/\"},{\"@type\":\"ListItem\",\"position\":2,\"name\":\"Contacto\"}]},{\"@type\":\"WebSite\",\"@id\":\"https:\/\/plasticosmq.com\/co\/#website\",\"url\":\"https:\/\/plasticosmq.com\/co\/\",\"name\":\"Plasticos MQ\",\"description\":\"\",\"potentialAction\":[{\"@type\":\"SearchAction\",\"target\":{\"@type\":\"EntryPoint\",\"urlTemplate\":\"https:\/\/plasticosmq.com\/co\/?s={search_term_string}\"},\"query-input\":{\"@type\":\"PropertyValueSpecification\",\"valueRequired\":true,\"valueName\":\"search_term_string\"}}],\"inLanguage\":\"es\"}]}<\/script>\n<!-- \/ Yoast SEO plugin. -->","yoast_head_json":{"title":"Cont\u00e1ctanos, nuestro equipo te atender\u00e1 | Pl\u00e1sticos MQ","description":"Comun\u00edcate con nuestro equipo especializado en muebles para interior y exterior. Resolvemos tus dudas y te acompa\u00f1amos en tu compra ideal","robots":{"index":"index","follow":"follow","max-snippet":"max-snippet:-1","max-image-preview":"max-image-preview:large","max-video-preview":"max-video-preview:-1"},"canonical":"https:\/\/plasticosmq.com\/co\/contacto\/","og_locale":"es_ES","og_type":"article","og_title":"Cont\u00e1ctanos, nuestro equipo te atender\u00e1 | Pl\u00e1sticos MQ","og_description":"Comun\u00edcate con nuestro equipo especializado en muebles para interior y exterior. Resolvemos tus dudas y te acompa\u00f1amos en tu compra ideal","og_url":"https:\/\/plasticosmq.com\/co\/contacto\/","og_site_name":"Plasticos MQ","article_modified_time":"2026-04-13T12:45:03+00:00","twitter_card":"summary_large_image","twitter_misc":{"Tiempo de lectura":"2 minutos"},"schema":{"@context":"https:\/\/schema.org","@graph":[{"@type":"WebPage","@id":"https:\/\/plasticosmq.com\/co\/contacto\/","url":"https:\/\/plasticosmq.com\/co\/contacto\/","name":"Cont\u00e1ctanos, nuestro equipo te atender\u00e1 | Pl\u00e1sticos MQ","isPartOf":{"@id":"https:\/\/plasticosmq.com\/co\/#website"},"datePublished":"2025-10-23T22:15:13+00:00","dateModified":"2026-04-13T12:45:03+00:00","description":"Comun\u00edcate con nuestro equipo especializado en muebles para interior y exterior. Resolvemos tus dudas y te acompa\u00f1amos en tu compra ideal","breadcrumb":{"@id":"https:\/\/plasticosmq.com\/co\/contacto\/#breadcrumb"},"inLanguage":"es","potentialAction":[{"@type":"ReadAction","target":["https:\/\/plasticosmq.com\/co\/contacto\/"]}]},{"@type":"BreadcrumbList","@id":"https:\/\/plasticosmq.com\/co\/contacto\/#breadcrumb","itemListElement":[{"@type":"ListItem","position":1,"name":"Inicio","item":"https:\/\/plasticosmq.com\/co\/"},{"@type":"ListItem","position":2,"name":"Contacto"}]},{"@type":"WebSite","@id":"https:\/\/plasticosmq.com\/co\/#website","url":"https:\/\/plasticosmq.com\/co\/","name":"Plasticos MQ","description":"","potentialAction":[{"@type":"SearchAction","target":{"@type":"EntryPoint","urlTemplate":"https:\/\/plasticosmq.com\/co\/?s={search_term_string}"},"query-input":{"@type":"PropertyValueSpecification","valueRequired":true,"valueName":"search_term_string"}}],"inLanguage":"es"}]}},"_links":{"self":[{"href":"https:\/\/plasticosmq.com\/co\/wp-json\/wp\/v2\/pages\/2116","targetHints":{"allow":["GET"]}}],"collection":[{"href":"https:\/\/plasticosmq.com\/co\/wp-json\/wp\/v2\/pages"}],"about":[{"href":"https:\/\/plasticosmq.com\/co\/wp-json\/wp\/v2\/types\/page"}],"author":[{"embeddable":true,"href":"https:\/\/plasticosmq.com\/co\/wp-json\/wp\/v2\/users\/1"}],"replies":[{"embeddable":true,"href":"https:\/\/plasticosmq.com\/co\/wp-json\/wp\/v2\/comments?post=2116"}],"version-history":[{"count":48,"href":"https:\/\/plasticosmq.com\/co\/wp-json\/wp\/v2\/pages\/2116\/revisions"}],"predecessor-version":[{"id":5109,"href":"https:\/\/plasticosmq.com\/co\/wp-json\/wp\/v2\/pages\/2116\/revisions\/5109"}],"wp:attachment":[{"href":"https:\/\/plasticosmq.com\/co\/wp-json\/wp\/v2\/media?parent=2116"}],"curies":[{"name":"wp","href":"https:\/\/api.w.org\/{rel}","templated":true}]}}