{"id":1020,"date":"2025-10-05T15:36:37","date_gmt":"2025-10-05T15:36:37","guid":{"rendered":"https:\/\/plasticosmq.com\/co\/?post_type=product&#038;p=1020"},"modified":"2026-04-14T14:01:33","modified_gmt":"2026-04-14T14:01:33","slug":"armario-capri-small","status":"publish","type":"product","link":"https:\/\/plasticosmq.com\/co\/producto\/armario-capri-small\/","title":{"rendered":"Armario Bajo Gabinete Organizador"},"content":{"rendered":"<p>Su dise\u00f1o moderno en dos tonos lo hace combinar f\u00e1cilmente con cualquier ambiente,\u00a0 te ofrece el almacenamiento que necesitas sin ocupar demasiado espacio.<\/p>\n<p>Alto: 60 cm Ancho: 65 cm Fondo: 40 cm Peso soportado por estante: 15 kg<\/p>\n<p>Armario pl\u00e1stico multiusos elaborado con material reciclado PCR (reciclado post-consumo)<br \/>\nContribuye al cuidado del planeta sin perder calidad ni estilo. Nuestros armarios est\u00e1n fabricados con pl\u00e1stico 100% reciclado post-consumo (PCR), lo que ayuda a reducir residuos y darle una segunda vida al material<\/p>\n","protected":false},"excerpt":{"rendered":"<p>Mant\u00e9n todo en orden con este armario fabricado en pl\u00e1stico resistente, ideal para interiores o exteriores. Ideal para guardar herramientas, art\u00edculos de limpieza, ropa, accesorios o lo que necesites tener siempre a la mano.<\/p>\n","protected":false},"featured_media":4666,"menu_order":0,"template":"","meta":{"footnotes":""},"product_brand":[60],"product_cat":[89],"product_tag":[68,69,70],"coleccion":[23],"class_list":{"0":"post-1020","1":"product","2":"type-product","3":"status-publish","4":"has-post-thumbnail","6":"product_brand-mq","7":"product_cat-armarios","8":"product_tag-armario","9":"product_tag-armario-pequeno","10":"product_tag-armario-plastico","11":"coleccion-capri","13":"first","14":"instock","15":"shipping-taxable","16":"purchasable","17":"product-type-simple"},"yoast_head":"<!-- This site is optimized with the Yoast SEO plugin v26.8 - https:\/\/yoast.com\/product\/yoast-seo-wordpress\/ -->\n<title>Armario Capri Small: la soluci\u00f3n ideal para espacios chicos<\/title>\n<meta name=\"description\" content=\"Consigue el armario capri small para tu casa. Es peque\u00f1o, resistente al agua y perfecto para almacenar herramientas o productos de aseo\" \/>\n<meta name=\"robots\" content=\"index, follow, max-snippet:-1, max-image-preview:large, max-video-preview:-1\" \/>\n<link rel=\"canonical\" href=\"https:\/\/plasticosmq.com\/co\/producto\/armario-capri-small\/\" \/>\n<meta property=\"og:locale\" content=\"es_ES\" \/>\n<meta property=\"og:type\" content=\"article\" \/>\n<meta property=\"og:title\" content=\"Armario Capri Small: la soluci\u00f3n ideal para espacios chicos\" \/>\n<meta property=\"og:description\" content=\"Consigue el armario capri small para tu casa. Es peque\u00f1o, resistente al agua y perfecto para almacenar herramientas o productos de aseo\" \/>\n<meta property=\"og:url\" content=\"https:\/\/plasticosmq.com\/co\/producto\/armario-capri-small\/\" \/>\n<meta property=\"og:site_name\" content=\"Plasticos MQ\" \/>\n<meta property=\"article:modified_time\" content=\"2026-04-14T14:01:33+00:00\" \/>\n<meta property=\"og:image\" content=\"https:\/\/plasticosmq.com\/co\/wp-content\/uploads\/sites\/4\/2025\/10\/Armario-Capri-S-6.jpg\" \/>\n\t<meta property=\"og:image:width\" content=\"2000\" \/>\n\t<meta property=\"og:image:height\" content=\"2000\" \/>\n\t<meta property=\"og:image:type\" content=\"image\/jpeg\" \/>\n<meta name=\"twitter:card\" content=\"summary_large_image\" \/>\n<meta name=\"twitter:label1\" content=\"Tiempo de lectura\" \/>\n\t<meta name=\"twitter:data1\" content=\"8 minutos\" \/>\n<script type=\"application\/ld+json\" class=\"yoast-schema-graph\">{\"@context\":\"https:\/\/schema.org\",\"@graph\":[{\"@type\":\"WebPage\",\"@id\":\"https:\/\/plasticosmq.com\/co\/producto\/armario-capri-small\/\",\"url\":\"https:\/\/plasticosmq.com\/co\/producto\/armario-capri-small\/\",\"name\":\"Armario Capri Small: la soluci\u00f3n ideal para espacios chicos\",\"isPartOf\":{\"@id\":\"https:\/\/plasticosmq.com\/co\/#website\"},\"primaryImageOfPage\":{\"@id\":\"https:\/\/plasticosmq.com\/co\/producto\/armario-capri-small\/#primaryimage\"},\"image\":{\"@id\":\"https:\/\/plasticosmq.com\/co\/producto\/armario-capri-small\/#primaryimage\"},\"thumbnailUrl\":\"https:\/\/plasticosmq.com\/co\/wp-content\/uploads\/sites\/4\/2025\/10\/Armario-Capri-S-6.jpg\",\"datePublished\":\"2025-10-05T15:36:37+00:00\",\"dateModified\":\"2026-04-14T14:01:33+00:00\",\"description\":\"Consigue el armario capri small para tu casa. Es peque\u00f1o, resistente al agua y perfecto para almacenar herramientas o productos de aseo\",\"breadcrumb\":{\"@id\":\"https:\/\/plasticosmq.com\/co\/producto\/armario-capri-small\/#breadcrumb\"},\"inLanguage\":\"es\",\"potentialAction\":[{\"@type\":\"ReadAction\",\"target\":[\"https:\/\/plasticosmq.com\/co\/producto\/armario-capri-small\/\"]}]},{\"@type\":\"ImageObject\",\"inLanguage\":\"es\",\"@id\":\"https:\/\/plasticosmq.com\/co\/producto\/armario-capri-small\/#primaryimage\",\"url\":\"https:\/\/plasticosmq.com\/co\/wp-content\/uploads\/sites\/4\/2025\/10\/Armario-Capri-S-6.jpg\",\"contentUrl\":\"https:\/\/plasticosmq.com\/co\/wp-content\/uploads\/sites\/4\/2025\/10\/Armario-Capri-S-6.jpg\",\"width\":2000,\"height\":2000},{\"@type\":\"BreadcrumbList\",\"@id\":\"https:\/\/plasticosmq.com\/co\/producto\/armario-capri-small\/#breadcrumb\",\"itemListElement\":[{\"@type\":\"ListItem\",\"position\":1,\"name\":\"Inicio\",\"item\":\"https:\/\/plasticosmq.com\/co\/\"},{\"@type\":\"ListItem\",\"position\":2,\"name\":\"Tienda Pl\u00e1sticos MQ: compra online muebles para hogar\",\"item\":\"https:\/\/plasticosmq.com\/co\/shop\/\"},{\"@type\":\"ListItem\",\"position\":3,\"name\":\"Armario Bajo Gabinete Organizador\"}]},{\"@type\":\"WebSite\",\"@id\":\"https:\/\/plasticosmq.com\/co\/#website\",\"url\":\"https:\/\/plasticosmq.com\/co\/\",\"name\":\"Plasticos MQ\",\"description\":\"\",\"potentialAction\":[{\"@type\":\"SearchAction\",\"target\":{\"@type\":\"EntryPoint\",\"urlTemplate\":\"https:\/\/plasticosmq.com\/co\/?s={search_term_string}\"},\"query-input\":{\"@type\":\"PropertyValueSpecification\",\"valueRequired\":true,\"valueName\":\"search_term_string\"}}],\"inLanguage\":\"es\"}]}<\/script>\n<!-- \/ Yoast SEO plugin. -->","yoast_head_json":{"title":"Armario Capri Small: la soluci\u00f3n ideal para espacios chicos","description":"Consigue el armario capri small para tu casa. Es peque\u00f1o, resistente al agua y perfecto para almacenar herramientas o productos de aseo","robots":{"index":"index","follow":"follow","max-snippet":"max-snippet:-1","max-image-preview":"max-image-preview:large","max-video-preview":"max-video-preview:-1"},"canonical":"https:\/\/plasticosmq.com\/co\/producto\/armario-capri-small\/","og_locale":"es_ES","og_type":"article","og_title":"Armario Capri Small: la soluci\u00f3n ideal para espacios chicos","og_description":"Consigue el armario capri small para tu casa. Es peque\u00f1o, resistente al agua y perfecto para almacenar herramientas o productos de aseo","og_url":"https:\/\/plasticosmq.com\/co\/producto\/armario-capri-small\/","og_site_name":"Plasticos MQ","article_modified_time":"2026-04-14T14:01:33+00:00","og_image":[{"width":2000,"height":2000,"url":"https:\/\/plasticosmq.com\/co\/wp-content\/uploads\/sites\/4\/2025\/10\/Armario-Capri-S-6.jpg","type":"image\/jpeg"}],"twitter_card":"summary_large_image","twitter_misc":{"Tiempo de lectura":"8 minutos"},"schema":{"@context":"https:\/\/schema.org","@graph":[{"@type":"WebPage","@id":"https:\/\/plasticosmq.com\/co\/producto\/armario-capri-small\/","url":"https:\/\/plasticosmq.com\/co\/producto\/armario-capri-small\/","name":"Armario Capri Small: la soluci\u00f3n ideal para espacios chicos","isPartOf":{"@id":"https:\/\/plasticosmq.com\/co\/#website"},"primaryImageOfPage":{"@id":"https:\/\/plasticosmq.com\/co\/producto\/armario-capri-small\/#primaryimage"},"image":{"@id":"https:\/\/plasticosmq.com\/co\/producto\/armario-capri-small\/#primaryimage"},"thumbnailUrl":"https:\/\/plasticosmq.com\/co\/wp-content\/uploads\/sites\/4\/2025\/10\/Armario-Capri-S-6.jpg","datePublished":"2025-10-05T15:36:37+00:00","dateModified":"2026-04-14T14:01:33+00:00","description":"Consigue el armario capri small para tu casa. Es peque\u00f1o, resistente al agua y perfecto para almacenar herramientas o productos de aseo","breadcrumb":{"@id":"https:\/\/plasticosmq.com\/co\/producto\/armario-capri-small\/#breadcrumb"},"inLanguage":"es","potentialAction":[{"@type":"ReadAction","target":["https:\/\/plasticosmq.com\/co\/producto\/armario-capri-small\/"]}]},{"@type":"ImageObject","inLanguage":"es","@id":"https:\/\/plasticosmq.com\/co\/producto\/armario-capri-small\/#primaryimage","url":"https:\/\/plasticosmq.com\/co\/wp-content\/uploads\/sites\/4\/2025\/10\/Armario-Capri-S-6.jpg","contentUrl":"https:\/\/plasticosmq.com\/co\/wp-content\/uploads\/sites\/4\/2025\/10\/Armario-Capri-S-6.jpg","width":2000,"height":2000},{"@type":"BreadcrumbList","@id":"https:\/\/plasticosmq.com\/co\/producto\/armario-capri-small\/#breadcrumb","itemListElement":[{"@type":"ListItem","position":1,"name":"Inicio","item":"https:\/\/plasticosmq.com\/co\/"},{"@type":"ListItem","position":2,"name":"Tienda Pl\u00e1sticos MQ: compra online muebles para hogar","item":"https:\/\/plasticosmq.com\/co\/shop\/"},{"@type":"ListItem","position":3,"name":"Armario Bajo Gabinete Organizador"}]},{"@type":"WebSite","@id":"https:\/\/plasticosmq.com\/co\/#website","url":"https:\/\/plasticosmq.com\/co\/","name":"Plasticos MQ","description":"","potentialAction":[{"@type":"SearchAction","target":{"@type":"EntryPoint","urlTemplate":"https:\/\/plasticosmq.com\/co\/?s={search_term_string}"},"query-input":{"@type":"PropertyValueSpecification","valueRequired":true,"valueName":"search_term_string"}}],"inLanguage":"es"}]}},"_links":{"self":[{"href":"https:\/\/plasticosmq.com\/co\/wp-json\/wp\/v2\/product\/1020","targetHints":{"allow":["GET"]}}],"collection":[{"href":"https:\/\/plasticosmq.com\/co\/wp-json\/wp\/v2\/product"}],"about":[{"href":"https:\/\/plasticosmq.com\/co\/wp-json\/wp\/v2\/types\/product"}],"version-history":[{"count":7,"href":"https:\/\/plasticosmq.com\/co\/wp-json\/wp\/v2\/product\/1020\/revisions"}],"predecessor-version":[{"id":4650,"href":"https:\/\/plasticosmq.com\/co\/wp-json\/wp\/v2\/product\/1020\/revisions\/4650"}],"wp:featuredmedia":[{"embeddable":true,"href":"https:\/\/plasticosmq.com\/co\/wp-json\/wp\/v2\/media\/4666"}],"wp:attachment":[{"href":"https:\/\/plasticosmq.com\/co\/wp-json\/wp\/v2\/media?parent=1020"}],"wp:term":[{"taxonomy":"product_brand","embeddable":true,"href":"https:\/\/plasticosmq.com\/co\/wp-json\/wp\/v2\/product_brand?post=1020"},{"taxonomy":"product_cat","embeddable":true,"href":"https:\/\/plasticosmq.com\/co\/wp-json\/wp\/v2\/product_cat?post=1020"},{"taxonomy":"product_tag","embeddable":true,"href":"https:\/\/plasticosmq.com\/co\/wp-json\/wp\/v2\/product_tag?post=1020"},{"taxonomy":"coleccion","embeddable":true,"href":"https:\/\/plasticosmq.com\/co\/wp-json\/wp\/v2\/coleccion?post=1020"}],"curies":[{"name":"wp","href":"https:\/\/api.w.org\/{rel}","templated":true}]}}