{"id":1040,"date":"2025-10-05T16:07:53","date_gmt":"2025-10-05T16:07:53","guid":{"rendered":"https:\/\/plasticosmq.com\/co\/?post_type=product&#038;p=1040"},"modified":"2026-04-14T14:01:11","modified_gmt":"2026-04-14T14:01:11","slug":"armario-montana-small","status":"publish","type":"product","link":"https:\/\/plasticosmq.com\/co\/producto\/armario-montana-small\/","title":{"rendered":"Armario Bajo Gabinete Multiusos"},"content":{"rendered":"<p>Ideal para interiores o exteriores. Su dise\u00f1o moderno en dos tonos lo hace combinar f\u00e1cilmente con cualquier espacio, mientras que su tama\u00f1o mediano y amplio te ofrece el almacenamiento que necesitas sin ocupar demasiado espacio.<\/p>\n<p>Alto: 60 cm Ancho: 65 cm Fondo: 40 cm Peso soportado por estante: 15 kg<\/p>\n<p>Ideal para guardar herramientas, art\u00edculos de limpieza, ropa, accesorios o lo que necesites tener siempre a la mano.<\/p>\n","protected":false},"excerpt":{"rendered":"<p><span data-sheets-root=\"1\">Armario Montana tama\u00f1o S en resina postconsumo reutilizada con texrura tipo madeira, resistente y pr\u00e1ctico, incluye repisa interna y puertas frontales para f\u00e1cil organizaci\u00f3n. Ideal para mantener ordenados tus espacios interiores o exteriores.<\/span><\/p>\n","protected":false},"featured_media":1590,"menu_order":0,"template":"","meta":{"footnotes":""},"product_brand":[60],"product_cat":[89],"product_tag":[69,70],"coleccion":[23],"class_list":{"0":"post-1040","1":"product","2":"type-product","3":"status-publish","4":"has-post-thumbnail","6":"product_brand-mq","7":"product_cat-armarios","8":"product_tag-armario-pequeno","9":"product_tag-armario-plastico","10":"coleccion-capri","12":"first","13":"instock","14":"shipping-taxable","15":"purchasable","16":"product-type-variable","17":"rtwpvg-product"},"yoast_head":"<!-- This site is optimized with the Yoast SEO plugin v26.8 - https:\/\/yoast.com\/product\/yoast-seo-wordpress\/ -->\n<title>Compra Armario Montana Small para espacios en Colombia<\/title>\n<meta name=\"description\" content=\"Aprovecha el armario montana small y mant\u00e9n tus herramientas protegidas. Perfecto para el patio\" \/>\n<meta name=\"robots\" content=\"index, follow, max-snippet:-1, max-image-preview:large, max-video-preview:-1\" \/>\n<link rel=\"canonical\" href=\"https:\/\/plasticosmq.com\/co\/producto\/armario-montana-small\/\" \/>\n<meta property=\"og:locale\" content=\"es_ES\" \/>\n<meta property=\"og:type\" content=\"article\" \/>\n<meta property=\"og:title\" content=\"Compra Armario Montana Small para espacios en Colombia\" \/>\n<meta property=\"og:description\" content=\"Aprovecha el armario montana small y mant\u00e9n tus herramientas protegidas. Perfecto para el patio\" \/>\n<meta property=\"og:url\" content=\"https:\/\/plasticosmq.com\/co\/producto\/armario-montana-small\/\" \/>\n<meta property=\"og:site_name\" content=\"Plasticos MQ Co\" \/>\n<meta property=\"article:modified_time\" content=\"2026-04-14T14:01:11+00:00\" \/>\n<meta property=\"og:image\" content=\"https:\/\/plasticosmq.com\/co\/wp-content\/uploads\/sites\/4\/2025\/10\/MG_6144-1-scaled.jpg\" \/>\n\t<meta property=\"og:image:width\" content=\"1707\" \/>\n\t<meta property=\"og:image:height\" content=\"2560\" \/>\n\t<meta property=\"og:image:type\" content=\"image\/jpeg\" \/>\n<meta name=\"twitter:card\" content=\"summary_large_image\" \/>\n<meta name=\"twitter:label1\" content=\"Tiempo de lectura\" \/>\n\t<meta name=\"twitter:data1\" content=\"7 minutos\" \/>\n<script type=\"application\/ld+json\" class=\"yoast-schema-graph\">{\"@context\":\"https:\/\/schema.org\",\"@graph\":[{\"@type\":\"WebPage\",\"@id\":\"https:\/\/plasticosmq.com\/co\/producto\/armario-montana-small\/\",\"url\":\"https:\/\/plasticosmq.com\/co\/producto\/armario-montana-small\/\",\"name\":\"Compra Armario Montana Small para espacios en Colombia\",\"isPartOf\":{\"@id\":\"https:\/\/plasticosmq.com\/co\/#website\"},\"primaryImageOfPage\":{\"@id\":\"https:\/\/plasticosmq.com\/co\/producto\/armario-montana-small\/#primaryimage\"},\"image\":{\"@id\":\"https:\/\/plasticosmq.com\/co\/producto\/armario-montana-small\/#primaryimage\"},\"thumbnailUrl\":\"https:\/\/plasticosmq.com\/co\/wp-content\/uploads\/sites\/4\/2025\/10\/MG_6144-1-scaled.jpg\",\"datePublished\":\"2025-10-05T16:07:53+00:00\",\"dateModified\":\"2026-04-14T14:01:11+00:00\",\"description\":\"Aprovecha el armario montana small y mant\u00e9n tus herramientas protegidas. Perfecto para el patio\",\"breadcrumb\":{\"@id\":\"https:\/\/plasticosmq.com\/co\/producto\/armario-montana-small\/#breadcrumb\"},\"inLanguage\":\"es\",\"potentialAction\":[{\"@type\":\"ReadAction\",\"target\":[\"https:\/\/plasticosmq.com\/co\/producto\/armario-montana-small\/\"]}]},{\"@type\":\"ImageObject\",\"inLanguage\":\"es\",\"@id\":\"https:\/\/plasticosmq.com\/co\/producto\/armario-montana-small\/#primaryimage\",\"url\":\"https:\/\/plasticosmq.com\/co\/wp-content\/uploads\/sites\/4\/2025\/10\/MG_6144-1-scaled.jpg\",\"contentUrl\":\"https:\/\/plasticosmq.com\/co\/wp-content\/uploads\/sites\/4\/2025\/10\/MG_6144-1-scaled.jpg\",\"width\":1707,\"height\":2560},{\"@type\":\"BreadcrumbList\",\"@id\":\"https:\/\/plasticosmq.com\/co\/producto\/armario-montana-small\/#breadcrumb\",\"itemListElement\":[{\"@type\":\"ListItem\",\"position\":1,\"name\":\"Inicio\",\"item\":\"https:\/\/plasticosmq.com\/co\/\"},{\"@type\":\"ListItem\",\"position\":2,\"name\":\"Tienda Pl\u00e1sticos MQ: compra online muebles para hogar\",\"item\":\"https:\/\/plasticosmq.com\/co\/shop\/\"},{\"@type\":\"ListItem\",\"position\":3,\"name\":\"Armario Bajo Gabinete Multiusos\"}]},{\"@type\":\"WebSite\",\"@id\":\"https:\/\/plasticosmq.com\/co\/#website\",\"url\":\"https:\/\/plasticosmq.com\/co\/\",\"name\":\"Plasticos MQ Co\",\"description\":\"\",\"potentialAction\":[{\"@type\":\"SearchAction\",\"target\":{\"@type\":\"EntryPoint\",\"urlTemplate\":\"https:\/\/plasticosmq.com\/co\/?s={search_term_string}\"},\"query-input\":{\"@type\":\"PropertyValueSpecification\",\"valueRequired\":true,\"valueName\":\"search_term_string\"}}],\"inLanguage\":\"es\"}]}<\/script>\n<!-- \/ Yoast SEO plugin. -->","yoast_head_json":{"title":"Compra Armario Montana Small para espacios en Colombia","description":"Aprovecha el armario montana small y mant\u00e9n tus herramientas protegidas. Perfecto para el patio","robots":{"index":"index","follow":"follow","max-snippet":"max-snippet:-1","max-image-preview":"max-image-preview:large","max-video-preview":"max-video-preview:-1"},"canonical":"https:\/\/plasticosmq.com\/co\/producto\/armario-montana-small\/","og_locale":"es_ES","og_type":"article","og_title":"Compra Armario Montana Small para espacios en Colombia","og_description":"Aprovecha el armario montana small y mant\u00e9n tus herramientas protegidas. Perfecto para el patio","og_url":"https:\/\/plasticosmq.com\/co\/producto\/armario-montana-small\/","og_site_name":"Plasticos MQ Co","article_modified_time":"2026-04-14T14:01:11+00:00","og_image":[{"width":1707,"height":2560,"url":"https:\/\/plasticosmq.com\/co\/wp-content\/uploads\/sites\/4\/2025\/10\/MG_6144-1-scaled.jpg","type":"image\/jpeg"}],"twitter_card":"summary_large_image","twitter_misc":{"Tiempo de lectura":"7 minutos"},"schema":{"@context":"https:\/\/schema.org","@graph":[{"@type":"WebPage","@id":"https:\/\/plasticosmq.com\/co\/producto\/armario-montana-small\/","url":"https:\/\/plasticosmq.com\/co\/producto\/armario-montana-small\/","name":"Compra Armario Montana Small para espacios en Colombia","isPartOf":{"@id":"https:\/\/plasticosmq.com\/co\/#website"},"primaryImageOfPage":{"@id":"https:\/\/plasticosmq.com\/co\/producto\/armario-montana-small\/#primaryimage"},"image":{"@id":"https:\/\/plasticosmq.com\/co\/producto\/armario-montana-small\/#primaryimage"},"thumbnailUrl":"https:\/\/plasticosmq.com\/co\/wp-content\/uploads\/sites\/4\/2025\/10\/MG_6144-1-scaled.jpg","datePublished":"2025-10-05T16:07:53+00:00","dateModified":"2026-04-14T14:01:11+00:00","description":"Aprovecha el armario montana small y mant\u00e9n tus herramientas protegidas. Perfecto para el patio","breadcrumb":{"@id":"https:\/\/plasticosmq.com\/co\/producto\/armario-montana-small\/#breadcrumb"},"inLanguage":"es","potentialAction":[{"@type":"ReadAction","target":["https:\/\/plasticosmq.com\/co\/producto\/armario-montana-small\/"]}]},{"@type":"ImageObject","inLanguage":"es","@id":"https:\/\/plasticosmq.com\/co\/producto\/armario-montana-small\/#primaryimage","url":"https:\/\/plasticosmq.com\/co\/wp-content\/uploads\/sites\/4\/2025\/10\/MG_6144-1-scaled.jpg","contentUrl":"https:\/\/plasticosmq.com\/co\/wp-content\/uploads\/sites\/4\/2025\/10\/MG_6144-1-scaled.jpg","width":1707,"height":2560},{"@type":"BreadcrumbList","@id":"https:\/\/plasticosmq.com\/co\/producto\/armario-montana-small\/#breadcrumb","itemListElement":[{"@type":"ListItem","position":1,"name":"Inicio","item":"https:\/\/plasticosmq.com\/co\/"},{"@type":"ListItem","position":2,"name":"Tienda Pl\u00e1sticos MQ: compra online muebles para hogar","item":"https:\/\/plasticosmq.com\/co\/shop\/"},{"@type":"ListItem","position":3,"name":"Armario Bajo Gabinete Multiusos"}]},{"@type":"WebSite","@id":"https:\/\/plasticosmq.com\/co\/#website","url":"https:\/\/plasticosmq.com\/co\/","name":"Plasticos MQ Co","description":"","potentialAction":[{"@type":"SearchAction","target":{"@type":"EntryPoint","urlTemplate":"https:\/\/plasticosmq.com\/co\/?s={search_term_string}"},"query-input":{"@type":"PropertyValueSpecification","valueRequired":true,"valueName":"search_term_string"}}],"inLanguage":"es"}]}},"_links":{"self":[{"href":"https:\/\/plasticosmq.com\/co\/wp-json\/wp\/v2\/product\/1040","targetHints":{"allow":["GET"]}}],"collection":[{"href":"https:\/\/plasticosmq.com\/co\/wp-json\/wp\/v2\/product"}],"about":[{"href":"https:\/\/plasticosmq.com\/co\/wp-json\/wp\/v2\/types\/product"}],"version-history":[{"count":6,"href":"https:\/\/plasticosmq.com\/co\/wp-json\/wp\/v2\/product\/1040\/revisions"}],"predecessor-version":[{"id":4678,"href":"https:\/\/plasticosmq.com\/co\/wp-json\/wp\/v2\/product\/1040\/revisions\/4678"}],"wp:featuredmedia":[{"embeddable":true,"href":"https:\/\/plasticosmq.com\/co\/wp-json\/wp\/v2\/media\/1590"}],"wp:attachment":[{"href":"https:\/\/plasticosmq.com\/co\/wp-json\/wp\/v2\/media?parent=1040"}],"wp:term":[{"taxonomy":"product_brand","embeddable":true,"href":"https:\/\/plasticosmq.com\/co\/wp-json\/wp\/v2\/product_brand?post=1040"},{"taxonomy":"product_cat","embeddable":true,"href":"https:\/\/plasticosmq.com\/co\/wp-json\/wp\/v2\/product_cat?post=1040"},{"taxonomy":"product_tag","embeddable":true,"href":"https:\/\/plasticosmq.com\/co\/wp-json\/wp\/v2\/product_tag?post=1040"},{"taxonomy":"coleccion","embeddable":true,"href":"https:\/\/plasticosmq.com\/co\/wp-json\/wp\/v2\/coleccion?post=1040"}],"curies":[{"name":"wp","href":"https:\/\/api.w.org\/{rel}","templated":true}]}}