{"id":1133,"date":"2025-10-05T22:39:18","date_gmt":"2025-10-05T22:39:18","guid":{"rendered":"https:\/\/plasticosmq.com\/co\/?post_type=product&#038;p=1133"},"modified":"2026-04-14T13:59:55","modified_gmt":"2026-04-14T13:59:55","slug":"comoda-eclypse-5-niveles","status":"publish","type":"product","link":"https:\/\/plasticosmq.com\/co\/producto\/comoda-eclypse-5-niveles\/","title":{"rendered":"Comoda Organizadora Eclypse 5 Niveles"},"content":{"rendered":"<p>Comoda de 5 Niveles Tipo Ratan es la soluci\u00f3n perfecta para mantener tus espacios ordenados y organizados. Con una altura de 101 cm, ofrece un espacio de almacenamiento perfecto para tus pertenencias brind\u00e1ndote versatilidad y adaptabilidad.<\/p>\n<p>Fabricado en un material resistente como lo es la resina de polipropileno de alta densidad, este cajonero es duradero y f\u00e1cil de limpiar.<\/p>\n<p>Con sus dimensiones de 40.7 cm de largo y 55.2 cm de ancho, este cajonero se adapta a cualquier espacio, ya sea en tu hogar, oficina o cualquier otro lugar. Adem\u00e1s, cuenta con cubierta superior, lo que te permite proteger tus pertenencias del polvo y la humedad<\/p>\n<p>Es la opci\u00f3n ideal para mantener tus espacios ordenados y aprovechar al m\u00e1ximo cada rinc\u00f3n. \u00a1No pierdas la oportunidad de tener un producto de calidad que te brindar\u00e1 comodidad y practicidad en tu d\u00eda a d\u00eda!<\/p>\n<p>&nbsp;<\/p>\n<p>Medidas: Alto: 101 cm Ancho: 55.2 cm Largo: 40.7 cm<\/p>\n","protected":false},"excerpt":{"rendered":"<p><span data-sheets-root=\"1\">Comoda de 5 Niveles Eclypse es la soluci\u00f3n perfecta para mantener tus espacios ordenados y organizados. Con una altura de 101 cm, ofrece un espacio de almacenamiento ideal para tus pertenencias brind\u00e1ndote versatilidad y adaptabilidad.<\/span><\/p>\n","protected":false},"featured_media":4822,"menu_order":0,"template":"","meta":{"footnotes":""},"product_brand":[],"product_cat":[88],"product_tag":[],"coleccion":[35],"class_list":{"0":"post-1133","1":"product","2":"type-product","3":"status-publish","4":"has-post-thumbnail","6":"product_cat-organizacion","7":"coleccion-eclypse","9":"first","10":"instock","11":"sale","12":"shipping-taxable","13":"purchasable","14":"product-type-variable","15":"rtwpvg-product"},"yoast_head":"<!-- This site is optimized with the Yoast SEO plugin v26.8 - https:\/\/yoast.com\/product\/yoast-seo-wordpress\/ -->\n<title>Renueva tu hogar con C\u00f3moda Eclypse 5 niveles en Colombia<\/title>\n<meta name=\"description\" content=\"Compra la c\u00f3moda eclypse 5 niveles y optimiza tu espacio horizontal. Una cajonera ancha y robusta para guardar manteler\u00eda o prendas grandes\" \/>\n<meta name=\"robots\" content=\"index, follow, max-snippet:-1, max-image-preview:large, max-video-preview:-1\" \/>\n<link rel=\"canonical\" href=\"https:\/\/plasticosmq.com\/co\/producto\/comoda-eclypse-5-niveles\/\" \/>\n<meta property=\"og:locale\" content=\"es_ES\" \/>\n<meta property=\"og:type\" content=\"article\" \/>\n<meta property=\"og:title\" content=\"Renueva tu hogar con C\u00f3moda Eclypse 5 niveles en Colombia\" \/>\n<meta property=\"og:description\" content=\"Compra la c\u00f3moda eclypse 5 niveles y optimiza tu espacio horizontal. Una cajonera ancha y robusta para guardar manteler\u00eda o prendas grandes\" \/>\n<meta property=\"og:url\" content=\"https:\/\/plasticosmq.com\/co\/producto\/comoda-eclypse-5-niveles\/\" \/>\n<meta property=\"og:site_name\" content=\"Plasticos MQ\" \/>\n<meta property=\"article:modified_time\" content=\"2026-04-14T13:59:55+00:00\" \/>\n<meta property=\"og:image\" content=\"https:\/\/plasticosmq.com\/co\/wp-content\/uploads\/sites\/4\/2025\/10\/Comoda-Eclypse-5N-Negro-14-1.jpg\" \/>\n\t<meta property=\"og:image:width\" content=\"2000\" \/>\n\t<meta property=\"og:image:height\" content=\"2000\" \/>\n\t<meta property=\"og:image:type\" content=\"image\/jpeg\" \/>\n<meta name=\"twitter:card\" content=\"summary_large_image\" \/>\n<meta name=\"twitter:label1\" content=\"Tiempo de lectura\" \/>\n\t<meta name=\"twitter:data1\" content=\"9 minutos\" \/>\n<script type=\"application\/ld+json\" class=\"yoast-schema-graph\">{\"@context\":\"https:\/\/schema.org\",\"@graph\":[{\"@type\":\"WebPage\",\"@id\":\"https:\/\/plasticosmq.com\/co\/producto\/comoda-eclypse-5-niveles\/\",\"url\":\"https:\/\/plasticosmq.com\/co\/producto\/comoda-eclypse-5-niveles\/\",\"name\":\"Renueva tu hogar con C\u00f3moda Eclypse 5 niveles en Colombia\",\"isPartOf\":{\"@id\":\"https:\/\/plasticosmq.com\/co\/#website\"},\"primaryImageOfPage\":{\"@id\":\"https:\/\/plasticosmq.com\/co\/producto\/comoda-eclypse-5-niveles\/#primaryimage\"},\"image\":{\"@id\":\"https:\/\/plasticosmq.com\/co\/producto\/comoda-eclypse-5-niveles\/#primaryimage\"},\"thumbnailUrl\":\"https:\/\/plasticosmq.com\/co\/wp-content\/uploads\/sites\/4\/2025\/10\/Comoda-Eclypse-5N-Negro-14-1.jpg\",\"datePublished\":\"2025-10-05T22:39:18+00:00\",\"dateModified\":\"2026-04-14T13:59:55+00:00\",\"description\":\"Compra la c\u00f3moda eclypse 5 niveles y optimiza tu espacio horizontal. Una cajonera ancha y robusta para guardar manteler\u00eda o prendas grandes\",\"breadcrumb\":{\"@id\":\"https:\/\/plasticosmq.com\/co\/producto\/comoda-eclypse-5-niveles\/#breadcrumb\"},\"inLanguage\":\"es\",\"potentialAction\":[{\"@type\":\"ReadAction\",\"target\":[\"https:\/\/plasticosmq.com\/co\/producto\/comoda-eclypse-5-niveles\/\"]}]},{\"@type\":\"ImageObject\",\"inLanguage\":\"es\",\"@id\":\"https:\/\/plasticosmq.com\/co\/producto\/comoda-eclypse-5-niveles\/#primaryimage\",\"url\":\"https:\/\/plasticosmq.com\/co\/wp-content\/uploads\/sites\/4\/2025\/10\/Comoda-Eclypse-5N-Negro-14-1.jpg\",\"contentUrl\":\"https:\/\/plasticosmq.com\/co\/wp-content\/uploads\/sites\/4\/2025\/10\/Comoda-Eclypse-5N-Negro-14-1.jpg\",\"width\":2000,\"height\":2000},{\"@type\":\"BreadcrumbList\",\"@id\":\"https:\/\/plasticosmq.com\/co\/producto\/comoda-eclypse-5-niveles\/#breadcrumb\",\"itemListElement\":[{\"@type\":\"ListItem\",\"position\":1,\"name\":\"Inicio\",\"item\":\"https:\/\/plasticosmq.com\/co\/\"},{\"@type\":\"ListItem\",\"position\":2,\"name\":\"Tienda Pl\u00e1sticos MQ: compra online muebles para hogar\",\"item\":\"https:\/\/plasticosmq.com\/co\/shop\/\"},{\"@type\":\"ListItem\",\"position\":3,\"name\":\"Comoda Organizadora Eclypse 5 Niveles\"}]},{\"@type\":\"WebSite\",\"@id\":\"https:\/\/plasticosmq.com\/co\/#website\",\"url\":\"https:\/\/plasticosmq.com\/co\/\",\"name\":\"Plasticos MQ\",\"description\":\"\",\"potentialAction\":[{\"@type\":\"SearchAction\",\"target\":{\"@type\":\"EntryPoint\",\"urlTemplate\":\"https:\/\/plasticosmq.com\/co\/?s={search_term_string}\"},\"query-input\":{\"@type\":\"PropertyValueSpecification\",\"valueRequired\":true,\"valueName\":\"search_term_string\"}}],\"inLanguage\":\"es\"}]}<\/script>\n<!-- \/ Yoast SEO plugin. -->","yoast_head_json":{"title":"Renueva tu hogar con C\u00f3moda Eclypse 5 niveles en Colombia","description":"Compra la c\u00f3moda eclypse 5 niveles y optimiza tu espacio horizontal. Una cajonera ancha y robusta para guardar manteler\u00eda o prendas grandes","robots":{"index":"index","follow":"follow","max-snippet":"max-snippet:-1","max-image-preview":"max-image-preview:large","max-video-preview":"max-video-preview:-1"},"canonical":"https:\/\/plasticosmq.com\/co\/producto\/comoda-eclypse-5-niveles\/","og_locale":"es_ES","og_type":"article","og_title":"Renueva tu hogar con C\u00f3moda Eclypse 5 niveles en Colombia","og_description":"Compra la c\u00f3moda eclypse 5 niveles y optimiza tu espacio horizontal. Una cajonera ancha y robusta para guardar manteler\u00eda o prendas grandes","og_url":"https:\/\/plasticosmq.com\/co\/producto\/comoda-eclypse-5-niveles\/","og_site_name":"Plasticos MQ","article_modified_time":"2026-04-14T13:59:55+00:00","og_image":[{"width":2000,"height":2000,"url":"https:\/\/plasticosmq.com\/co\/wp-content\/uploads\/sites\/4\/2025\/10\/Comoda-Eclypse-5N-Negro-14-1.jpg","type":"image\/jpeg"}],"twitter_card":"summary_large_image","twitter_misc":{"Tiempo de lectura":"9 minutos"},"schema":{"@context":"https:\/\/schema.org","@graph":[{"@type":"WebPage","@id":"https:\/\/plasticosmq.com\/co\/producto\/comoda-eclypse-5-niveles\/","url":"https:\/\/plasticosmq.com\/co\/producto\/comoda-eclypse-5-niveles\/","name":"Renueva tu hogar con C\u00f3moda Eclypse 5 niveles en Colombia","isPartOf":{"@id":"https:\/\/plasticosmq.com\/co\/#website"},"primaryImageOfPage":{"@id":"https:\/\/plasticosmq.com\/co\/producto\/comoda-eclypse-5-niveles\/#primaryimage"},"image":{"@id":"https:\/\/plasticosmq.com\/co\/producto\/comoda-eclypse-5-niveles\/#primaryimage"},"thumbnailUrl":"https:\/\/plasticosmq.com\/co\/wp-content\/uploads\/sites\/4\/2025\/10\/Comoda-Eclypse-5N-Negro-14-1.jpg","datePublished":"2025-10-05T22:39:18+00:00","dateModified":"2026-04-14T13:59:55+00:00","description":"Compra la c\u00f3moda eclypse 5 niveles y optimiza tu espacio horizontal. Una cajonera ancha y robusta para guardar manteler\u00eda o prendas grandes","breadcrumb":{"@id":"https:\/\/plasticosmq.com\/co\/producto\/comoda-eclypse-5-niveles\/#breadcrumb"},"inLanguage":"es","potentialAction":[{"@type":"ReadAction","target":["https:\/\/plasticosmq.com\/co\/producto\/comoda-eclypse-5-niveles\/"]}]},{"@type":"ImageObject","inLanguage":"es","@id":"https:\/\/plasticosmq.com\/co\/producto\/comoda-eclypse-5-niveles\/#primaryimage","url":"https:\/\/plasticosmq.com\/co\/wp-content\/uploads\/sites\/4\/2025\/10\/Comoda-Eclypse-5N-Negro-14-1.jpg","contentUrl":"https:\/\/plasticosmq.com\/co\/wp-content\/uploads\/sites\/4\/2025\/10\/Comoda-Eclypse-5N-Negro-14-1.jpg","width":2000,"height":2000},{"@type":"BreadcrumbList","@id":"https:\/\/plasticosmq.com\/co\/producto\/comoda-eclypse-5-niveles\/#breadcrumb","itemListElement":[{"@type":"ListItem","position":1,"name":"Inicio","item":"https:\/\/plasticosmq.com\/co\/"},{"@type":"ListItem","position":2,"name":"Tienda Pl\u00e1sticos MQ: compra online muebles para hogar","item":"https:\/\/plasticosmq.com\/co\/shop\/"},{"@type":"ListItem","position":3,"name":"Comoda Organizadora Eclypse 5 Niveles"}]},{"@type":"WebSite","@id":"https:\/\/plasticosmq.com\/co\/#website","url":"https:\/\/plasticosmq.com\/co\/","name":"Plasticos MQ","description":"","potentialAction":[{"@type":"SearchAction","target":{"@type":"EntryPoint","urlTemplate":"https:\/\/plasticosmq.com\/co\/?s={search_term_string}"},"query-input":{"@type":"PropertyValueSpecification","valueRequired":true,"valueName":"search_term_string"}}],"inLanguage":"es"}]}},"_links":{"self":[{"href":"https:\/\/plasticosmq.com\/co\/wp-json\/wp\/v2\/product\/1133","targetHints":{"allow":["GET"]}}],"collection":[{"href":"https:\/\/plasticosmq.com\/co\/wp-json\/wp\/v2\/product"}],"about":[{"href":"https:\/\/plasticosmq.com\/co\/wp-json\/wp\/v2\/types\/product"}],"version-history":[{"count":5,"href":"https:\/\/plasticosmq.com\/co\/wp-json\/wp\/v2\/product\/1133\/revisions"}],"predecessor-version":[{"id":4824,"href":"https:\/\/plasticosmq.com\/co\/wp-json\/wp\/v2\/product\/1133\/revisions\/4824"}],"wp:featuredmedia":[{"embeddable":true,"href":"https:\/\/plasticosmq.com\/co\/wp-json\/wp\/v2\/media\/4822"}],"wp:attachment":[{"href":"https:\/\/plasticosmq.com\/co\/wp-json\/wp\/v2\/media?parent=1133"}],"wp:term":[{"taxonomy":"product_brand","embeddable":true,"href":"https:\/\/plasticosmq.com\/co\/wp-json\/wp\/v2\/product_brand?post=1133"},{"taxonomy":"product_cat","embeddable":true,"href":"https:\/\/plasticosmq.com\/co\/wp-json\/wp\/v2\/product_cat?post=1133"},{"taxonomy":"product_tag","embeddable":true,"href":"https:\/\/plasticosmq.com\/co\/wp-json\/wp\/v2\/product_tag?post=1133"},{"taxonomy":"coleccion","embeddable":true,"href":"https:\/\/plasticosmq.com\/co\/wp-json\/wp\/v2\/coleccion?post=1133"}],"curies":[{"name":"wp","href":"https:\/\/api.w.org\/{rel}","templated":true}]}}