{"id":3225,"date":"2026-02-26T22:18:34","date_gmt":"2026-02-26T22:18:34","guid":{"rendered":"https:\/\/plasticosmq.com\/co\/?post_type=product&#038;p=3225"},"modified":"2026-04-14T13:59:37","modified_gmt":"2026-04-14T13:59:37","slug":"sala-comfort-exterior-mq","status":"publish","type":"product","link":"https:\/\/plasticosmq.com\/co\/producto\/sala-comfort-exterior-mq\/","title":{"rendered":"Juego De Sala Comfort Para Exterior"},"content":{"rendered":"<p>El juego de sala ferrara confort para exterior tipo ratan es la opci\u00f3n perfecta para disfrutar del aire libre con estilo y comodidad. Con su dise\u00f1o moderno y elegante, este juego de sala se convertir\u00e1 en el centro de atenci\u00f3n de tu sala, patio o jard\u00edn.<\/p>\n<p>Fabricado por MQ, una marca reconocida por su calidad y durabilidad, este juego de sala est\u00e1 dise\u00f1ado para resistir las condiciones clim\u00e1ticas m\u00e1s adversas. Por el material en el que es fabricado resina de polipropileno es resistente al sol, la lluvia y el viento, por lo que no tendr\u00e1s que preocuparte por su deterioro con el paso del tiempo gracias a que es fabricado con filtro UV.<\/p>\n","protected":false},"excerpt":{"rendered":"<p>Juego de sala ferrara confort para exterior tipo rat\u00e1n es la opci\u00f3n perfecta para disfrutar del aire libre con estilo y comodidad. Con su dise\u00f1o moderno y elegante, este juego de sala se convertir\u00e1 en el centro de atenci\u00f3n de tu sala, patio o jard\u00edn.<\/p>\n","protected":false},"featured_media":3244,"menu_order":0,"template":"","meta":{"footnotes":""},"product_brand":[60],"product_cat":[94],"product_tag":[66],"coleccion":[46,54],"class_list":{"0":"post-3225","1":"product","2":"type-product","3":"status-publish","4":"has-post-thumbnail","6":"product_brand-mq","7":"product_cat-salas","8":"product_tag-sala-exterior-sala-plastico","9":"coleccion-ferrara","10":"coleccion-rattan","12":"first","13":"instock","14":"sale","15":"shipping-taxable","16":"purchasable","17":"product-type-variable","18":"rtwpvg-product"},"yoast_head":"<!-- This site is optimized with the Yoast SEO plugin v26.8 - https:\/\/yoast.com\/product\/yoast-seo-wordpress\/ -->\n<title>Juego De Sala Comfort Para Exterior - Plasticos MQ<\/title>\n<meta name=\"description\" content=\"Juego de sala ferrara confort para exterior tipo rat\u00e1n es la opci\u00f3n perfecta para disfrutar del aire libre con estilo y comodidad.\" \/>\n<meta name=\"robots\" content=\"index, follow, max-snippet:-1, max-image-preview:large, max-video-preview:-1\" \/>\n<link rel=\"canonical\" href=\"https:\/\/plasticosmq.com\/co\/producto\/sala-comfort-exterior-mq\/\" \/>\n<meta property=\"og:locale\" content=\"es_ES\" \/>\n<meta property=\"og:type\" content=\"article\" \/>\n<meta property=\"og:title\" content=\"Juego De Sala Comfort Para Exterior - Plasticos MQ\" \/>\n<meta property=\"og:description\" content=\"Juego de sala ferrara confort para exterior tipo rat\u00e1n es la opci\u00f3n perfecta para disfrutar del aire libre con estilo y comodidad.\" \/>\n<meta property=\"og:url\" content=\"https:\/\/plasticosmq.com\/co\/producto\/sala-comfort-exterior-mq\/\" \/>\n<meta property=\"og:site_name\" content=\"Plasticos MQ\" \/>\n<meta property=\"article:modified_time\" content=\"2026-04-14T13:59:37+00:00\" \/>\n<meta property=\"og:image\" content=\"https:\/\/plasticosmq.com\/co\/wp-content\/uploads\/sites\/4\/2026\/02\/Sala-Comfort-Wengue-17-1.jpg\" \/>\n\t<meta property=\"og:image:width\" content=\"1000\" \/>\n\t<meta property=\"og:image:height\" content=\"1000\" \/>\n\t<meta property=\"og:image:type\" content=\"image\/jpeg\" \/>\n<meta name=\"twitter:card\" content=\"summary_large_image\" \/>\n<meta name=\"twitter:label1\" content=\"Tiempo de lectura\" \/>\n\t<meta name=\"twitter:data1\" content=\"7 minutos\" \/>\n<script type=\"application\/ld+json\" class=\"yoast-schema-graph\">{\"@context\":\"https:\/\/schema.org\",\"@graph\":[{\"@type\":\"WebPage\",\"@id\":\"https:\/\/plasticosmq.com\/co\/producto\/sala-comfort-exterior-mq\/\",\"url\":\"https:\/\/plasticosmq.com\/co\/producto\/sala-comfort-exterior-mq\/\",\"name\":\"Juego De Sala Comfort Para Exterior - Plasticos MQ\",\"isPartOf\":{\"@id\":\"https:\/\/plasticosmq.com\/co\/#website\"},\"primaryImageOfPage\":{\"@id\":\"https:\/\/plasticosmq.com\/co\/producto\/sala-comfort-exterior-mq\/#primaryimage\"},\"image\":{\"@id\":\"https:\/\/plasticosmq.com\/co\/producto\/sala-comfort-exterior-mq\/#primaryimage\"},\"thumbnailUrl\":\"https:\/\/plasticosmq.com\/co\/wp-content\/uploads\/sites\/4\/2026\/02\/Sala-Comfort-Wengue-17-1.jpg\",\"datePublished\":\"2026-02-26T22:18:34+00:00\",\"dateModified\":\"2026-04-14T13:59:37+00:00\",\"description\":\"Juego de sala ferrara confort para exterior tipo rat\u00e1n es la opci\u00f3n perfecta para disfrutar del aire libre con estilo y comodidad.\",\"breadcrumb\":{\"@id\":\"https:\/\/plasticosmq.com\/co\/producto\/sala-comfort-exterior-mq\/#breadcrumb\"},\"inLanguage\":\"es\",\"potentialAction\":[{\"@type\":\"ReadAction\",\"target\":[\"https:\/\/plasticosmq.com\/co\/producto\/sala-comfort-exterior-mq\/\"]}]},{\"@type\":\"ImageObject\",\"inLanguage\":\"es\",\"@id\":\"https:\/\/plasticosmq.com\/co\/producto\/sala-comfort-exterior-mq\/#primaryimage\",\"url\":\"https:\/\/plasticosmq.com\/co\/wp-content\/uploads\/sites\/4\/2026\/02\/Sala-Comfort-Wengue-17-1.jpg\",\"contentUrl\":\"https:\/\/plasticosmq.com\/co\/wp-content\/uploads\/sites\/4\/2026\/02\/Sala-Comfort-Wengue-17-1.jpg\",\"width\":1000,\"height\":1000,\"caption\":\"sala exterior\"},{\"@type\":\"BreadcrumbList\",\"@id\":\"https:\/\/plasticosmq.com\/co\/producto\/sala-comfort-exterior-mq\/#breadcrumb\",\"itemListElement\":[{\"@type\":\"ListItem\",\"position\":1,\"name\":\"Inicio\",\"item\":\"https:\/\/plasticosmq.com\/co\/\"},{\"@type\":\"ListItem\",\"position\":2,\"name\":\"Tienda Pl\u00e1sticos MQ: compra online muebles para hogar\",\"item\":\"https:\/\/plasticosmq.com\/co\/shop\/\"},{\"@type\":\"ListItem\",\"position\":3,\"name\":\"Juego De Sala Comfort Para Exterior\"}]},{\"@type\":\"WebSite\",\"@id\":\"https:\/\/plasticosmq.com\/co\/#website\",\"url\":\"https:\/\/plasticosmq.com\/co\/\",\"name\":\"Plasticos MQ\",\"description\":\"\",\"potentialAction\":[{\"@type\":\"SearchAction\",\"target\":{\"@type\":\"EntryPoint\",\"urlTemplate\":\"https:\/\/plasticosmq.com\/co\/?s={search_term_string}\"},\"query-input\":{\"@type\":\"PropertyValueSpecification\",\"valueRequired\":true,\"valueName\":\"search_term_string\"}}],\"inLanguage\":\"es\"}]}<\/script>\n<!-- \/ Yoast SEO plugin. -->","yoast_head_json":{"title":"Juego De Sala Comfort Para Exterior - Plasticos MQ","description":"Juego de sala ferrara confort para exterior tipo rat\u00e1n es la opci\u00f3n perfecta para disfrutar del aire libre con estilo y comodidad.","robots":{"index":"index","follow":"follow","max-snippet":"max-snippet:-1","max-image-preview":"max-image-preview:large","max-video-preview":"max-video-preview:-1"},"canonical":"https:\/\/plasticosmq.com\/co\/producto\/sala-comfort-exterior-mq\/","og_locale":"es_ES","og_type":"article","og_title":"Juego De Sala Comfort Para Exterior - Plasticos MQ","og_description":"Juego de sala ferrara confort para exterior tipo rat\u00e1n es la opci\u00f3n perfecta para disfrutar del aire libre con estilo y comodidad.","og_url":"https:\/\/plasticosmq.com\/co\/producto\/sala-comfort-exterior-mq\/","og_site_name":"Plasticos MQ","article_modified_time":"2026-04-14T13:59:37+00:00","og_image":[{"width":1000,"height":1000,"url":"https:\/\/plasticosmq.com\/co\/wp-content\/uploads\/sites\/4\/2026\/02\/Sala-Comfort-Wengue-17-1.jpg","type":"image\/jpeg"}],"twitter_card":"summary_large_image","twitter_misc":{"Tiempo de lectura":"7 minutos"},"schema":{"@context":"https:\/\/schema.org","@graph":[{"@type":"WebPage","@id":"https:\/\/plasticosmq.com\/co\/producto\/sala-comfort-exterior-mq\/","url":"https:\/\/plasticosmq.com\/co\/producto\/sala-comfort-exterior-mq\/","name":"Juego De Sala Comfort Para Exterior - Plasticos MQ","isPartOf":{"@id":"https:\/\/plasticosmq.com\/co\/#website"},"primaryImageOfPage":{"@id":"https:\/\/plasticosmq.com\/co\/producto\/sala-comfort-exterior-mq\/#primaryimage"},"image":{"@id":"https:\/\/plasticosmq.com\/co\/producto\/sala-comfort-exterior-mq\/#primaryimage"},"thumbnailUrl":"https:\/\/plasticosmq.com\/co\/wp-content\/uploads\/sites\/4\/2026\/02\/Sala-Comfort-Wengue-17-1.jpg","datePublished":"2026-02-26T22:18:34+00:00","dateModified":"2026-04-14T13:59:37+00:00","description":"Juego de sala ferrara confort para exterior tipo rat\u00e1n es la opci\u00f3n perfecta para disfrutar del aire libre con estilo y comodidad.","breadcrumb":{"@id":"https:\/\/plasticosmq.com\/co\/producto\/sala-comfort-exterior-mq\/#breadcrumb"},"inLanguage":"es","potentialAction":[{"@type":"ReadAction","target":["https:\/\/plasticosmq.com\/co\/producto\/sala-comfort-exterior-mq\/"]}]},{"@type":"ImageObject","inLanguage":"es","@id":"https:\/\/plasticosmq.com\/co\/producto\/sala-comfort-exterior-mq\/#primaryimage","url":"https:\/\/plasticosmq.com\/co\/wp-content\/uploads\/sites\/4\/2026\/02\/Sala-Comfort-Wengue-17-1.jpg","contentUrl":"https:\/\/plasticosmq.com\/co\/wp-content\/uploads\/sites\/4\/2026\/02\/Sala-Comfort-Wengue-17-1.jpg","width":1000,"height":1000,"caption":"sala exterior"},{"@type":"BreadcrumbList","@id":"https:\/\/plasticosmq.com\/co\/producto\/sala-comfort-exterior-mq\/#breadcrumb","itemListElement":[{"@type":"ListItem","position":1,"name":"Inicio","item":"https:\/\/plasticosmq.com\/co\/"},{"@type":"ListItem","position":2,"name":"Tienda Pl\u00e1sticos MQ: compra online muebles para hogar","item":"https:\/\/plasticosmq.com\/co\/shop\/"},{"@type":"ListItem","position":3,"name":"Juego De Sala Comfort Para Exterior"}]},{"@type":"WebSite","@id":"https:\/\/plasticosmq.com\/co\/#website","url":"https:\/\/plasticosmq.com\/co\/","name":"Plasticos MQ","description":"","potentialAction":[{"@type":"SearchAction","target":{"@type":"EntryPoint","urlTemplate":"https:\/\/plasticosmq.com\/co\/?s={search_term_string}"},"query-input":{"@type":"PropertyValueSpecification","valueRequired":true,"valueName":"search_term_string"}}],"inLanguage":"es"}]}},"_links":{"self":[{"href":"https:\/\/plasticosmq.com\/co\/wp-json\/wp\/v2\/product\/3225","targetHints":{"allow":["GET"]}}],"collection":[{"href":"https:\/\/plasticosmq.com\/co\/wp-json\/wp\/v2\/product"}],"about":[{"href":"https:\/\/plasticosmq.com\/co\/wp-json\/wp\/v2\/types\/product"}],"version-history":[{"count":5,"href":"https:\/\/plasticosmq.com\/co\/wp-json\/wp\/v2\/product\/3225\/revisions"}],"predecessor-version":[{"id":3918,"href":"https:\/\/plasticosmq.com\/co\/wp-json\/wp\/v2\/product\/3225\/revisions\/3918"}],"wp:featuredmedia":[{"embeddable":true,"href":"https:\/\/plasticosmq.com\/co\/wp-json\/wp\/v2\/media\/3244"}],"wp:attachment":[{"href":"https:\/\/plasticosmq.com\/co\/wp-json\/wp\/v2\/media?parent=3225"}],"wp:term":[{"taxonomy":"product_brand","embeddable":true,"href":"https:\/\/plasticosmq.com\/co\/wp-json\/wp\/v2\/product_brand?post=3225"},{"taxonomy":"product_cat","embeddable":true,"href":"https:\/\/plasticosmq.com\/co\/wp-json\/wp\/v2\/product_cat?post=3225"},{"taxonomy":"product_tag","embeddable":true,"href":"https:\/\/plasticosmq.com\/co\/wp-json\/wp\/v2\/product_tag?post=3225"},{"taxonomy":"coleccion","embeddable":true,"href":"https:\/\/plasticosmq.com\/co\/wp-json\/wp\/v2\/coleccion?post=3225"}],"curies":[{"name":"wp","href":"https:\/\/api.w.org\/{rel}","templated":true}]}}