{"id":3280,"date":"2026-02-26T22:21:21","date_gmt":"2026-02-26T22:21:21","guid":{"rendered":"https:\/\/plasticosmq.com\/co\/?post_type=product&#038;p=3280"},"modified":"2026-04-14T13:59:31","modified_gmt":"2026-04-14T13:59:31","slug":"sala-elegance-para-exterior-mq","status":"publish","type":"product","link":"https:\/\/plasticosmq.com\/co\/producto\/sala-elegance-para-exterior-mq\/","title":{"rendered":"Juego De Sala Elegance Para Exterior e Interior"},"content":{"rendered":"<p>El juego de sala Ferrara Premium incluye 3 sof\u00e1s y una mesa de centro. Las sillas est\u00e1n fabricadas con polipropileno de alta densidad, con filtro lo que las hace resistentes a los rayos UV y a las condiciones clim\u00e1ticas adversas.<\/p>\n<p>Este juego de sala requiere ensamblado, pero su dise\u00f1o inteligente y las instrucciones detalladas facilitan el proceso. Una vez armado, podr\u00e1s disfrutar de un conjunto de muebles duradero y de f\u00e1cil mantenimiento.<\/p>\n<p>Sill\u00f3n: ancho: 73 cm fondo: 69 cm alto: 79 cm<br \/>\nSof\u00e1 tres puestos: ancho: 181 cm fondo: 69cm allto:79cm<br \/>\nMesa de centro: Alto 42 cm Ancho 57 cm Largo 77 cm<\/p>\n<p>Peso soportado de los asientos: 120 kg.<\/p>\n","protected":false},"excerpt":{"rendered":"<p>Este juego de sala es la elecci\u00f3n perfecta para disfrutar con estilo y comodidad. Con su dise\u00f1o moderno y elegante, este juego de sala de la marca MQ se convertir\u00e1 en el centro de atenci\u00f3n de tu patio o jard\u00edn o sala.<\/p>\n","protected":false},"featured_media":3298,"menu_order":0,"template":"","meta":{"footnotes":""},"product_brand":[],"product_cat":[94],"product_tag":[],"coleccion":[],"class_list":{"0":"post-3280","1":"product","2":"type-product","3":"status-publish","4":"has-post-thumbnail","6":"product_cat-salas","8":"first","9":"instock","10":"sale","11":"shipping-taxable","12":"purchasable","13":"product-type-variable","14":"has-default-attributes","15":"rtwpvg-product"},"yoast_head":"<!-- This site is optimized with the Yoast SEO plugin v26.8 - https:\/\/yoast.com\/product\/yoast-seo-wordpress\/ -->\n<title>Juego De Sala Elegance Para Exterior e Interior - Plasticos MQ<\/title>\n<meta name=\"robots\" content=\"index, follow, max-snippet:-1, max-image-preview:large, max-video-preview:-1\" \/>\n<link rel=\"canonical\" href=\"https:\/\/plasticosmq.com\/co\/producto\/sala-elegance-para-exterior-mq\/\" \/>\n<meta property=\"og:locale\" content=\"es_ES\" \/>\n<meta property=\"og:type\" content=\"article\" \/>\n<meta property=\"og:title\" content=\"Juego De Sala Elegance Para Exterior e Interior - Plasticos MQ\" \/>\n<meta property=\"og:description\" content=\"Este juego de sala es la elecci\u00f3n perfecta para disfrutar con estilo y comodidad. Con su dise\u00f1o moderno y elegante, este juego de sala de la marca MQ se convertir\u00e1 en el centro de atenci\u00f3n de tu patio o jard\u00edn o sala.\" \/>\n<meta property=\"og:url\" content=\"https:\/\/plasticosmq.com\/co\/producto\/sala-elegance-para-exterior-mq\/\" \/>\n<meta property=\"og:site_name\" content=\"Plasticos MQ\" \/>\n<meta property=\"article:modified_time\" content=\"2026-04-14T13:59:31+00:00\" \/>\n<meta property=\"og:image\" content=\"https:\/\/plasticosmq.com\/co\/wp-content\/uploads\/sites\/4\/2026\/02\/Sala-Elegance-Wengue-17.jpg\" \/>\n\t<meta property=\"og:image:width\" content=\"2000\" \/>\n\t<meta property=\"og:image:height\" content=\"2000\" \/>\n\t<meta property=\"og:image:type\" content=\"image\/jpeg\" \/>\n<meta name=\"twitter:card\" content=\"summary_large_image\" \/>\n<meta name=\"twitter:label1\" content=\"Tiempo de lectura\" \/>\n\t<meta name=\"twitter:data1\" content=\"16 minutos\" \/>\n<script type=\"application\/ld+json\" class=\"yoast-schema-graph\">{\"@context\":\"https:\/\/schema.org\",\"@graph\":[{\"@type\":\"WebPage\",\"@id\":\"https:\/\/plasticosmq.com\/co\/producto\/sala-elegance-para-exterior-mq\/\",\"url\":\"https:\/\/plasticosmq.com\/co\/producto\/sala-elegance-para-exterior-mq\/\",\"name\":\"Juego De Sala Elegance Para Exterior e Interior - Plasticos MQ\",\"isPartOf\":{\"@id\":\"https:\/\/plasticosmq.com\/co\/#website\"},\"primaryImageOfPage\":{\"@id\":\"https:\/\/plasticosmq.com\/co\/producto\/sala-elegance-para-exterior-mq\/#primaryimage\"},\"image\":{\"@id\":\"https:\/\/plasticosmq.com\/co\/producto\/sala-elegance-para-exterior-mq\/#primaryimage\"},\"thumbnailUrl\":\"https:\/\/plasticosmq.com\/co\/wp-content\/uploads\/sites\/4\/2026\/02\/Sala-Elegance-Wengue-17.jpg\",\"datePublished\":\"2026-02-26T22:21:21+00:00\",\"dateModified\":\"2026-04-14T13:59:31+00:00\",\"breadcrumb\":{\"@id\":\"https:\/\/plasticosmq.com\/co\/producto\/sala-elegance-para-exterior-mq\/#breadcrumb\"},\"inLanguage\":\"es\",\"potentialAction\":[{\"@type\":\"ReadAction\",\"target\":[\"https:\/\/plasticosmq.com\/co\/producto\/sala-elegance-para-exterior-mq\/\"]}]},{\"@type\":\"ImageObject\",\"inLanguage\":\"es\",\"@id\":\"https:\/\/plasticosmq.com\/co\/producto\/sala-elegance-para-exterior-mq\/#primaryimage\",\"url\":\"https:\/\/plasticosmq.com\/co\/wp-content\/uploads\/sites\/4\/2026\/02\/Sala-Elegance-Wengue-17.jpg\",\"contentUrl\":\"https:\/\/plasticosmq.com\/co\/wp-content\/uploads\/sites\/4\/2026\/02\/Sala-Elegance-Wengue-17.jpg\",\"width\":2000,\"height\":2000,\"caption\":\"SALA EXTERIOR SALA TERRAZA PATIO\"},{\"@type\":\"BreadcrumbList\",\"@id\":\"https:\/\/plasticosmq.com\/co\/producto\/sala-elegance-para-exterior-mq\/#breadcrumb\",\"itemListElement\":[{\"@type\":\"ListItem\",\"position\":1,\"name\":\"Inicio\",\"item\":\"https:\/\/plasticosmq.com\/co\/\"},{\"@type\":\"ListItem\",\"position\":2,\"name\":\"Tienda Pl\u00e1sticos MQ: compra online muebles para hogar\",\"item\":\"https:\/\/plasticosmq.com\/co\/shop\/\"},{\"@type\":\"ListItem\",\"position\":3,\"name\":\"Juego De Sala Elegance Para Exterior e Interior\"}]},{\"@type\":\"WebSite\",\"@id\":\"https:\/\/plasticosmq.com\/co\/#website\",\"url\":\"https:\/\/plasticosmq.com\/co\/\",\"name\":\"Plasticos MQ\",\"description\":\"\",\"potentialAction\":[{\"@type\":\"SearchAction\",\"target\":{\"@type\":\"EntryPoint\",\"urlTemplate\":\"https:\/\/plasticosmq.com\/co\/?s={search_term_string}\"},\"query-input\":{\"@type\":\"PropertyValueSpecification\",\"valueRequired\":true,\"valueName\":\"search_term_string\"}}],\"inLanguage\":\"es\"}]}<\/script>\n<!-- \/ Yoast SEO plugin. -->","yoast_head_json":{"title":"Juego De Sala Elegance Para Exterior e Interior - Plasticos MQ","robots":{"index":"index","follow":"follow","max-snippet":"max-snippet:-1","max-image-preview":"max-image-preview:large","max-video-preview":"max-video-preview:-1"},"canonical":"https:\/\/plasticosmq.com\/co\/producto\/sala-elegance-para-exterior-mq\/","og_locale":"es_ES","og_type":"article","og_title":"Juego De Sala Elegance Para Exterior e Interior - Plasticos MQ","og_description":"Este juego de sala es la elecci\u00f3n perfecta para disfrutar con estilo y comodidad. Con su dise\u00f1o moderno y elegante, este juego de sala de la marca MQ se convertir\u00e1 en el centro de atenci\u00f3n de tu patio o jard\u00edn o sala.","og_url":"https:\/\/plasticosmq.com\/co\/producto\/sala-elegance-para-exterior-mq\/","og_site_name":"Plasticos MQ","article_modified_time":"2026-04-14T13:59:31+00:00","og_image":[{"width":2000,"height":2000,"url":"https:\/\/plasticosmq.com\/co\/wp-content\/uploads\/sites\/4\/2026\/02\/Sala-Elegance-Wengue-17.jpg","type":"image\/jpeg"}],"twitter_card":"summary_large_image","twitter_misc":{"Tiempo de lectura":"16 minutos"},"schema":{"@context":"https:\/\/schema.org","@graph":[{"@type":"WebPage","@id":"https:\/\/plasticosmq.com\/co\/producto\/sala-elegance-para-exterior-mq\/","url":"https:\/\/plasticosmq.com\/co\/producto\/sala-elegance-para-exterior-mq\/","name":"Juego De Sala Elegance Para Exterior e Interior - Plasticos MQ","isPartOf":{"@id":"https:\/\/plasticosmq.com\/co\/#website"},"primaryImageOfPage":{"@id":"https:\/\/plasticosmq.com\/co\/producto\/sala-elegance-para-exterior-mq\/#primaryimage"},"image":{"@id":"https:\/\/plasticosmq.com\/co\/producto\/sala-elegance-para-exterior-mq\/#primaryimage"},"thumbnailUrl":"https:\/\/plasticosmq.com\/co\/wp-content\/uploads\/sites\/4\/2026\/02\/Sala-Elegance-Wengue-17.jpg","datePublished":"2026-02-26T22:21:21+00:00","dateModified":"2026-04-14T13:59:31+00:00","breadcrumb":{"@id":"https:\/\/plasticosmq.com\/co\/producto\/sala-elegance-para-exterior-mq\/#breadcrumb"},"inLanguage":"es","potentialAction":[{"@type":"ReadAction","target":["https:\/\/plasticosmq.com\/co\/producto\/sala-elegance-para-exterior-mq\/"]}]},{"@type":"ImageObject","inLanguage":"es","@id":"https:\/\/plasticosmq.com\/co\/producto\/sala-elegance-para-exterior-mq\/#primaryimage","url":"https:\/\/plasticosmq.com\/co\/wp-content\/uploads\/sites\/4\/2026\/02\/Sala-Elegance-Wengue-17.jpg","contentUrl":"https:\/\/plasticosmq.com\/co\/wp-content\/uploads\/sites\/4\/2026\/02\/Sala-Elegance-Wengue-17.jpg","width":2000,"height":2000,"caption":"SALA EXTERIOR SALA TERRAZA PATIO"},{"@type":"BreadcrumbList","@id":"https:\/\/plasticosmq.com\/co\/producto\/sala-elegance-para-exterior-mq\/#breadcrumb","itemListElement":[{"@type":"ListItem","position":1,"name":"Inicio","item":"https:\/\/plasticosmq.com\/co\/"},{"@type":"ListItem","position":2,"name":"Tienda Pl\u00e1sticos MQ: compra online muebles para hogar","item":"https:\/\/plasticosmq.com\/co\/shop\/"},{"@type":"ListItem","position":3,"name":"Juego De Sala Elegance Para Exterior e Interior"}]},{"@type":"WebSite","@id":"https:\/\/plasticosmq.com\/co\/#website","url":"https:\/\/plasticosmq.com\/co\/","name":"Plasticos MQ","description":"","potentialAction":[{"@type":"SearchAction","target":{"@type":"EntryPoint","urlTemplate":"https:\/\/plasticosmq.com\/co\/?s={search_term_string}"},"query-input":{"@type":"PropertyValueSpecification","valueRequired":true,"valueName":"search_term_string"}}],"inLanguage":"es"}]}},"_links":{"self":[{"href":"https:\/\/plasticosmq.com\/co\/wp-json\/wp\/v2\/product\/3280","targetHints":{"allow":["GET"]}}],"collection":[{"href":"https:\/\/plasticosmq.com\/co\/wp-json\/wp\/v2\/product"}],"about":[{"href":"https:\/\/plasticosmq.com\/co\/wp-json\/wp\/v2\/types\/product"}],"version-history":[{"count":13,"href":"https:\/\/plasticosmq.com\/co\/wp-json\/wp\/v2\/product\/3280\/revisions"}],"predecessor-version":[{"id":3917,"href":"https:\/\/plasticosmq.com\/co\/wp-json\/wp\/v2\/product\/3280\/revisions\/3917"}],"wp:featuredmedia":[{"embeddable":true,"href":"https:\/\/plasticosmq.com\/co\/wp-json\/wp\/v2\/media\/3298"}],"wp:attachment":[{"href":"https:\/\/plasticosmq.com\/co\/wp-json\/wp\/v2\/media?parent=3280"}],"wp:term":[{"taxonomy":"product_brand","embeddable":true,"href":"https:\/\/plasticosmq.com\/co\/wp-json\/wp\/v2\/product_brand?post=3280"},{"taxonomy":"product_cat","embeddable":true,"href":"https:\/\/plasticosmq.com\/co\/wp-json\/wp\/v2\/product_cat?post=3280"},{"taxonomy":"product_tag","embeddable":true,"href":"https:\/\/plasticosmq.com\/co\/wp-json\/wp\/v2\/product_tag?post=3280"},{"taxonomy":"coleccion","embeddable":true,"href":"https:\/\/plasticosmq.com\/co\/wp-json\/wp\/v2\/coleccion?post=3280"}],"curies":[{"name":"wp","href":"https:\/\/api.w.org\/{rel}","templated":true}]}}