{"id":3322,"date":"2026-02-27T17:17:59","date_gmt":"2026-02-27T17:17:59","guid":{"rendered":"https:\/\/plasticosmq.com\/co\/?post_type=product&#038;p=3322"},"modified":"2026-04-14T13:59:25","modified_gmt":"2026-04-14T13:59:25","slug":"juego-de-sala-estar-para-exterior-mq","status":"publish","type":"product","link":"https:\/\/plasticosmq.com\/co\/producto\/juego-de-sala-estar-para-exterior-mq\/","title":{"rendered":"Juego De Sala Estar Para Exterior"},"content":{"rendered":"<p>Transforma tu espacio exterior con el Juego de Sala Rattan Estar para Exterior MQ, un conjunto dise\u00f1ado para ofrecer comodidad y estilo en tu jard\u00edn o terraza. Con un dise\u00f1o moderno y funcional, este modelo Ferrara cuenta con sillones de polipropileno que garantizan durabilidad y resistencia a las inclemencias del tiempo.<\/p>\n<p>Cada sill\u00f3n tiene una profundidad de 69 cm y un ancho de 73 cm, proporcionando un espacio amplio para relajarte. Su altura total de 79 cm y los apoyabrazos integrados aseguran una experiencia de asiento ergon\u00f3mica y placentera. Adem\u00e1s, su estructura de pl\u00e1stico es ligera, lo que facilita su reubicaci\u00f3n seg\u00fan tus necesidades.<\/p>\n","protected":false},"excerpt":{"rendered":"<p>Transforma tu espacio exterior con el Juego de Sala Ratan Estar para Exterior MQ, un conjunto dise\u00f1ado para ofrecer comodidad y estilo en tu jard\u00edn o terraza.<\/p>\n","protected":false},"featured_media":3309,"menu_order":0,"template":"","meta":{"footnotes":""},"product_brand":[],"product_cat":[94],"product_tag":[],"coleccion":[],"class_list":{"0":"post-3322","1":"product","2":"type-product","3":"status-publish","4":"has-post-thumbnail","6":"product_cat-salas","8":"first","9":"instock","10":"sale","11":"shipping-taxable","12":"purchasable","13":"product-type-variable","14":"rtwpvg-product"},"yoast_head":"<!-- This site is optimized with the Yoast SEO plugin v26.8 - https:\/\/yoast.com\/product\/yoast-seo-wordpress\/ -->\n<title>Juego De Sala Estar Para Exterior - Plasticos MQ<\/title>\n<meta name=\"robots\" content=\"index, follow, max-snippet:-1, max-image-preview:large, max-video-preview:-1\" \/>\n<link rel=\"canonical\" href=\"https:\/\/plasticosmq.com\/co\/producto\/juego-de-sala-estar-para-exterior-mq\/\" \/>\n<meta property=\"og:locale\" content=\"es_ES\" \/>\n<meta property=\"og:type\" content=\"article\" \/>\n<meta property=\"og:title\" content=\"Juego De Sala Estar Para Exterior - Plasticos MQ\" \/>\n<meta property=\"og:description\" content=\"Transforma tu espacio exterior con el Juego de Sala Ratan Estar para Exterior MQ, un conjunto dise\u00f1ado para ofrecer comodidad y estilo en tu jard\u00edn o terraza.\" \/>\n<meta property=\"og:url\" content=\"https:\/\/plasticosmq.com\/co\/producto\/juego-de-sala-estar-para-exterior-mq\/\" \/>\n<meta property=\"og:site_name\" content=\"Plasticos MQ\" \/>\n<meta property=\"article:modified_time\" content=\"2026-04-14T13:59:25+00:00\" \/>\n<meta property=\"og:image\" content=\"https:\/\/plasticosmq.com\/co\/wp-content\/uploads\/sites\/4\/2026\/02\/Sala-Ferrara-Estar-Wengue-V2-15.jpg\" \/>\n\t<meta property=\"og:image:width\" content=\"2000\" \/>\n\t<meta property=\"og:image:height\" content=\"2000\" \/>\n\t<meta property=\"og:image:type\" content=\"image\/jpeg\" \/>\n<meta name=\"twitter:card\" content=\"summary_large_image\" \/>\n<meta name=\"twitter:label1\" content=\"Tiempo de lectura\" \/>\n\t<meta name=\"twitter:data1\" content=\"1 minuto\" \/>\n<script type=\"application\/ld+json\" class=\"yoast-schema-graph\">{\"@context\":\"https:\/\/schema.org\",\"@graph\":[{\"@type\":\"WebPage\",\"@id\":\"https:\/\/plasticosmq.com\/co\/producto\/juego-de-sala-estar-para-exterior-mq\/\",\"url\":\"https:\/\/plasticosmq.com\/co\/producto\/juego-de-sala-estar-para-exterior-mq\/\",\"name\":\"Juego De Sala Estar Para Exterior - Plasticos MQ\",\"isPartOf\":{\"@id\":\"https:\/\/plasticosmq.com\/co\/#website\"},\"primaryImageOfPage\":{\"@id\":\"https:\/\/plasticosmq.com\/co\/producto\/juego-de-sala-estar-para-exterior-mq\/#primaryimage\"},\"image\":{\"@id\":\"https:\/\/plasticosmq.com\/co\/producto\/juego-de-sala-estar-para-exterior-mq\/#primaryimage\"},\"thumbnailUrl\":\"https:\/\/plasticosmq.com\/co\/wp-content\/uploads\/sites\/4\/2026\/02\/Sala-Ferrara-Estar-Wengue-V2-15.jpg\",\"datePublished\":\"2026-02-27T17:17:59+00:00\",\"dateModified\":\"2026-04-14T13:59:25+00:00\",\"breadcrumb\":{\"@id\":\"https:\/\/plasticosmq.com\/co\/producto\/juego-de-sala-estar-para-exterior-mq\/#breadcrumb\"},\"inLanguage\":\"es\",\"potentialAction\":[{\"@type\":\"ReadAction\",\"target\":[\"https:\/\/plasticosmq.com\/co\/producto\/juego-de-sala-estar-para-exterior-mq\/\"]}]},{\"@type\":\"ImageObject\",\"inLanguage\":\"es\",\"@id\":\"https:\/\/plasticosmq.com\/co\/producto\/juego-de-sala-estar-para-exterior-mq\/#primaryimage\",\"url\":\"https:\/\/plasticosmq.com\/co\/wp-content\/uploads\/sites\/4\/2026\/02\/Sala-Ferrara-Estar-Wengue-V2-15.jpg\",\"contentUrl\":\"https:\/\/plasticosmq.com\/co\/wp-content\/uploads\/sites\/4\/2026\/02\/Sala-Ferrara-Estar-Wengue-V2-15.jpg\",\"width\":2000,\"height\":2000},{\"@type\":\"BreadcrumbList\",\"@id\":\"https:\/\/plasticosmq.com\/co\/producto\/juego-de-sala-estar-para-exterior-mq\/#breadcrumb\",\"itemListElement\":[{\"@type\":\"ListItem\",\"position\":1,\"name\":\"Inicio\",\"item\":\"https:\/\/plasticosmq.com\/co\/\"},{\"@type\":\"ListItem\",\"position\":2,\"name\":\"Tienda Pl\u00e1sticos MQ: compra online muebles para hogar\",\"item\":\"https:\/\/plasticosmq.com\/co\/shop\/\"},{\"@type\":\"ListItem\",\"position\":3,\"name\":\"Juego De Sala Estar Para Exterior\"}]},{\"@type\":\"WebSite\",\"@id\":\"https:\/\/plasticosmq.com\/co\/#website\",\"url\":\"https:\/\/plasticosmq.com\/co\/\",\"name\":\"Plasticos MQ\",\"description\":\"\",\"potentialAction\":[{\"@type\":\"SearchAction\",\"target\":{\"@type\":\"EntryPoint\",\"urlTemplate\":\"https:\/\/plasticosmq.com\/co\/?s={search_term_string}\"},\"query-input\":{\"@type\":\"PropertyValueSpecification\",\"valueRequired\":true,\"valueName\":\"search_term_string\"}}],\"inLanguage\":\"es\"}]}<\/script>\n<!-- \/ Yoast SEO plugin. -->","yoast_head_json":{"title":"Juego De Sala Estar Para Exterior - Plasticos MQ","robots":{"index":"index","follow":"follow","max-snippet":"max-snippet:-1","max-image-preview":"max-image-preview:large","max-video-preview":"max-video-preview:-1"},"canonical":"https:\/\/plasticosmq.com\/co\/producto\/juego-de-sala-estar-para-exterior-mq\/","og_locale":"es_ES","og_type":"article","og_title":"Juego De Sala Estar Para Exterior - Plasticos MQ","og_description":"Transforma tu espacio exterior con el Juego de Sala Ratan Estar para Exterior MQ, un conjunto dise\u00f1ado para ofrecer comodidad y estilo en tu jard\u00edn o terraza.","og_url":"https:\/\/plasticosmq.com\/co\/producto\/juego-de-sala-estar-para-exterior-mq\/","og_site_name":"Plasticos MQ","article_modified_time":"2026-04-14T13:59:25+00:00","og_image":[{"width":2000,"height":2000,"url":"https:\/\/plasticosmq.com\/co\/wp-content\/uploads\/sites\/4\/2026\/02\/Sala-Ferrara-Estar-Wengue-V2-15.jpg","type":"image\/jpeg"}],"twitter_card":"summary_large_image","twitter_misc":{"Tiempo de lectura":"1 minuto"},"schema":{"@context":"https:\/\/schema.org","@graph":[{"@type":"WebPage","@id":"https:\/\/plasticosmq.com\/co\/producto\/juego-de-sala-estar-para-exterior-mq\/","url":"https:\/\/plasticosmq.com\/co\/producto\/juego-de-sala-estar-para-exterior-mq\/","name":"Juego De Sala Estar Para Exterior - Plasticos MQ","isPartOf":{"@id":"https:\/\/plasticosmq.com\/co\/#website"},"primaryImageOfPage":{"@id":"https:\/\/plasticosmq.com\/co\/producto\/juego-de-sala-estar-para-exterior-mq\/#primaryimage"},"image":{"@id":"https:\/\/plasticosmq.com\/co\/producto\/juego-de-sala-estar-para-exterior-mq\/#primaryimage"},"thumbnailUrl":"https:\/\/plasticosmq.com\/co\/wp-content\/uploads\/sites\/4\/2026\/02\/Sala-Ferrara-Estar-Wengue-V2-15.jpg","datePublished":"2026-02-27T17:17:59+00:00","dateModified":"2026-04-14T13:59:25+00:00","breadcrumb":{"@id":"https:\/\/plasticosmq.com\/co\/producto\/juego-de-sala-estar-para-exterior-mq\/#breadcrumb"},"inLanguage":"es","potentialAction":[{"@type":"ReadAction","target":["https:\/\/plasticosmq.com\/co\/producto\/juego-de-sala-estar-para-exterior-mq\/"]}]},{"@type":"ImageObject","inLanguage":"es","@id":"https:\/\/plasticosmq.com\/co\/producto\/juego-de-sala-estar-para-exterior-mq\/#primaryimage","url":"https:\/\/plasticosmq.com\/co\/wp-content\/uploads\/sites\/4\/2026\/02\/Sala-Ferrara-Estar-Wengue-V2-15.jpg","contentUrl":"https:\/\/plasticosmq.com\/co\/wp-content\/uploads\/sites\/4\/2026\/02\/Sala-Ferrara-Estar-Wengue-V2-15.jpg","width":2000,"height":2000},{"@type":"BreadcrumbList","@id":"https:\/\/plasticosmq.com\/co\/producto\/juego-de-sala-estar-para-exterior-mq\/#breadcrumb","itemListElement":[{"@type":"ListItem","position":1,"name":"Inicio","item":"https:\/\/plasticosmq.com\/co\/"},{"@type":"ListItem","position":2,"name":"Tienda Pl\u00e1sticos MQ: compra online muebles para hogar","item":"https:\/\/plasticosmq.com\/co\/shop\/"},{"@type":"ListItem","position":3,"name":"Juego De Sala Estar Para Exterior"}]},{"@type":"WebSite","@id":"https:\/\/plasticosmq.com\/co\/#website","url":"https:\/\/plasticosmq.com\/co\/","name":"Plasticos MQ","description":"","potentialAction":[{"@type":"SearchAction","target":{"@type":"EntryPoint","urlTemplate":"https:\/\/plasticosmq.com\/co\/?s={search_term_string}"},"query-input":{"@type":"PropertyValueSpecification","valueRequired":true,"valueName":"search_term_string"}}],"inLanguage":"es"}]}},"_links":{"self":[{"href":"https:\/\/plasticosmq.com\/co\/wp-json\/wp\/v2\/product\/3322","targetHints":{"allow":["GET"]}}],"collection":[{"href":"https:\/\/plasticosmq.com\/co\/wp-json\/wp\/v2\/product"}],"about":[{"href":"https:\/\/plasticosmq.com\/co\/wp-json\/wp\/v2\/types\/product"}],"version-history":[{"count":3,"href":"https:\/\/plasticosmq.com\/co\/wp-json\/wp\/v2\/product\/3322\/revisions"}],"predecessor-version":[{"id":3522,"href":"https:\/\/plasticosmq.com\/co\/wp-json\/wp\/v2\/product\/3322\/revisions\/3522"}],"wp:featuredmedia":[{"embeddable":true,"href":"https:\/\/plasticosmq.com\/co\/wp-json\/wp\/v2\/media\/3309"}],"wp:attachment":[{"href":"https:\/\/plasticosmq.com\/co\/wp-json\/wp\/v2\/media?parent=3322"}],"wp:term":[{"taxonomy":"product_brand","embeddable":true,"href":"https:\/\/plasticosmq.com\/co\/wp-json\/wp\/v2\/product_brand?post=3322"},{"taxonomy":"product_cat","embeddable":true,"href":"https:\/\/plasticosmq.com\/co\/wp-json\/wp\/v2\/product_cat?post=3322"},{"taxonomy":"product_tag","embeddable":true,"href":"https:\/\/plasticosmq.com\/co\/wp-json\/wp\/v2\/product_tag?post=3322"},{"taxonomy":"coleccion","embeddable":true,"href":"https:\/\/plasticosmq.com\/co\/wp-json\/wp\/v2\/coleccion?post=3322"}],"curies":[{"name":"wp","href":"https:\/\/api.w.org\/{rel}","templated":true}]}}