{"id":3337,"date":"2026-02-27T17:44:27","date_gmt":"2026-02-27T17:44:27","guid":{"rendered":"https:\/\/plasticosmq.com\/co\/?post_type=product&#038;p=3337"},"modified":"2026-04-14T13:59:16","modified_gmt":"2026-04-14T13:59:16","slug":"juego-de-sala-premium-para-exterior-tipo-ratan-mq","status":"publish","type":"product","link":"https:\/\/plasticosmq.com\/co\/producto\/juego-de-sala-premium-para-exterior-tipo-ratan-mq\/","title":{"rendered":"Juego De Sala Premium Para Exterior Tipo Ratan"},"content":{"rendered":"<p>Estructura robusta y elegante, este juego est\u00e1 fabricado en resina de polipropileno de alta densidad, ofreciendo una durabilidad excepcional.<\/p>\n<p>El conjunto incluye un sof\u00e1s y sill\u00f3n que se adaptan a tus necesidades, asegurando un asiento acogedor para ti y tus invitados. La mesa con centro complementa perfectamente el ambiente, ideal para servir bebidas o snacks mientras disfrutas del aire libre. Gracias a su manual de ensamblado, tendr\u00e1s el conjunto listo para usar en poco tiempo.<\/p>\n<p>MEDIDAS<\/p>\n<p>Sill\u00f3n: Alto 79 cm Ancho 73 cm Largo 69 cm<br \/>\nSof\u00e1 2 puestos: Alto 79 cm Ancho 127 cm Largo 69 cm<br \/>\nSof\u00e1 3 puestos: Alto 79 cm Ancho 181 cm Largo 69 cm<br \/>\nMesa de centro: Alto 42 cm Ancho 57 cm Largo 77 cm<\/p>\n","protected":false},"excerpt":{"rendered":"<p>Este conjunto est\u00e1 dise\u00f1ado para brindarte comodidad y estilo, permiti\u00e9ndote disfrutar de tus momentos de relajaci\u00f3n en el jard\u00edn, patio o terraza.<\/p>\n","protected":false},"featured_media":3356,"menu_order":0,"template":"","meta":{"footnotes":""},"product_brand":[],"product_cat":[94],"product_tag":[],"coleccion":[],"class_list":{"0":"post-3337","1":"product","2":"type-product","3":"status-publish","4":"has-post-thumbnail","6":"product_cat-salas","8":"first","9":"instock","10":"sale","11":"shipping-taxable","12":"purchasable","13":"product-type-variable","14":"rtwpvg-product"},"yoast_head":"<!-- This site is optimized with the Yoast SEO plugin v26.8 - https:\/\/yoast.com\/product\/yoast-seo-wordpress\/ -->\n<title>Juego De Sala Premium Para Exterior Tipo Ratan - Plasticos MQ<\/title>\n<meta name=\"robots\" content=\"index, follow, max-snippet:-1, max-image-preview:large, max-video-preview:-1\" \/>\n<link rel=\"canonical\" href=\"https:\/\/plasticosmq.com\/co\/producto\/juego-de-sala-premium-para-exterior-tipo-ratan-mq\/\" \/>\n<meta property=\"og:locale\" content=\"es_ES\" \/>\n<meta property=\"og:type\" content=\"article\" \/>\n<meta property=\"og:title\" content=\"Juego De Sala Premium Para Exterior Tipo Ratan - Plasticos MQ\" \/>\n<meta property=\"og:description\" content=\"Este conjunto est\u00e1 dise\u00f1ado para brindarte comodidad y estilo, permiti\u00e9ndote disfrutar de tus momentos de relajaci\u00f3n en el jard\u00edn, patio o terraza.\" \/>\n<meta property=\"og:url\" content=\"https:\/\/plasticosmq.com\/co\/producto\/juego-de-sala-premium-para-exterior-tipo-ratan-mq\/\" \/>\n<meta property=\"og:site_name\" content=\"Plasticos MQ\" \/>\n<meta property=\"article:modified_time\" content=\"2026-04-14T13:59:16+00:00\" \/>\n<meta property=\"og:image\" content=\"https:\/\/plasticosmq.com\/co\/wp-content\/uploads\/sites\/4\/2026\/02\/Sala-Premium-Wengue-19.jpg\" \/>\n\t<meta property=\"og:image:width\" content=\"2000\" \/>\n\t<meta property=\"og:image:height\" content=\"2000\" \/>\n\t<meta property=\"og:image:type\" content=\"image\/jpeg\" \/>\n<meta name=\"twitter:card\" content=\"summary_large_image\" \/>\n<meta name=\"twitter:label1\" content=\"Tiempo de lectura\" \/>\n\t<meta name=\"twitter:data1\" content=\"1 minuto\" \/>\n<script type=\"application\/ld+json\" class=\"yoast-schema-graph\">{\"@context\":\"https:\/\/schema.org\",\"@graph\":[{\"@type\":\"WebPage\",\"@id\":\"https:\/\/plasticosmq.com\/co\/producto\/juego-de-sala-premium-para-exterior-tipo-ratan-mq\/\",\"url\":\"https:\/\/plasticosmq.com\/co\/producto\/juego-de-sala-premium-para-exterior-tipo-ratan-mq\/\",\"name\":\"Juego De Sala Premium Para Exterior Tipo Ratan - Plasticos MQ\",\"isPartOf\":{\"@id\":\"https:\/\/plasticosmq.com\/co\/#website\"},\"primaryImageOfPage\":{\"@id\":\"https:\/\/plasticosmq.com\/co\/producto\/juego-de-sala-premium-para-exterior-tipo-ratan-mq\/#primaryimage\"},\"image\":{\"@id\":\"https:\/\/plasticosmq.com\/co\/producto\/juego-de-sala-premium-para-exterior-tipo-ratan-mq\/#primaryimage\"},\"thumbnailUrl\":\"https:\/\/plasticosmq.com\/co\/wp-content\/uploads\/sites\/4\/2026\/02\/Sala-Premium-Wengue-19.jpg\",\"datePublished\":\"2026-02-27T17:44:27+00:00\",\"dateModified\":\"2026-04-14T13:59:16+00:00\",\"breadcrumb\":{\"@id\":\"https:\/\/plasticosmq.com\/co\/producto\/juego-de-sala-premium-para-exterior-tipo-ratan-mq\/#breadcrumb\"},\"inLanguage\":\"es\",\"potentialAction\":[{\"@type\":\"ReadAction\",\"target\":[\"https:\/\/plasticosmq.com\/co\/producto\/juego-de-sala-premium-para-exterior-tipo-ratan-mq\/\"]}]},{\"@type\":\"ImageObject\",\"inLanguage\":\"es\",\"@id\":\"https:\/\/plasticosmq.com\/co\/producto\/juego-de-sala-premium-para-exterior-tipo-ratan-mq\/#primaryimage\",\"url\":\"https:\/\/plasticosmq.com\/co\/wp-content\/uploads\/sites\/4\/2026\/02\/Sala-Premium-Wengue-19.jpg\",\"contentUrl\":\"https:\/\/plasticosmq.com\/co\/wp-content\/uploads\/sites\/4\/2026\/02\/Sala-Premium-Wengue-19.jpg\",\"width\":2000,\"height\":2000},{\"@type\":\"BreadcrumbList\",\"@id\":\"https:\/\/plasticosmq.com\/co\/producto\/juego-de-sala-premium-para-exterior-tipo-ratan-mq\/#breadcrumb\",\"itemListElement\":[{\"@type\":\"ListItem\",\"position\":1,\"name\":\"Inicio\",\"item\":\"https:\/\/plasticosmq.com\/co\/\"},{\"@type\":\"ListItem\",\"position\":2,\"name\":\"Tienda Pl\u00e1sticos MQ: compra online muebles para hogar\",\"item\":\"https:\/\/plasticosmq.com\/co\/shop\/\"},{\"@type\":\"ListItem\",\"position\":3,\"name\":\"Juego De Sala Premium Para Exterior Tipo Ratan\"}]},{\"@type\":\"WebSite\",\"@id\":\"https:\/\/plasticosmq.com\/co\/#website\",\"url\":\"https:\/\/plasticosmq.com\/co\/\",\"name\":\"Plasticos MQ\",\"description\":\"\",\"potentialAction\":[{\"@type\":\"SearchAction\",\"target\":{\"@type\":\"EntryPoint\",\"urlTemplate\":\"https:\/\/plasticosmq.com\/co\/?s={search_term_string}\"},\"query-input\":{\"@type\":\"PropertyValueSpecification\",\"valueRequired\":true,\"valueName\":\"search_term_string\"}}],\"inLanguage\":\"es\"}]}<\/script>\n<!-- \/ Yoast SEO plugin. -->","yoast_head_json":{"title":"Juego De Sala Premium Para Exterior Tipo Ratan - Plasticos MQ","robots":{"index":"index","follow":"follow","max-snippet":"max-snippet:-1","max-image-preview":"max-image-preview:large","max-video-preview":"max-video-preview:-1"},"canonical":"https:\/\/plasticosmq.com\/co\/producto\/juego-de-sala-premium-para-exterior-tipo-ratan-mq\/","og_locale":"es_ES","og_type":"article","og_title":"Juego De Sala Premium Para Exterior Tipo Ratan - Plasticos MQ","og_description":"Este conjunto est\u00e1 dise\u00f1ado para brindarte comodidad y estilo, permiti\u00e9ndote disfrutar de tus momentos de relajaci\u00f3n en el jard\u00edn, patio o terraza.","og_url":"https:\/\/plasticosmq.com\/co\/producto\/juego-de-sala-premium-para-exterior-tipo-ratan-mq\/","og_site_name":"Plasticos MQ","article_modified_time":"2026-04-14T13:59:16+00:00","og_image":[{"width":2000,"height":2000,"url":"https:\/\/plasticosmq.com\/co\/wp-content\/uploads\/sites\/4\/2026\/02\/Sala-Premium-Wengue-19.jpg","type":"image\/jpeg"}],"twitter_card":"summary_large_image","twitter_misc":{"Tiempo de lectura":"1 minuto"},"schema":{"@context":"https:\/\/schema.org","@graph":[{"@type":"WebPage","@id":"https:\/\/plasticosmq.com\/co\/producto\/juego-de-sala-premium-para-exterior-tipo-ratan-mq\/","url":"https:\/\/plasticosmq.com\/co\/producto\/juego-de-sala-premium-para-exterior-tipo-ratan-mq\/","name":"Juego De Sala Premium Para Exterior Tipo Ratan - Plasticos MQ","isPartOf":{"@id":"https:\/\/plasticosmq.com\/co\/#website"},"primaryImageOfPage":{"@id":"https:\/\/plasticosmq.com\/co\/producto\/juego-de-sala-premium-para-exterior-tipo-ratan-mq\/#primaryimage"},"image":{"@id":"https:\/\/plasticosmq.com\/co\/producto\/juego-de-sala-premium-para-exterior-tipo-ratan-mq\/#primaryimage"},"thumbnailUrl":"https:\/\/plasticosmq.com\/co\/wp-content\/uploads\/sites\/4\/2026\/02\/Sala-Premium-Wengue-19.jpg","datePublished":"2026-02-27T17:44:27+00:00","dateModified":"2026-04-14T13:59:16+00:00","breadcrumb":{"@id":"https:\/\/plasticosmq.com\/co\/producto\/juego-de-sala-premium-para-exterior-tipo-ratan-mq\/#breadcrumb"},"inLanguage":"es","potentialAction":[{"@type":"ReadAction","target":["https:\/\/plasticosmq.com\/co\/producto\/juego-de-sala-premium-para-exterior-tipo-ratan-mq\/"]}]},{"@type":"ImageObject","inLanguage":"es","@id":"https:\/\/plasticosmq.com\/co\/producto\/juego-de-sala-premium-para-exterior-tipo-ratan-mq\/#primaryimage","url":"https:\/\/plasticosmq.com\/co\/wp-content\/uploads\/sites\/4\/2026\/02\/Sala-Premium-Wengue-19.jpg","contentUrl":"https:\/\/plasticosmq.com\/co\/wp-content\/uploads\/sites\/4\/2026\/02\/Sala-Premium-Wengue-19.jpg","width":2000,"height":2000},{"@type":"BreadcrumbList","@id":"https:\/\/plasticosmq.com\/co\/producto\/juego-de-sala-premium-para-exterior-tipo-ratan-mq\/#breadcrumb","itemListElement":[{"@type":"ListItem","position":1,"name":"Inicio","item":"https:\/\/plasticosmq.com\/co\/"},{"@type":"ListItem","position":2,"name":"Tienda Pl\u00e1sticos MQ: compra online muebles para hogar","item":"https:\/\/plasticosmq.com\/co\/shop\/"},{"@type":"ListItem","position":3,"name":"Juego De Sala Premium Para Exterior Tipo Ratan"}]},{"@type":"WebSite","@id":"https:\/\/plasticosmq.com\/co\/#website","url":"https:\/\/plasticosmq.com\/co\/","name":"Plasticos MQ","description":"","potentialAction":[{"@type":"SearchAction","target":{"@type":"EntryPoint","urlTemplate":"https:\/\/plasticosmq.com\/co\/?s={search_term_string}"},"query-input":{"@type":"PropertyValueSpecification","valueRequired":true,"valueName":"search_term_string"}}],"inLanguage":"es"}]}},"_links":{"self":[{"href":"https:\/\/plasticosmq.com\/co\/wp-json\/wp\/v2\/product\/3337","targetHints":{"allow":["GET"]}}],"collection":[{"href":"https:\/\/plasticosmq.com\/co\/wp-json\/wp\/v2\/product"}],"about":[{"href":"https:\/\/plasticosmq.com\/co\/wp-json\/wp\/v2\/types\/product"}],"version-history":[{"count":3,"href":"https:\/\/plasticosmq.com\/co\/wp-json\/wp\/v2\/product\/3337\/revisions"}],"predecessor-version":[{"id":3915,"href":"https:\/\/plasticosmq.com\/co\/wp-json\/wp\/v2\/product\/3337\/revisions\/3915"}],"wp:featuredmedia":[{"embeddable":true,"href":"https:\/\/plasticosmq.com\/co\/wp-json\/wp\/v2\/media\/3356"}],"wp:attachment":[{"href":"https:\/\/plasticosmq.com\/co\/wp-json\/wp\/v2\/media?parent=3337"}],"wp:term":[{"taxonomy":"product_brand","embeddable":true,"href":"https:\/\/plasticosmq.com\/co\/wp-json\/wp\/v2\/product_brand?post=3337"},{"taxonomy":"product_cat","embeddable":true,"href":"https:\/\/plasticosmq.com\/co\/wp-json\/wp\/v2\/product_cat?post=3337"},{"taxonomy":"product_tag","embeddable":true,"href":"https:\/\/plasticosmq.com\/co\/wp-json\/wp\/v2\/product_tag?post=3337"},{"taxonomy":"coleccion","embeddable":true,"href":"https:\/\/plasticosmq.com\/co\/wp-json\/wp\/v2\/coleccion?post=3337"}],"curies":[{"name":"wp","href":"https:\/\/api.w.org\/{rel}","templated":true}]}}