{"id":3369,"date":"2026-03-02T14:38:50","date_gmt":"2026-03-02T14:38:50","guid":{"rendered":"https:\/\/plasticosmq.com\/co\/?post_type=product&#038;p=3369"},"modified":"2026-04-14T13:59:11","modified_gmt":"2026-04-14T13:59:11","slug":"juego-de-sala-exterior-capri-comfort-mq","status":"publish","type":"product","link":"https:\/\/plasticosmq.com\/co\/producto\/juego-de-sala-exterior-capri-comfort-mq\/","title":{"rendered":"Juego De Sala Exterior Capri Comfort"},"content":{"rendered":"<p>Este juego de sala exterior para jard\u00edn tipo rattan es ideal para disfrutar del aire libre con estilo y comodidad. Con un dise\u00f1o cl\u00e1sico y elegante, este set de 4 puestos es perfecto para reuniones al aire libre o simplemente relajarse en la sala. en el jard\u00edn o terraza<\/p>\n<p>El modelo Capri cuenta con asientos fabricados en polipropileno de alta densidad lo que lo hace resistente y f\u00e1cil de limpiar<\/p>\n<p>Con apoyabrazos para mayor comodidad, este juego de sala exterior para jard\u00edn es perfecto para disfrutar de momentos de relax al aire libre. A\u00f1ade un toque de estilo y confort a tu jard\u00edn con este juego de sala tipo ratan de la marca MQ.<\/p>\n<p>Sof\u00e1 dos puestos: ancho: 105 cm fondo: 57cm alto: 88cm<br \/>\nSillones. ancho: 60 cm fondo: 57cm alto: 88cm<br \/>\nPeso soportado por asiento: 110 KG.<\/p>\n","protected":false},"excerpt":{"rendered":"<p>Este juego de sala exterior para jard\u00edn tipo rattan es ideal para disfrutar del aire libre con estilo y comodidad. Con un dise\u00f1o cl\u00e1sico y elegante, este set de 4 puestos es perfecto para reuniones al aire libre o simplemente relajarse en la sala. en el jard\u00edn o terraza El modelo Capri cuenta con asientos [&hellip;]<\/p>\n","protected":false},"featured_media":3382,"menu_order":0,"template":"","meta":{"footnotes":""},"product_brand":[],"product_cat":[94],"product_tag":[],"coleccion":[],"class_list":{"0":"post-3369","1":"product","2":"type-product","3":"status-publish","4":"has-post-thumbnail","6":"product_cat-salas","8":"first","9":"instock","10":"sale","11":"shipping-taxable","12":"purchasable","13":"product-type-variable","14":"rtwpvg-product"},"yoast_head":"<!-- This site is optimized with the Yoast SEO plugin v26.8 - https:\/\/yoast.com\/product\/yoast-seo-wordpress\/ -->\n<title>Juego De Sala Exterior Capri Comfort - Plasticos MQ<\/title>\n<meta name=\"robots\" content=\"index, follow, max-snippet:-1, max-image-preview:large, max-video-preview:-1\" \/>\n<link rel=\"canonical\" href=\"https:\/\/plasticosmq.com\/co\/producto\/juego-de-sala-exterior-capri-comfort-mq\/\" \/>\n<meta property=\"og:locale\" content=\"es_ES\" \/>\n<meta property=\"og:type\" content=\"article\" \/>\n<meta property=\"og:title\" content=\"Juego De Sala Exterior Capri Comfort - Plasticos MQ\" \/>\n<meta property=\"og:description\" content=\"Este juego de sala exterior para jard\u00edn tipo rattan es ideal para disfrutar del aire libre con estilo y comodidad. Con un dise\u00f1o cl\u00e1sico y elegante, este set de 4 puestos es perfecto para reuniones al aire libre o simplemente relajarse en la sala. en el jard\u00edn o terraza El modelo Capri cuenta con asientos [&hellip;]\" \/>\n<meta property=\"og:url\" content=\"https:\/\/plasticosmq.com\/co\/producto\/juego-de-sala-exterior-capri-comfort-mq\/\" \/>\n<meta property=\"og:site_name\" content=\"Plasticos MQ\" \/>\n<meta property=\"article:modified_time\" content=\"2026-04-14T13:59:11+00:00\" \/>\n<meta property=\"og:image\" content=\"https:\/\/plasticosmq.com\/co\/wp-content\/uploads\/sites\/4\/2026\/02\/1-1.jpg\" \/>\n\t<meta property=\"og:image:width\" content=\"1200\" \/>\n\t<meta property=\"og:image:height\" content=\"1200\" \/>\n\t<meta property=\"og:image:type\" content=\"image\/jpeg\" \/>\n<meta name=\"twitter:card\" content=\"summary_large_image\" \/>\n<meta name=\"twitter:label1\" content=\"Tiempo de lectura\" \/>\n\t<meta name=\"twitter:data1\" content=\"8 minutos\" \/>\n<script type=\"application\/ld+json\" class=\"yoast-schema-graph\">{\"@context\":\"https:\/\/schema.org\",\"@graph\":[{\"@type\":\"WebPage\",\"@id\":\"https:\/\/plasticosmq.com\/co\/producto\/juego-de-sala-exterior-capri-comfort-mq\/\",\"url\":\"https:\/\/plasticosmq.com\/co\/producto\/juego-de-sala-exterior-capri-comfort-mq\/\",\"name\":\"Juego De Sala Exterior Capri Comfort - Plasticos MQ\",\"isPartOf\":{\"@id\":\"https:\/\/plasticosmq.com\/co\/#website\"},\"primaryImageOfPage\":{\"@id\":\"https:\/\/plasticosmq.com\/co\/producto\/juego-de-sala-exterior-capri-comfort-mq\/#primaryimage\"},\"image\":{\"@id\":\"https:\/\/plasticosmq.com\/co\/producto\/juego-de-sala-exterior-capri-comfort-mq\/#primaryimage\"},\"thumbnailUrl\":\"https:\/\/plasticosmq.com\/co\/wp-content\/uploads\/sites\/4\/2026\/02\/1-1.jpg\",\"datePublished\":\"2026-03-02T14:38:50+00:00\",\"dateModified\":\"2026-04-14T13:59:11+00:00\",\"breadcrumb\":{\"@id\":\"https:\/\/plasticosmq.com\/co\/producto\/juego-de-sala-exterior-capri-comfort-mq\/#breadcrumb\"},\"inLanguage\":\"es\",\"potentialAction\":[{\"@type\":\"ReadAction\",\"target\":[\"https:\/\/plasticosmq.com\/co\/producto\/juego-de-sala-exterior-capri-comfort-mq\/\"]}]},{\"@type\":\"ImageObject\",\"inLanguage\":\"es\",\"@id\":\"https:\/\/plasticosmq.com\/co\/producto\/juego-de-sala-exterior-capri-comfort-mq\/#primaryimage\",\"url\":\"https:\/\/plasticosmq.com\/co\/wp-content\/uploads\/sites\/4\/2026\/02\/1-1.jpg\",\"contentUrl\":\"https:\/\/plasticosmq.com\/co\/wp-content\/uploads\/sites\/4\/2026\/02\/1-1.jpg\",\"width\":1200,\"height\":1200},{\"@type\":\"BreadcrumbList\",\"@id\":\"https:\/\/plasticosmq.com\/co\/producto\/juego-de-sala-exterior-capri-comfort-mq\/#breadcrumb\",\"itemListElement\":[{\"@type\":\"ListItem\",\"position\":1,\"name\":\"Inicio\",\"item\":\"https:\/\/plasticosmq.com\/co\/\"},{\"@type\":\"ListItem\",\"position\":2,\"name\":\"Tienda Pl\u00e1sticos MQ: compra online muebles para hogar\",\"item\":\"https:\/\/plasticosmq.com\/co\/shop\/\"},{\"@type\":\"ListItem\",\"position\":3,\"name\":\"Juego De Sala Exterior Capri Comfort\"}]},{\"@type\":\"WebSite\",\"@id\":\"https:\/\/plasticosmq.com\/co\/#website\",\"url\":\"https:\/\/plasticosmq.com\/co\/\",\"name\":\"Plasticos MQ\",\"description\":\"\",\"potentialAction\":[{\"@type\":\"SearchAction\",\"target\":{\"@type\":\"EntryPoint\",\"urlTemplate\":\"https:\/\/plasticosmq.com\/co\/?s={search_term_string}\"},\"query-input\":{\"@type\":\"PropertyValueSpecification\",\"valueRequired\":true,\"valueName\":\"search_term_string\"}}],\"inLanguage\":\"es\"}]}<\/script>\n<!-- \/ Yoast SEO plugin. -->","yoast_head_json":{"title":"Juego De Sala Exterior Capri Comfort - Plasticos MQ","robots":{"index":"index","follow":"follow","max-snippet":"max-snippet:-1","max-image-preview":"max-image-preview:large","max-video-preview":"max-video-preview:-1"},"canonical":"https:\/\/plasticosmq.com\/co\/producto\/juego-de-sala-exterior-capri-comfort-mq\/","og_locale":"es_ES","og_type":"article","og_title":"Juego De Sala Exterior Capri Comfort - Plasticos MQ","og_description":"Este juego de sala exterior para jard\u00edn tipo rattan es ideal para disfrutar del aire libre con estilo y comodidad. Con un dise\u00f1o cl\u00e1sico y elegante, este set de 4 puestos es perfecto para reuniones al aire libre o simplemente relajarse en la sala. en el jard\u00edn o terraza El modelo Capri cuenta con asientos [&hellip;]","og_url":"https:\/\/plasticosmq.com\/co\/producto\/juego-de-sala-exterior-capri-comfort-mq\/","og_site_name":"Plasticos MQ","article_modified_time":"2026-04-14T13:59:11+00:00","og_image":[{"width":1200,"height":1200,"url":"https:\/\/plasticosmq.com\/co\/wp-content\/uploads\/sites\/4\/2026\/02\/1-1.jpg","type":"image\/jpeg"}],"twitter_card":"summary_large_image","twitter_misc":{"Tiempo de lectura":"8 minutos"},"schema":{"@context":"https:\/\/schema.org","@graph":[{"@type":"WebPage","@id":"https:\/\/plasticosmq.com\/co\/producto\/juego-de-sala-exterior-capri-comfort-mq\/","url":"https:\/\/plasticosmq.com\/co\/producto\/juego-de-sala-exterior-capri-comfort-mq\/","name":"Juego De Sala Exterior Capri Comfort - Plasticos MQ","isPartOf":{"@id":"https:\/\/plasticosmq.com\/co\/#website"},"primaryImageOfPage":{"@id":"https:\/\/plasticosmq.com\/co\/producto\/juego-de-sala-exterior-capri-comfort-mq\/#primaryimage"},"image":{"@id":"https:\/\/plasticosmq.com\/co\/producto\/juego-de-sala-exterior-capri-comfort-mq\/#primaryimage"},"thumbnailUrl":"https:\/\/plasticosmq.com\/co\/wp-content\/uploads\/sites\/4\/2026\/02\/1-1.jpg","datePublished":"2026-03-02T14:38:50+00:00","dateModified":"2026-04-14T13:59:11+00:00","breadcrumb":{"@id":"https:\/\/plasticosmq.com\/co\/producto\/juego-de-sala-exterior-capri-comfort-mq\/#breadcrumb"},"inLanguage":"es","potentialAction":[{"@type":"ReadAction","target":["https:\/\/plasticosmq.com\/co\/producto\/juego-de-sala-exterior-capri-comfort-mq\/"]}]},{"@type":"ImageObject","inLanguage":"es","@id":"https:\/\/plasticosmq.com\/co\/producto\/juego-de-sala-exterior-capri-comfort-mq\/#primaryimage","url":"https:\/\/plasticosmq.com\/co\/wp-content\/uploads\/sites\/4\/2026\/02\/1-1.jpg","contentUrl":"https:\/\/plasticosmq.com\/co\/wp-content\/uploads\/sites\/4\/2026\/02\/1-1.jpg","width":1200,"height":1200},{"@type":"BreadcrumbList","@id":"https:\/\/plasticosmq.com\/co\/producto\/juego-de-sala-exterior-capri-comfort-mq\/#breadcrumb","itemListElement":[{"@type":"ListItem","position":1,"name":"Inicio","item":"https:\/\/plasticosmq.com\/co\/"},{"@type":"ListItem","position":2,"name":"Tienda Pl\u00e1sticos MQ: compra online muebles para hogar","item":"https:\/\/plasticosmq.com\/co\/shop\/"},{"@type":"ListItem","position":3,"name":"Juego De Sala Exterior Capri Comfort"}]},{"@type":"WebSite","@id":"https:\/\/plasticosmq.com\/co\/#website","url":"https:\/\/plasticosmq.com\/co\/","name":"Plasticos MQ","description":"","potentialAction":[{"@type":"SearchAction","target":{"@type":"EntryPoint","urlTemplate":"https:\/\/plasticosmq.com\/co\/?s={search_term_string}"},"query-input":{"@type":"PropertyValueSpecification","valueRequired":true,"valueName":"search_term_string"}}],"inLanguage":"es"}]}},"_links":{"self":[{"href":"https:\/\/plasticosmq.com\/co\/wp-json\/wp\/v2\/product\/3369","targetHints":{"allow":["GET"]}}],"collection":[{"href":"https:\/\/plasticosmq.com\/co\/wp-json\/wp\/v2\/product"}],"about":[{"href":"https:\/\/plasticosmq.com\/co\/wp-json\/wp\/v2\/types\/product"}],"version-history":[{"count":3,"href":"https:\/\/plasticosmq.com\/co\/wp-json\/wp\/v2\/product\/3369\/revisions"}],"predecessor-version":[{"id":4476,"href":"https:\/\/plasticosmq.com\/co\/wp-json\/wp\/v2\/product\/3369\/revisions\/4476"}],"wp:featuredmedia":[{"embeddable":true,"href":"https:\/\/plasticosmq.com\/co\/wp-json\/wp\/v2\/media\/3382"}],"wp:attachment":[{"href":"https:\/\/plasticosmq.com\/co\/wp-json\/wp\/v2\/media?parent=3369"}],"wp:term":[{"taxonomy":"product_brand","embeddable":true,"href":"https:\/\/plasticosmq.com\/co\/wp-json\/wp\/v2\/product_brand?post=3369"},{"taxonomy":"product_cat","embeddable":true,"href":"https:\/\/plasticosmq.com\/co\/wp-json\/wp\/v2\/product_cat?post=3369"},{"taxonomy":"product_tag","embeddable":true,"href":"https:\/\/plasticosmq.com\/co\/wp-json\/wp\/v2\/product_tag?post=3369"},{"taxonomy":"coleccion","embeddable":true,"href":"https:\/\/plasticosmq.com\/co\/wp-json\/wp\/v2\/coleccion?post=3369"}],"curies":[{"name":"wp","href":"https:\/\/api.w.org\/{rel}","templated":true}]}}