{"id":3875,"date":"2026-03-06T19:23:37","date_gmt":"2026-03-06T19:23:37","guid":{"rendered":"https:\/\/plasticosmq.com\/co\/?post_type=product&#038;p=3875"},"modified":"2026-03-12T01:35:43","modified_gmt":"2026-03-12T01:35:43","slug":"comedor-tipo-madera-4-puestos-sin-brazo-exterior-mq","status":"publish","type":"product","link":"https:\/\/plasticosmq.com\/co\/producto\/muebles\/comedores\/comedor-tipo-madera-4-puestos-sin-brazo-exterior-mq\/","title":{"rendered":"Comedor Tipo Madera 4 Puestos Sin Brazo"},"content":{"rendered":"<p>Con una altura de 74 cm, este comedor te brinda la comodidad que necesitas para disfrutar de largas sobremesas con familiares y amigos. Su forma cuadrada y sus dimensiones de 90 cm de largo y 77 cm de ancho permiten que hasta 4 personas puedan sentarse c\u00f3modamente alrededor de la mesa.<\/p>\n<p>El material de polipropileno con el que est\u00e1 fabricado este comedor garantiza su durabilidad y resistencia a las condiciones clim\u00e1ticas. Adem\u00e1s, su modelo Madeira le da un toque de estilo y sofisticaci\u00f3n a tu espacio exterior.<\/p>\n<p>El Comedor Tipo Madera 4 Puestos Exterior viene desarmado, pero su ensamblado es sencillo y r\u00e1pido, por lo que podr\u00e1s disfrutar de tu nueva mesa en poco tiempo. Adem\u00e1s, cuenta con un agujero para sombrilla, para que puedas protegerte del sol en los d\u00edas m\u00e1s calurosos.<\/p>\n","protected":false},"excerpt":{"rendered":"<div id=\"brxe-sbrzhb\" class=\"brxe-text-basic\">Es la opci\u00f3n perfecta para disfrutar de tus comidas al aire libre. Con un dise\u00f1o elegante y moderno.<\/div>\n<div id=\"brxe-xscuxa\" class=\"brxe-block\">\n<div id=\"brxe-rgsaeg\" class=\"brxe-block\">\n<div id=\"brxe-wtdimx\" class=\"brxe-text-basic\">Recoger en tienda<\/div>\n<\/div>\n<\/div>\n","protected":false},"featured_media":3877,"menu_order":0,"template":"","meta":{"footnotes":""},"product_brand":[60],"product_cat":[48],"product_tag":[63],"coleccion":[44],"class_list":{"0":"post-3875","1":"product","2":"type-product","3":"status-publish","4":"has-post-thumbnail","6":"product_brand-mq","7":"product_cat-comedores","8":"product_tag-comedor-plastico","9":"coleccion-madeira","11":"first","12":"instock","13":"sale","14":"shipping-taxable","15":"purchasable","16":"product-type-variable","17":"rtwpvg-product"},"yoast_head":"<!-- This site is optimized with the Yoast SEO plugin v26.8 - https:\/\/yoast.com\/product\/yoast-seo-wordpress\/ -->\n<title>Comedor Tipo Madera 4 Puestos Sin Brazo - Plasticos MQ<\/title>\n<meta name=\"description\" content=\"Ppci\u00f3n perfecta para disfrutar de tus comidas al aire libre. Con un dise\u00f1o elegante y moderno.\" \/>\n<meta name=\"robots\" content=\"index, follow, max-snippet:-1, max-image-preview:large, max-video-preview:-1\" \/>\n<link rel=\"canonical\" href=\"https:\/\/plasticosmq.com\/co\/producto\/muebles\/comedores\/comedor-tipo-madera-4-puestos-sin-brazo-exterior-mq\/\" \/>\n<meta property=\"og:locale\" content=\"es_ES\" \/>\n<meta property=\"og:type\" content=\"article\" \/>\n<meta property=\"og:title\" content=\"Comedor Tipo Madera 4 Puestos Sin Brazo - Plasticos MQ\" \/>\n<meta property=\"og:description\" content=\"Ppci\u00f3n perfecta para disfrutar de tus comidas al aire libre. Con un dise\u00f1o elegante y moderno.\" \/>\n<meta property=\"og:url\" content=\"https:\/\/plasticosmq.com\/co\/producto\/muebles\/comedores\/comedor-tipo-madera-4-puestos-sin-brazo-exterior-mq\/\" \/>\n<meta property=\"og:site_name\" content=\"Plasticos MQ\" \/>\n<meta property=\"article:modified_time\" content=\"2026-03-12T01:35:43+00:00\" \/>\n<meta property=\"og:image\" content=\"https:\/\/plasticosmq.com\/co\/wp-content\/uploads\/sites\/4\/2026\/03\/Comedor-Madeira-Sin-Brazos-Caramelo-4P-06.jpg\" \/>\n\t<meta property=\"og:image:width\" content=\"2000\" \/>\n\t<meta property=\"og:image:height\" content=\"2000\" \/>\n\t<meta property=\"og:image:type\" content=\"image\/jpeg\" \/>\n<meta name=\"twitter:card\" content=\"summary_large_image\" \/>\n<meta name=\"twitter:label1\" content=\"Tiempo de lectura\" \/>\n\t<meta name=\"twitter:data1\" content=\"9 minutos\" \/>\n<script type=\"application\/ld+json\" class=\"yoast-schema-graph\">{\"@context\":\"https:\/\/schema.org\",\"@graph\":[{\"@type\":\"WebPage\",\"@id\":\"https:\/\/plasticosmq.com\/co\/producto\/muebles\/comedores\/comedor-tipo-madera-4-puestos-sin-brazo-exterior-mq\/\",\"url\":\"https:\/\/plasticosmq.com\/co\/producto\/muebles\/comedores\/comedor-tipo-madera-4-puestos-sin-brazo-exterior-mq\/\",\"name\":\"Comedor Tipo Madera 4 Puestos Sin Brazo - Plasticos MQ\",\"isPartOf\":{\"@id\":\"https:\/\/plasticosmq.com\/co\/#website\"},\"primaryImageOfPage\":{\"@id\":\"https:\/\/plasticosmq.com\/co\/producto\/muebles\/comedores\/comedor-tipo-madera-4-puestos-sin-brazo-exterior-mq\/#primaryimage\"},\"image\":{\"@id\":\"https:\/\/plasticosmq.com\/co\/producto\/muebles\/comedores\/comedor-tipo-madera-4-puestos-sin-brazo-exterior-mq\/#primaryimage\"},\"thumbnailUrl\":\"https:\/\/plasticosmq.com\/co\/wp-content\/uploads\/sites\/4\/2026\/03\/Comedor-Madeira-Sin-Brazos-Caramelo-4P-06.jpg\",\"datePublished\":\"2026-03-06T19:23:37+00:00\",\"dateModified\":\"2026-03-12T01:35:43+00:00\",\"description\":\"Ppci\u00f3n perfecta para disfrutar de tus comidas al aire libre. Con un dise\u00f1o elegante y moderno.\",\"breadcrumb\":{\"@id\":\"https:\/\/plasticosmq.com\/co\/producto\/muebles\/comedores\/comedor-tipo-madera-4-puestos-sin-brazo-exterior-mq\/#breadcrumb\"},\"inLanguage\":\"es\",\"potentialAction\":[{\"@type\":\"ReadAction\",\"target\":[\"https:\/\/plasticosmq.com\/co\/producto\/muebles\/comedores\/comedor-tipo-madera-4-puestos-sin-brazo-exterior-mq\/\"]}]},{\"@type\":\"ImageObject\",\"inLanguage\":\"es\",\"@id\":\"https:\/\/plasticosmq.com\/co\/producto\/muebles\/comedores\/comedor-tipo-madera-4-puestos-sin-brazo-exterior-mq\/#primaryimage\",\"url\":\"https:\/\/plasticosmq.com\/co\/wp-content\/uploads\/sites\/4\/2026\/03\/Comedor-Madeira-Sin-Brazos-Caramelo-4P-06.jpg\",\"contentUrl\":\"https:\/\/plasticosmq.com\/co\/wp-content\/uploads\/sites\/4\/2026\/03\/Comedor-Madeira-Sin-Brazos-Caramelo-4P-06.jpg\",\"width\":2000,\"height\":2000},{\"@type\":\"BreadcrumbList\",\"@id\":\"https:\/\/plasticosmq.com\/co\/producto\/muebles\/comedores\/comedor-tipo-madera-4-puestos-sin-brazo-exterior-mq\/#breadcrumb\",\"itemListElement\":[{\"@type\":\"ListItem\",\"position\":1,\"name\":\"Inicio\",\"item\":\"https:\/\/plasticosmq.com\/co\/\"},{\"@type\":\"ListItem\",\"position\":2,\"name\":\"Tienda Pl\u00e1sticos MQ: compra online muebles para hogar\",\"item\":\"https:\/\/plasticosmq.com\/co\/shop\/\"},{\"@type\":\"ListItem\",\"position\":3,\"name\":\"Comedor Tipo Madera 4 Puestos Sin Brazo\"}]},{\"@type\":\"WebSite\",\"@id\":\"https:\/\/plasticosmq.com\/co\/#website\",\"url\":\"https:\/\/plasticosmq.com\/co\/\",\"name\":\"Plasticos MQ\",\"description\":\"\",\"potentialAction\":[{\"@type\":\"SearchAction\",\"target\":{\"@type\":\"EntryPoint\",\"urlTemplate\":\"https:\/\/plasticosmq.com\/co\/?s={search_term_string}\"},\"query-input\":{\"@type\":\"PropertyValueSpecification\",\"valueRequired\":true,\"valueName\":\"search_term_string\"}}],\"inLanguage\":\"es\"}]}<\/script>\n<!-- \/ Yoast SEO plugin. -->","yoast_head_json":{"title":"Comedor Tipo Madera 4 Puestos Sin Brazo - Plasticos MQ","description":"Ppci\u00f3n perfecta para disfrutar de tus comidas al aire libre. Con un dise\u00f1o elegante y moderno.","robots":{"index":"index","follow":"follow","max-snippet":"max-snippet:-1","max-image-preview":"max-image-preview:large","max-video-preview":"max-video-preview:-1"},"canonical":"https:\/\/plasticosmq.com\/co\/producto\/muebles\/comedores\/comedor-tipo-madera-4-puestos-sin-brazo-exterior-mq\/","og_locale":"es_ES","og_type":"article","og_title":"Comedor Tipo Madera 4 Puestos Sin Brazo - Plasticos MQ","og_description":"Ppci\u00f3n perfecta para disfrutar de tus comidas al aire libre. Con un dise\u00f1o elegante y moderno.","og_url":"https:\/\/plasticosmq.com\/co\/producto\/muebles\/comedores\/comedor-tipo-madera-4-puestos-sin-brazo-exterior-mq\/","og_site_name":"Plasticos MQ","article_modified_time":"2026-03-12T01:35:43+00:00","og_image":[{"width":2000,"height":2000,"url":"https:\/\/plasticosmq.com\/co\/wp-content\/uploads\/sites\/4\/2026\/03\/Comedor-Madeira-Sin-Brazos-Caramelo-4P-06.jpg","type":"image\/jpeg"}],"twitter_card":"summary_large_image","twitter_misc":{"Tiempo de lectura":"9 minutos"},"schema":{"@context":"https:\/\/schema.org","@graph":[{"@type":"WebPage","@id":"https:\/\/plasticosmq.com\/co\/producto\/muebles\/comedores\/comedor-tipo-madera-4-puestos-sin-brazo-exterior-mq\/","url":"https:\/\/plasticosmq.com\/co\/producto\/muebles\/comedores\/comedor-tipo-madera-4-puestos-sin-brazo-exterior-mq\/","name":"Comedor Tipo Madera 4 Puestos Sin Brazo - Plasticos MQ","isPartOf":{"@id":"https:\/\/plasticosmq.com\/co\/#website"},"primaryImageOfPage":{"@id":"https:\/\/plasticosmq.com\/co\/producto\/muebles\/comedores\/comedor-tipo-madera-4-puestos-sin-brazo-exterior-mq\/#primaryimage"},"image":{"@id":"https:\/\/plasticosmq.com\/co\/producto\/muebles\/comedores\/comedor-tipo-madera-4-puestos-sin-brazo-exterior-mq\/#primaryimage"},"thumbnailUrl":"https:\/\/plasticosmq.com\/co\/wp-content\/uploads\/sites\/4\/2026\/03\/Comedor-Madeira-Sin-Brazos-Caramelo-4P-06.jpg","datePublished":"2026-03-06T19:23:37+00:00","dateModified":"2026-03-12T01:35:43+00:00","description":"Ppci\u00f3n perfecta para disfrutar de tus comidas al aire libre. Con un dise\u00f1o elegante y moderno.","breadcrumb":{"@id":"https:\/\/plasticosmq.com\/co\/producto\/muebles\/comedores\/comedor-tipo-madera-4-puestos-sin-brazo-exterior-mq\/#breadcrumb"},"inLanguage":"es","potentialAction":[{"@type":"ReadAction","target":["https:\/\/plasticosmq.com\/co\/producto\/muebles\/comedores\/comedor-tipo-madera-4-puestos-sin-brazo-exterior-mq\/"]}]},{"@type":"ImageObject","inLanguage":"es","@id":"https:\/\/plasticosmq.com\/co\/producto\/muebles\/comedores\/comedor-tipo-madera-4-puestos-sin-brazo-exterior-mq\/#primaryimage","url":"https:\/\/plasticosmq.com\/co\/wp-content\/uploads\/sites\/4\/2026\/03\/Comedor-Madeira-Sin-Brazos-Caramelo-4P-06.jpg","contentUrl":"https:\/\/plasticosmq.com\/co\/wp-content\/uploads\/sites\/4\/2026\/03\/Comedor-Madeira-Sin-Brazos-Caramelo-4P-06.jpg","width":2000,"height":2000},{"@type":"BreadcrumbList","@id":"https:\/\/plasticosmq.com\/co\/producto\/muebles\/comedores\/comedor-tipo-madera-4-puestos-sin-brazo-exterior-mq\/#breadcrumb","itemListElement":[{"@type":"ListItem","position":1,"name":"Inicio","item":"https:\/\/plasticosmq.com\/co\/"},{"@type":"ListItem","position":2,"name":"Tienda Pl\u00e1sticos MQ: compra online muebles para hogar","item":"https:\/\/plasticosmq.com\/co\/shop\/"},{"@type":"ListItem","position":3,"name":"Comedor Tipo Madera 4 Puestos Sin Brazo"}]},{"@type":"WebSite","@id":"https:\/\/plasticosmq.com\/co\/#website","url":"https:\/\/plasticosmq.com\/co\/","name":"Plasticos MQ","description":"","potentialAction":[{"@type":"SearchAction","target":{"@type":"EntryPoint","urlTemplate":"https:\/\/plasticosmq.com\/co\/?s={search_term_string}"},"query-input":{"@type":"PropertyValueSpecification","valueRequired":true,"valueName":"search_term_string"}}],"inLanguage":"es"}]}},"_links":{"self":[{"href":"https:\/\/plasticosmq.com\/co\/wp-json\/wp\/v2\/product\/3875","targetHints":{"allow":["GET"]}}],"collection":[{"href":"https:\/\/plasticosmq.com\/co\/wp-json\/wp\/v2\/product"}],"about":[{"href":"https:\/\/plasticosmq.com\/co\/wp-json\/wp\/v2\/types\/product"}],"version-history":[{"count":4,"href":"https:\/\/plasticosmq.com\/co\/wp-json\/wp\/v2\/product\/3875\/revisions"}],"predecessor-version":[{"id":3932,"href":"https:\/\/plasticosmq.com\/co\/wp-json\/wp\/v2\/product\/3875\/revisions\/3932"}],"wp:featuredmedia":[{"embeddable":true,"href":"https:\/\/plasticosmq.com\/co\/wp-json\/wp\/v2\/media\/3877"}],"wp:attachment":[{"href":"https:\/\/plasticosmq.com\/co\/wp-json\/wp\/v2\/media?parent=3875"}],"wp:term":[{"taxonomy":"product_brand","embeddable":true,"href":"https:\/\/plasticosmq.com\/co\/wp-json\/wp\/v2\/product_brand?post=3875"},{"taxonomy":"product_cat","embeddable":true,"href":"https:\/\/plasticosmq.com\/co\/wp-json\/wp\/v2\/product_cat?post=3875"},{"taxonomy":"product_tag","embeddable":true,"href":"https:\/\/plasticosmq.com\/co\/wp-json\/wp\/v2\/product_tag?post=3875"},{"taxonomy":"coleccion","embeddable":true,"href":"https:\/\/plasticosmq.com\/co\/wp-json\/wp\/v2\/coleccion?post=3875"}],"curies":[{"name":"wp","href":"https:\/\/api.w.org\/{rel}","templated":true}]}}