{"id":4715,"date":"2026-03-27T16:45:28","date_gmt":"2026-03-27T16:45:28","guid":{"rendered":"https:\/\/plasticosmq.com\/co\/?post_type=product&#038;p=4715"},"modified":"2026-04-14T13:54:45","modified_gmt":"2026-04-14T13:54:45","slug":"cama-para-mascota-tipo-ratan","status":"publish","type":"product","link":"https:\/\/plasticosmq.com\/co\/producto\/cama-para-mascota-tipo-ratan\/","title":{"rendered":"Cama Para Mascota Tipo Ratan"},"content":{"rendered":"<p>Cama para perros de la marca MQ es ideal para brindarle a tu mascota un lugar c\u00f3modo y seguro para descansar. Fabricada en polipropileno, esta cama es resistente y duradera, perfecta para tu mascota.<\/p>\n<p>Adem\u00e1s, al ser lavable, podr\u00e1s mantenerla siempre impecable para tu mascota. Su tama\u00f1o la hace perfecta para que tu mascota se sienta c\u00f3moda y protegida en todo momento.<\/p>\n<p>Fabricada en polipropileno de alta densidad gracias a su filtro UV es totalmente apta para intemperie lo que la hace resistente a lluvia, sol y frio<\/p>\n<p>Sus medidas son<br \/>\nAlto: 20 cm<br \/>\nAncho: 58 cm<br \/>\nLargo: 58cm<\/p>\n","protected":false},"excerpt":{"rendered":"<p>Gracias a su dise\u00f1o podr\u00e1s mantener la cama limpia y libre de olores f\u00e1cilmente.<\/p>\n","protected":false},"featured_media":4727,"menu_order":0,"template":"","meta":{"footnotes":""},"product_brand":[60],"product_cat":[95],"product_tag":[73,72,74],"coleccion":[23,46],"class_list":{"0":"post-4715","1":"product","2":"type-product","3":"status-publish","4":"has-post-thumbnail","6":"product_brand-mq","7":"product_cat-pets","8":"product_tag-cama-mascota","9":"product_tag-cama-perro","10":"product_tag-cama-plastico","11":"coleccion-capri","12":"coleccion-ferrara","14":"first","15":"instock","16":"sale","17":"shipping-taxable","18":"purchasable","19":"product-type-variable","20":"rtwpvg-product"},"yoast_head":"<!-- This site is optimized with the Yoast SEO plugin v26.8 - https:\/\/yoast.com\/product\/yoast-seo-wordpress\/ -->\n<title>Cama Para Mascota Tipo Ratan - Plasticos MQ<\/title>\n<meta name=\"robots\" content=\"index, follow, max-snippet:-1, max-image-preview:large, max-video-preview:-1\" \/>\n<link rel=\"canonical\" href=\"https:\/\/plasticosmq.com\/co\/producto\/cama-para-mascota-tipo-ratan\/\" \/>\n<meta property=\"og:locale\" content=\"es_ES\" \/>\n<meta property=\"og:type\" content=\"article\" \/>\n<meta property=\"og:title\" content=\"Cama Para Mascota Tipo Ratan - Plasticos MQ\" \/>\n<meta property=\"og:description\" content=\"Gracias a su dise\u00f1o podr\u00e1s mantener la cama limpia y libre de olores f\u00e1cilmente.\" \/>\n<meta property=\"og:url\" content=\"https:\/\/plasticosmq.com\/co\/producto\/cama-para-mascota-tipo-ratan\/\" \/>\n<meta property=\"og:site_name\" content=\"Plasticos MQ\" \/>\n<meta property=\"article:modified_time\" content=\"2026-04-14T13:54:45+00:00\" \/>\n<meta property=\"og:image\" content=\"https:\/\/plasticosmq.com\/co\/wp-content\/uploads\/sites\/4\/2026\/03\/Dog-bed-Wengue-10.jpg\" \/>\n\t<meta property=\"og:image:width\" content=\"2000\" \/>\n\t<meta property=\"og:image:height\" content=\"2000\" \/>\n\t<meta property=\"og:image:type\" content=\"image\/jpeg\" \/>\n<meta name=\"twitter:card\" content=\"summary_large_image\" \/>\n<meta name=\"twitter:label1\" content=\"Tiempo de lectura\" \/>\n\t<meta name=\"twitter:data1\" content=\"7 minutos\" \/>\n<script type=\"application\/ld+json\" class=\"yoast-schema-graph\">{\"@context\":\"https:\/\/schema.org\",\"@graph\":[{\"@type\":\"WebPage\",\"@id\":\"https:\/\/plasticosmq.com\/co\/producto\/cama-para-mascota-tipo-ratan\/\",\"url\":\"https:\/\/plasticosmq.com\/co\/producto\/cama-para-mascota-tipo-ratan\/\",\"name\":\"Cama Para Mascota Tipo Ratan - Plasticos MQ\",\"isPartOf\":{\"@id\":\"https:\/\/plasticosmq.com\/co\/#website\"},\"primaryImageOfPage\":{\"@id\":\"https:\/\/plasticosmq.com\/co\/producto\/cama-para-mascota-tipo-ratan\/#primaryimage\"},\"image\":{\"@id\":\"https:\/\/plasticosmq.com\/co\/producto\/cama-para-mascota-tipo-ratan\/#primaryimage\"},\"thumbnailUrl\":\"https:\/\/plasticosmq.com\/co\/wp-content\/uploads\/sites\/4\/2026\/03\/Dog-bed-Wengue-10.jpg\",\"datePublished\":\"2026-03-27T16:45:28+00:00\",\"dateModified\":\"2026-04-14T13:54:45+00:00\",\"breadcrumb\":{\"@id\":\"https:\/\/plasticosmq.com\/co\/producto\/cama-para-mascota-tipo-ratan\/#breadcrumb\"},\"inLanguage\":\"es\",\"potentialAction\":[{\"@type\":\"ReadAction\",\"target\":[\"https:\/\/plasticosmq.com\/co\/producto\/cama-para-mascota-tipo-ratan\/\"]}]},{\"@type\":\"ImageObject\",\"inLanguage\":\"es\",\"@id\":\"https:\/\/plasticosmq.com\/co\/producto\/cama-para-mascota-tipo-ratan\/#primaryimage\",\"url\":\"https:\/\/plasticosmq.com\/co\/wp-content\/uploads\/sites\/4\/2026\/03\/Dog-bed-Wengue-10.jpg\",\"contentUrl\":\"https:\/\/plasticosmq.com\/co\/wp-content\/uploads\/sites\/4\/2026\/03\/Dog-bed-Wengue-10.jpg\",\"width\":2000,\"height\":2000},{\"@type\":\"BreadcrumbList\",\"@id\":\"https:\/\/plasticosmq.com\/co\/producto\/cama-para-mascota-tipo-ratan\/#breadcrumb\",\"itemListElement\":[{\"@type\":\"ListItem\",\"position\":1,\"name\":\"Inicio\",\"item\":\"https:\/\/plasticosmq.com\/co\/\"},{\"@type\":\"ListItem\",\"position\":2,\"name\":\"Tienda Pl\u00e1sticos MQ: compra online muebles para hogar\",\"item\":\"https:\/\/plasticosmq.com\/co\/shop\/\"},{\"@type\":\"ListItem\",\"position\":3,\"name\":\"Cama Para Mascota Tipo Ratan\"}]},{\"@type\":\"WebSite\",\"@id\":\"https:\/\/plasticosmq.com\/co\/#website\",\"url\":\"https:\/\/plasticosmq.com\/co\/\",\"name\":\"Plasticos MQ\",\"description\":\"\",\"potentialAction\":[{\"@type\":\"SearchAction\",\"target\":{\"@type\":\"EntryPoint\",\"urlTemplate\":\"https:\/\/plasticosmq.com\/co\/?s={search_term_string}\"},\"query-input\":{\"@type\":\"PropertyValueSpecification\",\"valueRequired\":true,\"valueName\":\"search_term_string\"}}],\"inLanguage\":\"es\"}]}<\/script>\n<!-- \/ Yoast SEO plugin. -->","yoast_head_json":{"title":"Cama Para Mascota Tipo Ratan - Plasticos MQ","robots":{"index":"index","follow":"follow","max-snippet":"max-snippet:-1","max-image-preview":"max-image-preview:large","max-video-preview":"max-video-preview:-1"},"canonical":"https:\/\/plasticosmq.com\/co\/producto\/cama-para-mascota-tipo-ratan\/","og_locale":"es_ES","og_type":"article","og_title":"Cama Para Mascota Tipo Ratan - Plasticos MQ","og_description":"Gracias a su dise\u00f1o podr\u00e1s mantener la cama limpia y libre de olores f\u00e1cilmente.","og_url":"https:\/\/plasticosmq.com\/co\/producto\/cama-para-mascota-tipo-ratan\/","og_site_name":"Plasticos MQ","article_modified_time":"2026-04-14T13:54:45+00:00","og_image":[{"width":2000,"height":2000,"url":"https:\/\/plasticosmq.com\/co\/wp-content\/uploads\/sites\/4\/2026\/03\/Dog-bed-Wengue-10.jpg","type":"image\/jpeg"}],"twitter_card":"summary_large_image","twitter_misc":{"Tiempo de lectura":"7 minutos"},"schema":{"@context":"https:\/\/schema.org","@graph":[{"@type":"WebPage","@id":"https:\/\/plasticosmq.com\/co\/producto\/cama-para-mascota-tipo-ratan\/","url":"https:\/\/plasticosmq.com\/co\/producto\/cama-para-mascota-tipo-ratan\/","name":"Cama Para Mascota Tipo Ratan - Plasticos MQ","isPartOf":{"@id":"https:\/\/plasticosmq.com\/co\/#website"},"primaryImageOfPage":{"@id":"https:\/\/plasticosmq.com\/co\/producto\/cama-para-mascota-tipo-ratan\/#primaryimage"},"image":{"@id":"https:\/\/plasticosmq.com\/co\/producto\/cama-para-mascota-tipo-ratan\/#primaryimage"},"thumbnailUrl":"https:\/\/plasticosmq.com\/co\/wp-content\/uploads\/sites\/4\/2026\/03\/Dog-bed-Wengue-10.jpg","datePublished":"2026-03-27T16:45:28+00:00","dateModified":"2026-04-14T13:54:45+00:00","breadcrumb":{"@id":"https:\/\/plasticosmq.com\/co\/producto\/cama-para-mascota-tipo-ratan\/#breadcrumb"},"inLanguage":"es","potentialAction":[{"@type":"ReadAction","target":["https:\/\/plasticosmq.com\/co\/producto\/cama-para-mascota-tipo-ratan\/"]}]},{"@type":"ImageObject","inLanguage":"es","@id":"https:\/\/plasticosmq.com\/co\/producto\/cama-para-mascota-tipo-ratan\/#primaryimage","url":"https:\/\/plasticosmq.com\/co\/wp-content\/uploads\/sites\/4\/2026\/03\/Dog-bed-Wengue-10.jpg","contentUrl":"https:\/\/plasticosmq.com\/co\/wp-content\/uploads\/sites\/4\/2026\/03\/Dog-bed-Wengue-10.jpg","width":2000,"height":2000},{"@type":"BreadcrumbList","@id":"https:\/\/plasticosmq.com\/co\/producto\/cama-para-mascota-tipo-ratan\/#breadcrumb","itemListElement":[{"@type":"ListItem","position":1,"name":"Inicio","item":"https:\/\/plasticosmq.com\/co\/"},{"@type":"ListItem","position":2,"name":"Tienda Pl\u00e1sticos MQ: compra online muebles para hogar","item":"https:\/\/plasticosmq.com\/co\/shop\/"},{"@type":"ListItem","position":3,"name":"Cama Para Mascota Tipo Ratan"}]},{"@type":"WebSite","@id":"https:\/\/plasticosmq.com\/co\/#website","url":"https:\/\/plasticosmq.com\/co\/","name":"Plasticos MQ","description":"","potentialAction":[{"@type":"SearchAction","target":{"@type":"EntryPoint","urlTemplate":"https:\/\/plasticosmq.com\/co\/?s={search_term_string}"},"query-input":{"@type":"PropertyValueSpecification","valueRequired":true,"valueName":"search_term_string"}}],"inLanguage":"es"}]}},"_links":{"self":[{"href":"https:\/\/plasticosmq.com\/co\/wp-json\/wp\/v2\/product\/4715","targetHints":{"allow":["GET"]}}],"collection":[{"href":"https:\/\/plasticosmq.com\/co\/wp-json\/wp\/v2\/product"}],"about":[{"href":"https:\/\/plasticosmq.com\/co\/wp-json\/wp\/v2\/types\/product"}],"version-history":[{"count":2,"href":"https:\/\/plasticosmq.com\/co\/wp-json\/wp\/v2\/product\/4715\/revisions"}],"predecessor-version":[{"id":4730,"href":"https:\/\/plasticosmq.com\/co\/wp-json\/wp\/v2\/product\/4715\/revisions\/4730"}],"wp:featuredmedia":[{"embeddable":true,"href":"https:\/\/plasticosmq.com\/co\/wp-json\/wp\/v2\/media\/4727"}],"wp:attachment":[{"href":"https:\/\/plasticosmq.com\/co\/wp-json\/wp\/v2\/media?parent=4715"}],"wp:term":[{"taxonomy":"product_brand","embeddable":true,"href":"https:\/\/plasticosmq.com\/co\/wp-json\/wp\/v2\/product_brand?post=4715"},{"taxonomy":"product_cat","embeddable":true,"href":"https:\/\/plasticosmq.com\/co\/wp-json\/wp\/v2\/product_cat?post=4715"},{"taxonomy":"product_tag","embeddable":true,"href":"https:\/\/plasticosmq.com\/co\/wp-json\/wp\/v2\/product_tag?post=4715"},{"taxonomy":"coleccion","embeddable":true,"href":"https:\/\/plasticosmq.com\/co\/wp-json\/wp\/v2\/coleccion?post=4715"}],"curies":[{"name":"wp","href":"https:\/\/api.w.org\/{rel}","templated":true}]}}