{"id":4750,"date":"2026-03-27T21:50:43","date_gmt":"2026-03-27T21:50:43","guid":{"rendered":"https:\/\/plasticosmq.com\/co\/?post_type=product&#038;p=4750"},"modified":"2026-04-14T13:54:30","modified_gmt":"2026-04-14T13:54:30","slug":"cesta-para-ropa-sucia-mq","status":"publish","type":"product","link":"https:\/\/plasticosmq.com\/co\/producto\/cesta-para-ropa-sucia-mq\/","title":{"rendered":"Cesta Para Ropa Sucia MQ"},"content":{"rendered":"<p>Mant\u00e9n tus espacios organizados con esta cesta para ropa sucia estilo rattan, fabricada en pl\u00e1stico resistente, liviano y de f\u00e1cil limpieza.<\/p>\n<p>La tapa abatible mantiene la ropa cubierta y discreta, mientras que sus asas laterales hacen que moverla sea c\u00f3modo y seguro.<\/p>\n<p>Gracias a su altura y forma rectangular, aprovecha muy bien el espacio y ofrece una excelente capacidad. Ideal para ba\u00f1os, cuartos de lavado, habitaciones, apartamentos o cualquier zona de almacenamiento. Es una opci\u00f3n pr\u00e1ctica, moderna y durable.<\/p>\n","protected":false},"excerpt":{"rendered":"<p>Su dise\u00f1o tejido permite una adecuada ventilaci\u00f3n, evitando la acumulaci\u00f3n de humedad y malos olores.<\/p>\n","protected":false},"featured_media":4760,"menu_order":0,"template":"","meta":{"footnotes":""},"product_brand":[60],"product_cat":[90,88],"product_tag":[78,79,80],"coleccion":[],"class_list":{"0":"post-4750","1":"product","2":"type-product","3":"status-publish","4":"has-post-thumbnail","6":"product_brand-mq","7":"product_cat-hogar","8":"product_cat-organizacion","9":"product_tag-cesta","10":"product_tag-cesta-para-ropa","11":"product_tag-cesta-ropa-sucia","13":"first","14":"instock","15":"sale","16":"shipping-taxable","17":"purchasable","18":"product-type-variable","19":"rtwpvg-product"},"yoast_head":"<!-- This site is optimized with the Yoast SEO plugin v26.8 - https:\/\/yoast.com\/product\/yoast-seo-wordpress\/ -->\n<title>Cesta Para Ropa Sucia MQ - Plasticos MQ<\/title>\n<meta name=\"description\" content=\"Cesta para ropa sucia, Su dise\u00f1o tejido permite una adecuada ventilaci\u00f3n, evitando la acumulaci\u00f3n de humedad y malos olores.\" \/>\n<meta name=\"robots\" content=\"index, follow, max-snippet:-1, max-image-preview:large, max-video-preview:-1\" \/>\n<link rel=\"canonical\" href=\"https:\/\/plasticosmq.com\/co\/producto\/cesta-para-ropa-sucia-mq\/\" \/>\n<meta property=\"og:locale\" content=\"es_ES\" \/>\n<meta property=\"og:type\" content=\"article\" \/>\n<meta property=\"og:title\" content=\"Cesta Para Ropa Sucia MQ - Plasticos MQ\" \/>\n<meta property=\"og:description\" content=\"Cesta para ropa sucia, Su dise\u00f1o tejido permite una adecuada ventilaci\u00f3n, evitando la acumulaci\u00f3n de humedad y malos olores.\" \/>\n<meta property=\"og:url\" content=\"https:\/\/plasticosmq.com\/co\/producto\/cesta-para-ropa-sucia-mq\/\" \/>\n<meta property=\"og:site_name\" content=\"Plasticos MQ\" \/>\n<meta property=\"article:modified_time\" content=\"2026-04-14T13:54:30+00:00\" \/>\n<meta property=\"og:image\" content=\"https:\/\/plasticosmq.com\/co\/wp-content\/uploads\/sites\/4\/2026\/03\/Canasta-SIL-11.jpg\" \/>\n\t<meta property=\"og:image:width\" content=\"2000\" \/>\n\t<meta property=\"og:image:height\" content=\"2000\" \/>\n\t<meta property=\"og:image:type\" content=\"image\/jpeg\" \/>\n<meta name=\"twitter:card\" content=\"summary_large_image\" \/>\n<meta name=\"twitter:label1\" content=\"Tiempo de lectura\" \/>\n\t<meta name=\"twitter:data1\" content=\"6 minutos\" \/>\n<script type=\"application\/ld+json\" class=\"yoast-schema-graph\">{\"@context\":\"https:\/\/schema.org\",\"@graph\":[{\"@type\":\"WebPage\",\"@id\":\"https:\/\/plasticosmq.com\/co\/producto\/cesta-para-ropa-sucia-mq\/\",\"url\":\"https:\/\/plasticosmq.com\/co\/producto\/cesta-para-ropa-sucia-mq\/\",\"name\":\"Cesta Para Ropa Sucia MQ - Plasticos MQ\",\"isPartOf\":{\"@id\":\"https:\/\/plasticosmq.com\/co\/#website\"},\"primaryImageOfPage\":{\"@id\":\"https:\/\/plasticosmq.com\/co\/producto\/cesta-para-ropa-sucia-mq\/#primaryimage\"},\"image\":{\"@id\":\"https:\/\/plasticosmq.com\/co\/producto\/cesta-para-ropa-sucia-mq\/#primaryimage\"},\"thumbnailUrl\":\"https:\/\/plasticosmq.com\/co\/wp-content\/uploads\/sites\/4\/2026\/03\/Canasta-SIL-11.jpg\",\"datePublished\":\"2026-03-27T21:50:43+00:00\",\"dateModified\":\"2026-04-14T13:54:30+00:00\",\"description\":\"Cesta para ropa sucia, Su dise\u00f1o tejido permite una adecuada ventilaci\u00f3n, evitando la acumulaci\u00f3n de humedad y malos olores.\",\"breadcrumb\":{\"@id\":\"https:\/\/plasticosmq.com\/co\/producto\/cesta-para-ropa-sucia-mq\/#breadcrumb\"},\"inLanguage\":\"es\",\"potentialAction\":[{\"@type\":\"ReadAction\",\"target\":[\"https:\/\/plasticosmq.com\/co\/producto\/cesta-para-ropa-sucia-mq\/\"]}]},{\"@type\":\"ImageObject\",\"inLanguage\":\"es\",\"@id\":\"https:\/\/plasticosmq.com\/co\/producto\/cesta-para-ropa-sucia-mq\/#primaryimage\",\"url\":\"https:\/\/plasticosmq.com\/co\/wp-content\/uploads\/sites\/4\/2026\/03\/Canasta-SIL-11.jpg\",\"contentUrl\":\"https:\/\/plasticosmq.com\/co\/wp-content\/uploads\/sites\/4\/2026\/03\/Canasta-SIL-11.jpg\",\"width\":2000,\"height\":2000},{\"@type\":\"BreadcrumbList\",\"@id\":\"https:\/\/plasticosmq.com\/co\/producto\/cesta-para-ropa-sucia-mq\/#breadcrumb\",\"itemListElement\":[{\"@type\":\"ListItem\",\"position\":1,\"name\":\"Inicio\",\"item\":\"https:\/\/plasticosmq.com\/co\/\"},{\"@type\":\"ListItem\",\"position\":2,\"name\":\"Tienda Pl\u00e1sticos MQ: compra online muebles para hogar\",\"item\":\"https:\/\/plasticosmq.com\/co\/shop\/\"},{\"@type\":\"ListItem\",\"position\":3,\"name\":\"Cesta Para Ropa Sucia MQ\"}]},{\"@type\":\"WebSite\",\"@id\":\"https:\/\/plasticosmq.com\/co\/#website\",\"url\":\"https:\/\/plasticosmq.com\/co\/\",\"name\":\"Plasticos MQ\",\"description\":\"\",\"potentialAction\":[{\"@type\":\"SearchAction\",\"target\":{\"@type\":\"EntryPoint\",\"urlTemplate\":\"https:\/\/plasticosmq.com\/co\/?s={search_term_string}\"},\"query-input\":{\"@type\":\"PropertyValueSpecification\",\"valueRequired\":true,\"valueName\":\"search_term_string\"}}],\"inLanguage\":\"es\"}]}<\/script>\n<!-- \/ Yoast SEO plugin. -->","yoast_head_json":{"title":"Cesta Para Ropa Sucia MQ - Plasticos MQ","description":"Cesta para ropa sucia, Su dise\u00f1o tejido permite una adecuada ventilaci\u00f3n, evitando la acumulaci\u00f3n de humedad y malos olores.","robots":{"index":"index","follow":"follow","max-snippet":"max-snippet:-1","max-image-preview":"max-image-preview:large","max-video-preview":"max-video-preview:-1"},"canonical":"https:\/\/plasticosmq.com\/co\/producto\/cesta-para-ropa-sucia-mq\/","og_locale":"es_ES","og_type":"article","og_title":"Cesta Para Ropa Sucia MQ - Plasticos MQ","og_description":"Cesta para ropa sucia, Su dise\u00f1o tejido permite una adecuada ventilaci\u00f3n, evitando la acumulaci\u00f3n de humedad y malos olores.","og_url":"https:\/\/plasticosmq.com\/co\/producto\/cesta-para-ropa-sucia-mq\/","og_site_name":"Plasticos MQ","article_modified_time":"2026-04-14T13:54:30+00:00","og_image":[{"width":2000,"height":2000,"url":"https:\/\/plasticosmq.com\/co\/wp-content\/uploads\/sites\/4\/2026\/03\/Canasta-SIL-11.jpg","type":"image\/jpeg"}],"twitter_card":"summary_large_image","twitter_misc":{"Tiempo de lectura":"6 minutos"},"schema":{"@context":"https:\/\/schema.org","@graph":[{"@type":"WebPage","@id":"https:\/\/plasticosmq.com\/co\/producto\/cesta-para-ropa-sucia-mq\/","url":"https:\/\/plasticosmq.com\/co\/producto\/cesta-para-ropa-sucia-mq\/","name":"Cesta Para Ropa Sucia MQ - Plasticos MQ","isPartOf":{"@id":"https:\/\/plasticosmq.com\/co\/#website"},"primaryImageOfPage":{"@id":"https:\/\/plasticosmq.com\/co\/producto\/cesta-para-ropa-sucia-mq\/#primaryimage"},"image":{"@id":"https:\/\/plasticosmq.com\/co\/producto\/cesta-para-ropa-sucia-mq\/#primaryimage"},"thumbnailUrl":"https:\/\/plasticosmq.com\/co\/wp-content\/uploads\/sites\/4\/2026\/03\/Canasta-SIL-11.jpg","datePublished":"2026-03-27T21:50:43+00:00","dateModified":"2026-04-14T13:54:30+00:00","description":"Cesta para ropa sucia, Su dise\u00f1o tejido permite una adecuada ventilaci\u00f3n, evitando la acumulaci\u00f3n de humedad y malos olores.","breadcrumb":{"@id":"https:\/\/plasticosmq.com\/co\/producto\/cesta-para-ropa-sucia-mq\/#breadcrumb"},"inLanguage":"es","potentialAction":[{"@type":"ReadAction","target":["https:\/\/plasticosmq.com\/co\/producto\/cesta-para-ropa-sucia-mq\/"]}]},{"@type":"ImageObject","inLanguage":"es","@id":"https:\/\/plasticosmq.com\/co\/producto\/cesta-para-ropa-sucia-mq\/#primaryimage","url":"https:\/\/plasticosmq.com\/co\/wp-content\/uploads\/sites\/4\/2026\/03\/Canasta-SIL-11.jpg","contentUrl":"https:\/\/plasticosmq.com\/co\/wp-content\/uploads\/sites\/4\/2026\/03\/Canasta-SIL-11.jpg","width":2000,"height":2000},{"@type":"BreadcrumbList","@id":"https:\/\/plasticosmq.com\/co\/producto\/cesta-para-ropa-sucia-mq\/#breadcrumb","itemListElement":[{"@type":"ListItem","position":1,"name":"Inicio","item":"https:\/\/plasticosmq.com\/co\/"},{"@type":"ListItem","position":2,"name":"Tienda Pl\u00e1sticos MQ: compra online muebles para hogar","item":"https:\/\/plasticosmq.com\/co\/shop\/"},{"@type":"ListItem","position":3,"name":"Cesta Para Ropa Sucia MQ"}]},{"@type":"WebSite","@id":"https:\/\/plasticosmq.com\/co\/#website","url":"https:\/\/plasticosmq.com\/co\/","name":"Plasticos MQ","description":"","potentialAction":[{"@type":"SearchAction","target":{"@type":"EntryPoint","urlTemplate":"https:\/\/plasticosmq.com\/co\/?s={search_term_string}"},"query-input":{"@type":"PropertyValueSpecification","valueRequired":true,"valueName":"search_term_string"}}],"inLanguage":"es"}]}},"_links":{"self":[{"href":"https:\/\/plasticosmq.com\/co\/wp-json\/wp\/v2\/product\/4750","targetHints":{"allow":["GET"]}}],"collection":[{"href":"https:\/\/plasticosmq.com\/co\/wp-json\/wp\/v2\/product"}],"about":[{"href":"https:\/\/plasticosmq.com\/co\/wp-json\/wp\/v2\/types\/product"}],"version-history":[{"count":1,"href":"https:\/\/plasticosmq.com\/co\/wp-json\/wp\/v2\/product\/4750\/revisions"}],"predecessor-version":[{"id":4773,"href":"https:\/\/plasticosmq.com\/co\/wp-json\/wp\/v2\/product\/4750\/revisions\/4773"}],"wp:featuredmedia":[{"embeddable":true,"href":"https:\/\/plasticosmq.com\/co\/wp-json\/wp\/v2\/media\/4760"}],"wp:attachment":[{"href":"https:\/\/plasticosmq.com\/co\/wp-json\/wp\/v2\/media?parent=4750"}],"wp:term":[{"taxonomy":"product_brand","embeddable":true,"href":"https:\/\/plasticosmq.com\/co\/wp-json\/wp\/v2\/product_brand?post=4750"},{"taxonomy":"product_cat","embeddable":true,"href":"https:\/\/plasticosmq.com\/co\/wp-json\/wp\/v2\/product_cat?post=4750"},{"taxonomy":"product_tag","embeddable":true,"href":"https:\/\/plasticosmq.com\/co\/wp-json\/wp\/v2\/product_tag?post=4750"},{"taxonomy":"coleccion","embeddable":true,"href":"https:\/\/plasticosmq.com\/co\/wp-json\/wp\/v2\/coleccion?post=4750"}],"curies":[{"name":"wp","href":"https:\/\/api.w.org\/{rel}","templated":true}]}}