{"id":4859,"date":"2026-04-01T21:19:48","date_gmt":"2026-04-01T21:19:48","guid":{"rendered":"https:\/\/plasticosmq.com\/co\/?post_type=product&#038;p=4859"},"modified":"2026-04-01T21:19:48","modified_gmt":"2026-04-01T21:19:48","slug":"comoda-organizador-eclypse-3-niveles","status":"publish","type":"product","link":"https:\/\/plasticosmq.com\/co\/producto\/comoda-organizador-eclypse-3-niveles\/","title":{"rendered":"Comoda Organizador Eclypse 3 Niveles"},"content":{"rendered":"<p>Esta comoda es la soluci\u00f3n perfecta para mantener tus espacios ordenados y organizados. Ofrece un espacio de almacenamiento perfecto para tus pertenencias brind\u00e1ndote versatilidad y adaptabilidad.<\/p>\n<p>Fabricado en un material resistente como lo es la resina de polipropileno de alta densidad, este cajonero es duradero y f\u00e1cil de limpiar. Su modelo nuevo garantiza que recibir\u00e1s un producto en perfectas condiciones.<\/p>\n<p>Adem\u00e1s, cuenta con tapa, lo que te permite proteger tus pertenencias del polvo y la humedad<\/p>\n<p>Es la opci\u00f3n ideal para mantener tus espacios ordenados y aprovechar al m\u00e1ximo cada rinc\u00f3n. \u00a1No pierdas la oportunidad de tener un producto de calidad que te brindar\u00e1 comodidad y practicidad en tu d\u00eda a d\u00eda!<\/p>\n<p>Medidas:<\/p>\n<p>Alto: 61.8 cm<br \/>\nAncho: 55.2 cm<br \/>\nLargo: 40.7 cm<\/p>\n","protected":false},"excerpt":{"rendered":"<p>Este cajonero se adapta a cualquier espacio, ya sea en tu hogar, oficina o cualquier otro lugar.<\/p>\n","protected":false},"featured_media":4886,"menu_order":0,"template":"","meta":{"footnotes":""},"product_brand":[60],"product_cat":[],"product_tag":[],"coleccion":[35],"class_list":{"0":"post-4859","1":"product","2":"type-product","3":"status-publish","4":"has-post-thumbnail","6":"product_brand-mq","7":"coleccion-eclypse","9":"first","10":"instock","11":"sale","12":"shipping-taxable","13":"purchasable","14":"product-type-variable","15":"rtwpvg-product"},"yoast_head":"<!-- This site is optimized with the Yoast SEO plugin v26.8 - https:\/\/yoast.com\/product\/yoast-seo-wordpress\/ -->\n<title>Comoda Organizador Eclypse 3 Niveles - Plasticos MQ<\/title>\n<meta name=\"robots\" content=\"index, follow, max-snippet:-1, max-image-preview:large, max-video-preview:-1\" \/>\n<link rel=\"canonical\" href=\"https:\/\/plasticosmq.com\/co\/producto\/comoda-organizador-eclypse-3-niveles\/\" \/>\n<meta property=\"og:locale\" content=\"es_ES\" \/>\n<meta property=\"og:type\" content=\"article\" \/>\n<meta property=\"og:title\" content=\"Comoda Organizador Eclypse 3 Niveles - Plasticos MQ\" \/>\n<meta property=\"og:description\" content=\"Este cajonero se adapta a cualquier espacio, ya sea en tu hogar, oficina o cualquier otro lugar.\" \/>\n<meta property=\"og:url\" content=\"https:\/\/plasticosmq.com\/co\/producto\/comoda-organizador-eclypse-3-niveles\/\" \/>\n<meta property=\"og:site_name\" content=\"Plasticos MQ\" \/>\n<meta property=\"og:image\" content=\"https:\/\/plasticosmq.com\/co\/wp-content\/uploads\/sites\/4\/2026\/04\/1-3.jpg\" \/>\n\t<meta property=\"og:image:width\" content=\"1200\" \/>\n\t<meta property=\"og:image:height\" content=\"1200\" \/>\n\t<meta property=\"og:image:type\" content=\"image\/jpeg\" \/>\n<meta name=\"twitter:card\" content=\"summary_large_image\" \/>\n<meta name=\"twitter:label1\" content=\"Tiempo de lectura\" \/>\n\t<meta name=\"twitter:data1\" content=\"5 minutos\" \/>\n<script type=\"application\/ld+json\" class=\"yoast-schema-graph\">{\"@context\":\"https:\/\/schema.org\",\"@graph\":[{\"@type\":\"WebPage\",\"@id\":\"https:\/\/plasticosmq.com\/co\/producto\/comoda-organizador-eclypse-3-niveles\/\",\"url\":\"https:\/\/plasticosmq.com\/co\/producto\/comoda-organizador-eclypse-3-niveles\/\",\"name\":\"Comoda Organizador Eclypse 3 Niveles - Plasticos MQ\",\"isPartOf\":{\"@id\":\"https:\/\/plasticosmq.com\/co\/#website\"},\"primaryImageOfPage\":{\"@id\":\"https:\/\/plasticosmq.com\/co\/producto\/comoda-organizador-eclypse-3-niveles\/#primaryimage\"},\"image\":{\"@id\":\"https:\/\/plasticosmq.com\/co\/producto\/comoda-organizador-eclypse-3-niveles\/#primaryimage\"},\"thumbnailUrl\":\"https:\/\/plasticosmq.com\/co\/wp-content\/uploads\/sites\/4\/2026\/04\/1-3.jpg\",\"datePublished\":\"2026-04-01T21:19:48+00:00\",\"breadcrumb\":{\"@id\":\"https:\/\/plasticosmq.com\/co\/producto\/comoda-organizador-eclypse-3-niveles\/#breadcrumb\"},\"inLanguage\":\"es\",\"potentialAction\":[{\"@type\":\"ReadAction\",\"target\":[\"https:\/\/plasticosmq.com\/co\/producto\/comoda-organizador-eclypse-3-niveles\/\"]}]},{\"@type\":\"ImageObject\",\"inLanguage\":\"es\",\"@id\":\"https:\/\/plasticosmq.com\/co\/producto\/comoda-organizador-eclypse-3-niveles\/#primaryimage\",\"url\":\"https:\/\/plasticosmq.com\/co\/wp-content\/uploads\/sites\/4\/2026\/04\/1-3.jpg\",\"contentUrl\":\"https:\/\/plasticosmq.com\/co\/wp-content\/uploads\/sites\/4\/2026\/04\/1-3.jpg\",\"width\":1200,\"height\":1200},{\"@type\":\"BreadcrumbList\",\"@id\":\"https:\/\/plasticosmq.com\/co\/producto\/comoda-organizador-eclypse-3-niveles\/#breadcrumb\",\"itemListElement\":[{\"@type\":\"ListItem\",\"position\":1,\"name\":\"Inicio\",\"item\":\"https:\/\/plasticosmq.com\/co\/\"},{\"@type\":\"ListItem\",\"position\":2,\"name\":\"Tienda Pl\u00e1sticos MQ: compra online muebles para hogar\",\"item\":\"https:\/\/plasticosmq.com\/co\/shop\/\"},{\"@type\":\"ListItem\",\"position\":3,\"name\":\"Comoda Organizador Eclypse 3 Niveles\"}]},{\"@type\":\"WebSite\",\"@id\":\"https:\/\/plasticosmq.com\/co\/#website\",\"url\":\"https:\/\/plasticosmq.com\/co\/\",\"name\":\"Plasticos MQ\",\"description\":\"\",\"potentialAction\":[{\"@type\":\"SearchAction\",\"target\":{\"@type\":\"EntryPoint\",\"urlTemplate\":\"https:\/\/plasticosmq.com\/co\/?s={search_term_string}\"},\"query-input\":{\"@type\":\"PropertyValueSpecification\",\"valueRequired\":true,\"valueName\":\"search_term_string\"}}],\"inLanguage\":\"es\"}]}<\/script>\n<!-- \/ Yoast SEO plugin. -->","yoast_head_json":{"title":"Comoda Organizador Eclypse 3 Niveles - Plasticos MQ","robots":{"index":"index","follow":"follow","max-snippet":"max-snippet:-1","max-image-preview":"max-image-preview:large","max-video-preview":"max-video-preview:-1"},"canonical":"https:\/\/plasticosmq.com\/co\/producto\/comoda-organizador-eclypse-3-niveles\/","og_locale":"es_ES","og_type":"article","og_title":"Comoda Organizador Eclypse 3 Niveles - Plasticos MQ","og_description":"Este cajonero se adapta a cualquier espacio, ya sea en tu hogar, oficina o cualquier otro lugar.","og_url":"https:\/\/plasticosmq.com\/co\/producto\/comoda-organizador-eclypse-3-niveles\/","og_site_name":"Plasticos MQ","og_image":[{"width":1200,"height":1200,"url":"https:\/\/plasticosmq.com\/co\/wp-content\/uploads\/sites\/4\/2026\/04\/1-3.jpg","type":"image\/jpeg"}],"twitter_card":"summary_large_image","twitter_misc":{"Tiempo de lectura":"5 minutos"},"schema":{"@context":"https:\/\/schema.org","@graph":[{"@type":"WebPage","@id":"https:\/\/plasticosmq.com\/co\/producto\/comoda-organizador-eclypse-3-niveles\/","url":"https:\/\/plasticosmq.com\/co\/producto\/comoda-organizador-eclypse-3-niveles\/","name":"Comoda Organizador Eclypse 3 Niveles - Plasticos MQ","isPartOf":{"@id":"https:\/\/plasticosmq.com\/co\/#website"},"primaryImageOfPage":{"@id":"https:\/\/plasticosmq.com\/co\/producto\/comoda-organizador-eclypse-3-niveles\/#primaryimage"},"image":{"@id":"https:\/\/plasticosmq.com\/co\/producto\/comoda-organizador-eclypse-3-niveles\/#primaryimage"},"thumbnailUrl":"https:\/\/plasticosmq.com\/co\/wp-content\/uploads\/sites\/4\/2026\/04\/1-3.jpg","datePublished":"2026-04-01T21:19:48+00:00","breadcrumb":{"@id":"https:\/\/plasticosmq.com\/co\/producto\/comoda-organizador-eclypse-3-niveles\/#breadcrumb"},"inLanguage":"es","potentialAction":[{"@type":"ReadAction","target":["https:\/\/plasticosmq.com\/co\/producto\/comoda-organizador-eclypse-3-niveles\/"]}]},{"@type":"ImageObject","inLanguage":"es","@id":"https:\/\/plasticosmq.com\/co\/producto\/comoda-organizador-eclypse-3-niveles\/#primaryimage","url":"https:\/\/plasticosmq.com\/co\/wp-content\/uploads\/sites\/4\/2026\/04\/1-3.jpg","contentUrl":"https:\/\/plasticosmq.com\/co\/wp-content\/uploads\/sites\/4\/2026\/04\/1-3.jpg","width":1200,"height":1200},{"@type":"BreadcrumbList","@id":"https:\/\/plasticosmq.com\/co\/producto\/comoda-organizador-eclypse-3-niveles\/#breadcrumb","itemListElement":[{"@type":"ListItem","position":1,"name":"Inicio","item":"https:\/\/plasticosmq.com\/co\/"},{"@type":"ListItem","position":2,"name":"Tienda Pl\u00e1sticos MQ: compra online muebles para hogar","item":"https:\/\/plasticosmq.com\/co\/shop\/"},{"@type":"ListItem","position":3,"name":"Comoda Organizador Eclypse 3 Niveles"}]},{"@type":"WebSite","@id":"https:\/\/plasticosmq.com\/co\/#website","url":"https:\/\/plasticosmq.com\/co\/","name":"Plasticos MQ","description":"","potentialAction":[{"@type":"SearchAction","target":{"@type":"EntryPoint","urlTemplate":"https:\/\/plasticosmq.com\/co\/?s={search_term_string}"},"query-input":{"@type":"PropertyValueSpecification","valueRequired":true,"valueName":"search_term_string"}}],"inLanguage":"es"}]}},"_links":{"self":[{"href":"https:\/\/plasticosmq.com\/co\/wp-json\/wp\/v2\/product\/4859","targetHints":{"allow":["GET"]}}],"collection":[{"href":"https:\/\/plasticosmq.com\/co\/wp-json\/wp\/v2\/product"}],"about":[{"href":"https:\/\/plasticosmq.com\/co\/wp-json\/wp\/v2\/types\/product"}],"version-history":[{"count":1,"href":"https:\/\/plasticosmq.com\/co\/wp-json\/wp\/v2\/product\/4859\/revisions"}],"predecessor-version":[{"id":4891,"href":"https:\/\/plasticosmq.com\/co\/wp-json\/wp\/v2\/product\/4859\/revisions\/4891"}],"wp:featuredmedia":[{"embeddable":true,"href":"https:\/\/plasticosmq.com\/co\/wp-json\/wp\/v2\/media\/4886"}],"wp:attachment":[{"href":"https:\/\/plasticosmq.com\/co\/wp-json\/wp\/v2\/media?parent=4859"}],"wp:term":[{"taxonomy":"product_brand","embeddable":true,"href":"https:\/\/plasticosmq.com\/co\/wp-json\/wp\/v2\/product_brand?post=4859"},{"taxonomy":"product_cat","embeddable":true,"href":"https:\/\/plasticosmq.com\/co\/wp-json\/wp\/v2\/product_cat?post=4859"},{"taxonomy":"product_tag","embeddable":true,"href":"https:\/\/plasticosmq.com\/co\/wp-json\/wp\/v2\/product_tag?post=4859"},{"taxonomy":"coleccion","embeddable":true,"href":"https:\/\/plasticosmq.com\/co\/wp-json\/wp\/v2\/coleccion?post=4859"}],"curies":[{"name":"wp","href":"https:\/\/api.w.org\/{rel}","templated":true}]}}