{"id":1646,"date":"2025-10-14T16:09:53","date_gmt":"2025-10-14T16:09:53","guid":{"rendered":"https:\/\/plasticosmq.com\/mx\/?page_id=1646"},"modified":"2026-04-10T20:30:14","modified_gmt":"2026-04-10T20:30:14","slug":"sobre-nosotros","status":"publish","type":"page","link":"https:\/\/plasticosmq.com\/mx\/sobre-nosotros\/","title":{"rendered":"Sobre nosotros"},"content":{"rendered":"","protected":false},"excerpt":{"rendered":"","protected":false},"author":1,"featured_media":0,"parent":0,"menu_order":0,"comment_status":"closed","ping_status":"closed","template":"","meta":{"footnotes":""},"class_list":["post-1646","page","type-page","status-publish","hentry"],"yoast_head":"<!-- This site is optimized with the Yoast SEO plugin v26.8 - https:\/\/yoast.com\/product\/yoast-seo-wordpress\/ -->\n<title>Descubre qui\u00e9nes somos y qu\u00e9 nos impulsa hoy en M\u00e9xico<\/title>\n<meta name=\"description\" content=\"Aprende todo sobre nuestra trayectoria y compromiso con la calidad. A\u00f1os dise\u00f1ando y creando muebles excepcionales\" \/>\n<meta name=\"robots\" content=\"index, follow, max-snippet:-1, max-image-preview:large, max-video-preview:-1\" \/>\n<link rel=\"canonical\" href=\"https:\/\/plasticosmq.com\/mx\/sobre-nosotros\/\" \/>\n<meta property=\"og:locale\" content=\"es_ES\" \/>\n<meta property=\"og:type\" content=\"article\" \/>\n<meta property=\"og:title\" content=\"Descubre qui\u00e9nes somos y qu\u00e9 nos impulsa hoy en M\u00e9xico\" \/>\n<meta property=\"og:description\" content=\"Aprende todo sobre nuestra trayectoria y compromiso con la calidad. A\u00f1os dise\u00f1ando y creando muebles excepcionales\" \/>\n<meta property=\"og:url\" content=\"https:\/\/plasticosmq.com\/mx\/sobre-nosotros\/\" \/>\n<meta property=\"og:site_name\" content=\"Plasticos MQ\" \/>\n<meta property=\"article:modified_time\" content=\"2026-04-10T20:30:14+00:00\" \/>\n<meta name=\"twitter:card\" content=\"summary_large_image\" \/>\n<meta name=\"twitter:label1\" content=\"Tiempo de lectura\" \/>\n\t<meta name=\"twitter:data1\" content=\"12 minutos\" \/>\n<script type=\"application\/ld+json\" class=\"yoast-schema-graph\">{\"@context\":\"https:\/\/schema.org\",\"@graph\":[{\"@type\":\"WebPage\",\"@id\":\"https:\/\/plasticosmq.com\/mx\/sobre-nosotros\/\",\"url\":\"https:\/\/plasticosmq.com\/mx\/sobre-nosotros\/\",\"name\":\"Descubre qui\u00e9nes somos y qu\u00e9 nos impulsa hoy en M\u00e9xico\",\"isPartOf\":{\"@id\":\"https:\/\/plasticosmq.com\/mx\/#website\"},\"datePublished\":\"2025-10-14T16:09:53+00:00\",\"dateModified\":\"2026-04-10T20:30:14+00:00\",\"description\":\"Aprende todo sobre nuestra trayectoria y compromiso con la calidad. A\u00f1os dise\u00f1ando y creando muebles excepcionales\",\"breadcrumb\":{\"@id\":\"https:\/\/plasticosmq.com\/mx\/sobre-nosotros\/#breadcrumb\"},\"inLanguage\":\"es\",\"potentialAction\":[{\"@type\":\"ReadAction\",\"target\":[\"https:\/\/plasticosmq.com\/mx\/sobre-nosotros\/\"]}]},{\"@type\":\"BreadcrumbList\",\"@id\":\"https:\/\/plasticosmq.com\/mx\/sobre-nosotros\/#breadcrumb\",\"itemListElement\":[{\"@type\":\"ListItem\",\"position\":1,\"name\":\"Inicio\",\"item\":\"https:\/\/plasticosmq.com\/mx\/\"},{\"@type\":\"ListItem\",\"position\":2,\"name\":\"Sobre nosotros\"}]},{\"@type\":\"WebSite\",\"@id\":\"https:\/\/plasticosmq.com\/mx\/#website\",\"url\":\"https:\/\/plasticosmq.com\/mx\/\",\"name\":\"Plasticos MQ\",\"description\":\"\",\"potentialAction\":[{\"@type\":\"SearchAction\",\"target\":{\"@type\":\"EntryPoint\",\"urlTemplate\":\"https:\/\/plasticosmq.com\/mx\/?s={search_term_string}\"},\"query-input\":{\"@type\":\"PropertyValueSpecification\",\"valueRequired\":true,\"valueName\":\"search_term_string\"}}],\"inLanguage\":\"es\"}]}<\/script>\n<!-- \/ Yoast SEO plugin. -->","yoast_head_json":{"title":"Descubre qui\u00e9nes somos y qu\u00e9 nos impulsa hoy en M\u00e9xico","description":"Aprende todo sobre nuestra trayectoria y compromiso con la calidad. A\u00f1os dise\u00f1ando y creando muebles excepcionales","robots":{"index":"index","follow":"follow","max-snippet":"max-snippet:-1","max-image-preview":"max-image-preview:large","max-video-preview":"max-video-preview:-1"},"canonical":"https:\/\/plasticosmq.com\/mx\/sobre-nosotros\/","og_locale":"es_ES","og_type":"article","og_title":"Descubre qui\u00e9nes somos y qu\u00e9 nos impulsa hoy en M\u00e9xico","og_description":"Aprende todo sobre nuestra trayectoria y compromiso con la calidad. A\u00f1os dise\u00f1ando y creando muebles excepcionales","og_url":"https:\/\/plasticosmq.com\/mx\/sobre-nosotros\/","og_site_name":"Plasticos MQ","article_modified_time":"2026-04-10T20:30:14+00:00","twitter_card":"summary_large_image","twitter_misc":{"Tiempo de lectura":"12 minutos"},"schema":{"@context":"https:\/\/schema.org","@graph":[{"@type":"WebPage","@id":"https:\/\/plasticosmq.com\/mx\/sobre-nosotros\/","url":"https:\/\/plasticosmq.com\/mx\/sobre-nosotros\/","name":"Descubre qui\u00e9nes somos y qu\u00e9 nos impulsa hoy en M\u00e9xico","isPartOf":{"@id":"https:\/\/plasticosmq.com\/mx\/#website"},"datePublished":"2025-10-14T16:09:53+00:00","dateModified":"2026-04-10T20:30:14+00:00","description":"Aprende todo sobre nuestra trayectoria y compromiso con la calidad. A\u00f1os dise\u00f1ando y creando muebles excepcionales","breadcrumb":{"@id":"https:\/\/plasticosmq.com\/mx\/sobre-nosotros\/#breadcrumb"},"inLanguage":"es","potentialAction":[{"@type":"ReadAction","target":["https:\/\/plasticosmq.com\/mx\/sobre-nosotros\/"]}]},{"@type":"BreadcrumbList","@id":"https:\/\/plasticosmq.com\/mx\/sobre-nosotros\/#breadcrumb","itemListElement":[{"@type":"ListItem","position":1,"name":"Inicio","item":"https:\/\/plasticosmq.com\/mx\/"},{"@type":"ListItem","position":2,"name":"Sobre nosotros"}]},{"@type":"WebSite","@id":"https:\/\/plasticosmq.com\/mx\/#website","url":"https:\/\/plasticosmq.com\/mx\/","name":"Plasticos MQ","description":"","potentialAction":[{"@type":"SearchAction","target":{"@type":"EntryPoint","urlTemplate":"https:\/\/plasticosmq.com\/mx\/?s={search_term_string}"},"query-input":{"@type":"PropertyValueSpecification","valueRequired":true,"valueName":"search_term_string"}}],"inLanguage":"es"}]}},"_links":{"self":[{"href":"https:\/\/plasticosmq.com\/mx\/wp-json\/wp\/v2\/pages\/1646","targetHints":{"allow":["GET"]}}],"collection":[{"href":"https:\/\/plasticosmq.com\/mx\/wp-json\/wp\/v2\/pages"}],"about":[{"href":"https:\/\/plasticosmq.com\/mx\/wp-json\/wp\/v2\/types\/page"}],"author":[{"embeddable":true,"href":"https:\/\/plasticosmq.com\/mx\/wp-json\/wp\/v2\/users\/1"}],"replies":[{"embeddable":true,"href":"https:\/\/plasticosmq.com\/mx\/wp-json\/wp\/v2\/comments?post=1646"}],"version-history":[{"count":51,"href":"https:\/\/plasticosmq.com\/mx\/wp-json\/wp\/v2\/pages\/1646\/revisions"}],"predecessor-version":[{"id":3948,"href":"https:\/\/plasticosmq.com\/mx\/wp-json\/wp\/v2\/pages\/1646\/revisions\/3948"}],"wp:attachment":[{"href":"https:\/\/plasticosmq.com\/mx\/wp-json\/wp\/v2\/media?parent=1646"}],"curies":[{"name":"wp","href":"https:\/\/api.w.org\/{rel}","templated":true}]}}