{"id":1030,"date":"2025-10-05T16:02:25","date_gmt":"2025-10-05T16:02:25","guid":{"rendered":"https:\/\/plasticosmq.com\/mx\/?post_type=product&#038;p=1030"},"modified":"2026-03-16T17:24:14","modified_gmt":"2026-03-16T17:24:14","slug":"armario-capri-large","status":"publish","type":"product","link":"https:\/\/plasticosmq.com\/mx\/producto\/muebles-de-jardin\/conoce-la-resistencia-y-durabilidad-de-todas-nuestra-lineas\/armario-capri-large\/","title":{"rendered":"Armario Exterior Multiusos Capri Large"},"content":{"rendered":"<p><span data-sheets-root=\"1\">Armario Capri tama\u00f1o L en resina postconsumo reutilizada con texrura tipo rat\u00e1n, resistente y pr\u00e1ctico, incluye dos repisas internas y puertas frontales para f\u00e1cil organizaci\u00f3n. Ideal para mantener ordenados tus espacios interiores o exteriores.<\/span><\/p>\n","protected":false},"excerpt":{"rendered":"<p><span data-sheets-root=\"1\">Armario Capri tama\u00f1o L en resina postconsumo reutilizada con texrura tipo rat\u00e1n, resistente y pr\u00e1ctico, incluye dos repisas internas y puertas frontales para f\u00e1cil organizaci\u00f3n. Ideal para mantener ordenados tus espacios interiores o exteriores.<\/span><\/p>\n","protected":false},"featured_media":3508,"comment_status":"open","ping_status":"closed","template":"","meta":[],"product_brand":[],"product_cat":[61,37,17],"product_tag":[],"coleccion":[23],"class_list":{"0":"post-1030","1":"product","2":"type-product","3":"status-publish","4":"has-post-thumbnail","6":"product_cat-conoce-la-resistencia-y-durabilidad-de-todas-nuestra-lineas","7":"product_cat-muebles-de-jardin","8":"product_cat-organizacion","9":"coleccion-capri","11":"first","12":"instock","13":"sale","14":"shipping-taxable","15":"purchasable","16":"product-type-simple"},"yoast_head":"<!-- This site is optimized with the Yoast SEO plugin v26.8 - https:\/\/yoast.com\/product\/yoast-seo-wordpress\/ -->\n<title>Armario pl\u00e1stico exterior multiusos con 2 entrepa\u00f1os para exterior<\/title>\n<meta name=\"description\" content=\"Armario pl\u00e1stico multiusos exterior resistentes y espacio de almacenamiento. Ideal para patio, lavander\u00eda u oficina. Pr\u00e1ctico y ecol\u00f3gico. \u00a1Compra hoy!\" \/>\n<meta name=\"robots\" content=\"index, follow, max-snippet:-1, max-image-preview:large, max-video-preview:-1\" \/>\n<link rel=\"canonical\" href=\"https:\/\/plasticosmq.com\/mx\/producto\/muebles-de-jardin\/conoce-la-resistencia-y-durabilidad-de-todas-nuestra-lineas\/armario-capri-large\/\" \/>\n<meta property=\"og:locale\" content=\"es_ES\" \/>\n<meta property=\"og:type\" content=\"article\" \/>\n<meta property=\"og:title\" content=\"Armario pl\u00e1stico exterior multiusos con 2 entrepa\u00f1os para exterior\" \/>\n<meta property=\"og:description\" content=\"Armario pl\u00e1stico multiusos exterior resistentes y espacio de almacenamiento. Ideal para patio, lavander\u00eda u oficina. Pr\u00e1ctico y ecol\u00f3gico. \u00a1Compra hoy!\" \/>\n<meta property=\"og:url\" content=\"https:\/\/plasticosmq.com\/mx\/producto\/muebles-de-jardin\/conoce-la-resistencia-y-durabilidad-de-todas-nuestra-lineas\/armario-capri-large\/\" \/>\n<meta property=\"og:site_name\" content=\"Plasticos MQ\" \/>\n<meta property=\"article:modified_time\" content=\"2026-03-16T17:24:14+00:00\" \/>\n<meta property=\"og:image\" content=\"https:\/\/plasticosmq.com\/mx\/wp-content\/uploads\/sites\/7\/2025\/10\/Armario-Capri-L-1.jpg\" \/>\n\t<meta property=\"og:image:width\" content=\"2000\" \/>\n\t<meta property=\"og:image:height\" content=\"2000\" \/>\n\t<meta property=\"og:image:type\" content=\"image\/jpeg\" \/>\n<meta name=\"twitter:card\" content=\"summary_large_image\" \/>\n<meta name=\"twitter:label1\" content=\"Tiempo de lectura\" \/>\n\t<meta name=\"twitter:data1\" content=\"8 minutos\" \/>\n<script type=\"application\/ld+json\" class=\"yoast-schema-graph\">{\"@context\":\"https:\/\/schema.org\",\"@graph\":[{\"@type\":\"WebPage\",\"@id\":\"https:\/\/plasticosmq.com\/mx\/producto\/muebles-de-jardin\/conoce-la-resistencia-y-durabilidad-de-todas-nuestra-lineas\/armario-capri-large\/\",\"url\":\"https:\/\/plasticosmq.com\/mx\/producto\/muebles-de-jardin\/conoce-la-resistencia-y-durabilidad-de-todas-nuestra-lineas\/armario-capri-large\/\",\"name\":\"Armario pl\u00e1stico exterior multiusos con 2 entrepa\u00f1os para exterior\",\"isPartOf\":{\"@id\":\"https:\/\/plasticosmq.com\/mx\/#website\"},\"primaryImageOfPage\":{\"@id\":\"https:\/\/plasticosmq.com\/mx\/producto\/muebles-de-jardin\/conoce-la-resistencia-y-durabilidad-de-todas-nuestra-lineas\/armario-capri-large\/#primaryimage\"},\"image\":{\"@id\":\"https:\/\/plasticosmq.com\/mx\/producto\/muebles-de-jardin\/conoce-la-resistencia-y-durabilidad-de-todas-nuestra-lineas\/armario-capri-large\/#primaryimage\"},\"thumbnailUrl\":\"https:\/\/plasticosmq.com\/mx\/wp-content\/uploads\/sites\/7\/2025\/10\/Armario-Capri-L-1.jpg\",\"datePublished\":\"2025-10-05T16:02:25+00:00\",\"dateModified\":\"2026-03-16T17:24:14+00:00\",\"description\":\"Armario pl\u00e1stico multiusos exterior resistentes y espacio de almacenamiento. Ideal para patio, lavander\u00eda u oficina. Pr\u00e1ctico y ecol\u00f3gico. \u00a1Compra hoy!\",\"breadcrumb\":{\"@id\":\"https:\/\/plasticosmq.com\/mx\/producto\/muebles-de-jardin\/conoce-la-resistencia-y-durabilidad-de-todas-nuestra-lineas\/armario-capri-large\/#breadcrumb\"},\"inLanguage\":\"es\",\"potentialAction\":[{\"@type\":\"ReadAction\",\"target\":[\"https:\/\/plasticosmq.com\/mx\/producto\/muebles-de-jardin\/conoce-la-resistencia-y-durabilidad-de-todas-nuestra-lineas\/armario-capri-large\/\"]}]},{\"@type\":\"ImageObject\",\"inLanguage\":\"es\",\"@id\":\"https:\/\/plasticosmq.com\/mx\/producto\/muebles-de-jardin\/conoce-la-resistencia-y-durabilidad-de-todas-nuestra-lineas\/armario-capri-large\/#primaryimage\",\"url\":\"https:\/\/plasticosmq.com\/mx\/wp-content\/uploads\/sites\/7\/2025\/10\/Armario-Capri-L-1.jpg\",\"contentUrl\":\"https:\/\/plasticosmq.com\/mx\/wp-content\/uploads\/sites\/7\/2025\/10\/Armario-Capri-L-1.jpg\",\"width\":2000,\"height\":2000,\"caption\":\"Armario exterior capri multiusos\"},{\"@type\":\"BreadcrumbList\",\"@id\":\"https:\/\/plasticosmq.com\/mx\/producto\/muebles-de-jardin\/conoce-la-resistencia-y-durabilidad-de-todas-nuestra-lineas\/armario-capri-large\/#breadcrumb\",\"itemListElement\":[{\"@type\":\"ListItem\",\"position\":1,\"name\":\"Inicio\",\"item\":\"https:\/\/plasticosmq.com\/mx\/\"},{\"@type\":\"ListItem\",\"position\":2,\"name\":\"Shop\",\"item\":\"https:\/\/plasticosmq.com\/mx\/shop\/\"},{\"@type\":\"ListItem\",\"position\":3,\"name\":\"Armario Exterior Multiusos Capri Large\"}]},{\"@type\":\"WebSite\",\"@id\":\"https:\/\/plasticosmq.com\/mx\/#website\",\"url\":\"https:\/\/plasticosmq.com\/mx\/\",\"name\":\"Plasticos MQ\",\"description\":\"\",\"potentialAction\":[{\"@type\":\"SearchAction\",\"target\":{\"@type\":\"EntryPoint\",\"urlTemplate\":\"https:\/\/plasticosmq.com\/mx\/?s={search_term_string}\"},\"query-input\":{\"@type\":\"PropertyValueSpecification\",\"valueRequired\":true,\"valueName\":\"search_term_string\"}}],\"inLanguage\":\"es\"}]}<\/script>\n<!-- \/ Yoast SEO plugin. -->","yoast_head_json":{"title":"Armario pl\u00e1stico exterior multiusos con 2 entrepa\u00f1os para exterior","description":"Armario pl\u00e1stico multiusos exterior resistentes y espacio de almacenamiento. Ideal para patio, lavander\u00eda u oficina. Pr\u00e1ctico y ecol\u00f3gico. \u00a1Compra hoy!","robots":{"index":"index","follow":"follow","max-snippet":"max-snippet:-1","max-image-preview":"max-image-preview:large","max-video-preview":"max-video-preview:-1"},"canonical":"https:\/\/plasticosmq.com\/mx\/producto\/muebles-de-jardin\/conoce-la-resistencia-y-durabilidad-de-todas-nuestra-lineas\/armario-capri-large\/","og_locale":"es_ES","og_type":"article","og_title":"Armario pl\u00e1stico exterior multiusos con 2 entrepa\u00f1os para exterior","og_description":"Armario pl\u00e1stico multiusos exterior resistentes y espacio de almacenamiento. Ideal para patio, lavander\u00eda u oficina. Pr\u00e1ctico y ecol\u00f3gico. \u00a1Compra hoy!","og_url":"https:\/\/plasticosmq.com\/mx\/producto\/muebles-de-jardin\/conoce-la-resistencia-y-durabilidad-de-todas-nuestra-lineas\/armario-capri-large\/","og_site_name":"Plasticos MQ","article_modified_time":"2026-03-16T17:24:14+00:00","og_image":[{"width":2000,"height":2000,"url":"https:\/\/plasticosmq.com\/mx\/wp-content\/uploads\/sites\/7\/2025\/10\/Armario-Capri-L-1.jpg","type":"image\/jpeg"}],"twitter_card":"summary_large_image","twitter_misc":{"Tiempo de lectura":"8 minutos"},"schema":{"@context":"https:\/\/schema.org","@graph":[{"@type":"WebPage","@id":"https:\/\/plasticosmq.com\/mx\/producto\/muebles-de-jardin\/conoce-la-resistencia-y-durabilidad-de-todas-nuestra-lineas\/armario-capri-large\/","url":"https:\/\/plasticosmq.com\/mx\/producto\/muebles-de-jardin\/conoce-la-resistencia-y-durabilidad-de-todas-nuestra-lineas\/armario-capri-large\/","name":"Armario pl\u00e1stico exterior multiusos con 2 entrepa\u00f1os para exterior","isPartOf":{"@id":"https:\/\/plasticosmq.com\/mx\/#website"},"primaryImageOfPage":{"@id":"https:\/\/plasticosmq.com\/mx\/producto\/muebles-de-jardin\/conoce-la-resistencia-y-durabilidad-de-todas-nuestra-lineas\/armario-capri-large\/#primaryimage"},"image":{"@id":"https:\/\/plasticosmq.com\/mx\/producto\/muebles-de-jardin\/conoce-la-resistencia-y-durabilidad-de-todas-nuestra-lineas\/armario-capri-large\/#primaryimage"},"thumbnailUrl":"https:\/\/plasticosmq.com\/mx\/wp-content\/uploads\/sites\/7\/2025\/10\/Armario-Capri-L-1.jpg","datePublished":"2025-10-05T16:02:25+00:00","dateModified":"2026-03-16T17:24:14+00:00","description":"Armario pl\u00e1stico multiusos exterior resistentes y espacio de almacenamiento. Ideal para patio, lavander\u00eda u oficina. Pr\u00e1ctico y ecol\u00f3gico. \u00a1Compra hoy!","breadcrumb":{"@id":"https:\/\/plasticosmq.com\/mx\/producto\/muebles-de-jardin\/conoce-la-resistencia-y-durabilidad-de-todas-nuestra-lineas\/armario-capri-large\/#breadcrumb"},"inLanguage":"es","potentialAction":[{"@type":"ReadAction","target":["https:\/\/plasticosmq.com\/mx\/producto\/muebles-de-jardin\/conoce-la-resistencia-y-durabilidad-de-todas-nuestra-lineas\/armario-capri-large\/"]}]},{"@type":"ImageObject","inLanguage":"es","@id":"https:\/\/plasticosmq.com\/mx\/producto\/muebles-de-jardin\/conoce-la-resistencia-y-durabilidad-de-todas-nuestra-lineas\/armario-capri-large\/#primaryimage","url":"https:\/\/plasticosmq.com\/mx\/wp-content\/uploads\/sites\/7\/2025\/10\/Armario-Capri-L-1.jpg","contentUrl":"https:\/\/plasticosmq.com\/mx\/wp-content\/uploads\/sites\/7\/2025\/10\/Armario-Capri-L-1.jpg","width":2000,"height":2000,"caption":"Armario exterior capri multiusos"},{"@type":"BreadcrumbList","@id":"https:\/\/plasticosmq.com\/mx\/producto\/muebles-de-jardin\/conoce-la-resistencia-y-durabilidad-de-todas-nuestra-lineas\/armario-capri-large\/#breadcrumb","itemListElement":[{"@type":"ListItem","position":1,"name":"Inicio","item":"https:\/\/plasticosmq.com\/mx\/"},{"@type":"ListItem","position":2,"name":"Shop","item":"https:\/\/plasticosmq.com\/mx\/shop\/"},{"@type":"ListItem","position":3,"name":"Armario Exterior Multiusos Capri Large"}]},{"@type":"WebSite","@id":"https:\/\/plasticosmq.com\/mx\/#website","url":"https:\/\/plasticosmq.com\/mx\/","name":"Plasticos MQ","description":"","potentialAction":[{"@type":"SearchAction","target":{"@type":"EntryPoint","urlTemplate":"https:\/\/plasticosmq.com\/mx\/?s={search_term_string}"},"query-input":{"@type":"PropertyValueSpecification","valueRequired":true,"valueName":"search_term_string"}}],"inLanguage":"es"}]}},"_links":{"self":[{"href":"https:\/\/plasticosmq.com\/mx\/wp-json\/wp\/v2\/product\/1030","targetHints":{"allow":["GET"]}}],"collection":[{"href":"https:\/\/plasticosmq.com\/mx\/wp-json\/wp\/v2\/product"}],"about":[{"href":"https:\/\/plasticosmq.com\/mx\/wp-json\/wp\/v2\/types\/product"}],"replies":[{"embeddable":true,"href":"https:\/\/plasticosmq.com\/mx\/wp-json\/wp\/v2\/comments?post=1030"}],"version-history":[{"count":4,"href":"https:\/\/plasticosmq.com\/mx\/wp-json\/wp\/v2\/product\/1030\/revisions"}],"predecessor-version":[{"id":3513,"href":"https:\/\/plasticosmq.com\/mx\/wp-json\/wp\/v2\/product\/1030\/revisions\/3513"}],"wp:featuredmedia":[{"embeddable":true,"href":"https:\/\/plasticosmq.com\/mx\/wp-json\/wp\/v2\/media\/3508"}],"wp:attachment":[{"href":"https:\/\/plasticosmq.com\/mx\/wp-json\/wp\/v2\/media?parent=1030"}],"wp:term":[{"taxonomy":"product_brand","embeddable":true,"href":"https:\/\/plasticosmq.com\/mx\/wp-json\/wp\/v2\/product_brand?post=1030"},{"taxonomy":"product_cat","embeddable":true,"href":"https:\/\/plasticosmq.com\/mx\/wp-json\/wp\/v2\/product_cat?post=1030"},{"taxonomy":"product_tag","embeddable":true,"href":"https:\/\/plasticosmq.com\/mx\/wp-json\/wp\/v2\/product_tag?post=1030"},{"taxonomy":"coleccion","embeddable":true,"href":"https:\/\/plasticosmq.com\/mx\/wp-json\/wp\/v2\/coleccion?post=1030"}],"curies":[{"name":"wp","href":"https:\/\/api.w.org\/{rel}","templated":true}]}}