{"id":1068,"date":"2025-10-05T18:25:27","date_gmt":"2025-10-05T18:25:27","guid":{"rendered":"https:\/\/plasticosmq.com\/mx\/?post_type=product&#038;p=1068"},"modified":"2026-03-24T20:15:28","modified_gmt":"2026-03-24T20:15:28","slug":"armario-montana-large","status":"publish","type":"product","link":"https:\/\/plasticosmq.com\/mx\/producto\/muebles-de-jardin\/conoce-la-resistencia-y-durabilidad-de-todas-nuestra-lineas\/armario-montana-large\/","title":{"rendered":"Armario montana multiusos exterior"},"content":{"rendered":"<div class=\"flex flex-col text-sm pb-25\">\n<section class=\"text-token-text-primary w-full focus:outline-none [--shadow-height:45px] has-data-writing-block:pointer-events-none has-data-writing-block:-mt-(--shadow-height) has-data-writing-block:pt-(--shadow-height) [&amp;:has([data-writing-block])&gt;*]:pointer-events-auto scroll-mt-[calc(var(--header-height)+min(200px,max(70px,20svh)))]\" dir=\"auto\" data-turn-id=\"request-69a07c5b-5a00-8328-ae22-2fa2a68026c6-0\" data-testid=\"conversation-turn-78\" data-scroll-anchor=\"true\" data-turn=\"assistant\">\n<div class=\"text-base my-auto mx-auto pb-10 [--thread-content-margin:var(--thread-content-margin-xs,calc(var(--spacing)*4))] @w-sm\/main:[--thread-content-margin:var(--thread-content-margin-sm,calc(var(--spacing)*6))] @w-lg\/main:[--thread-content-margin:var(--thread-content-margin-lg,calc(var(--spacing)*16))] px-(--thread-content-margin)\">\n<div class=\"[--thread-content-max-width:40rem] @w-lg\/main:[--thread-content-max-width:48rem] mx-auto max-w-(--thread-content-max-width) flex-1 group\/turn-messages focus-visible:outline-hidden relative flex w-full min-w-0 flex-col agent-turn\">\n<div class=\"flex max-w-full flex-col gap-4 grow\">\n<div class=\"min-h-8 text-message relative flex w-full flex-col items-end gap-2 text-start break-words whitespace-normal outline-none keyboard-focused:focus-ring [.text-message+&amp;]:mt-1\" dir=\"auto\" data-message-author-role=\"assistant\" data-message-id=\"28106aca-0c78-46a2-b0e4-9eee751eb4bc\" data-message-model-slug=\"gpt-5-3\" data-turn-start-message=\"true\">\n<div class=\"flex w-full flex-col gap-1 empty:hidden\">\n<div class=\"markdown prose dark:prose-invert w-full wrap-break-word light markdown-new-styling\">\n<p data-start=\"493\" data-end=\"935\" data-is-last-node=\"\" data-is-only-node=\"\">Organiza mejor tu espacio con este armario pl\u00e1stico multiusos, ideal para patio, lavander\u00eda, oficina o \u00e1reas de servicio. Fabricado con pl\u00e1stico reciclado (PCR), es resistente, pr\u00e1ctico y f\u00e1cil de limpiar. Cuenta con 2 entrepa\u00f1os con capacidad de hasta 15 kg cada uno, manijas con espacio para candado y portaobjetos para mantener todo en orden. Una opci\u00f3n funcional para tu d\u00eda a d\u00eda. Aprovecha y c\u00f3mpralo hoy.<\/p>\n<\/div>\n<\/div>\n<\/div>\n<\/div>\n<div class=\"z-0 flex min-h-[46px] justify-start\"><\/div>\n<div class=\"mt-3 w-full empty:hidden\">\n<div class=\"text-center\"><\/div>\n<\/div>\n<\/div>\n<\/div>\n<\/section>\n<\/div>\n<div class=\"pointer-events-none h-px w-px absolute bottom-0\" aria-hidden=\"true\" data-edge=\"true\"><\/div>\n","protected":false},"excerpt":{"rendered":"<div class=\"flex max-w-full flex-col gap-4 grow\">\n<div class=\"min-h-8 text-message relative flex w-full flex-col items-end gap-2 text-start break-words whitespace-normal outline-none keyboard-focused:focus-ring [.text-message+&amp;]:mt-1\" dir=\"auto\" data-message-author-role=\"assistant\" data-message-id=\"28106aca-0c78-46a2-b0e4-9eee751eb4bc\" data-message-model-slug=\"gpt-5-3\" data-turn-start-message=\"true\">\n<div class=\"flex w-full flex-col gap-1 empty:hidden\">\n<div class=\"markdown prose dark:prose-invert w-full wrap-break-word light markdown-new-styling\">\n<p data-start=\"493\" data-end=\"935\" data-is-last-node=\"\" data-is-only-node=\"\">Organiza mejor tu espacio con este armario pl\u00e1stico multiusos, ideal para patio, lavander\u00eda, oficina o \u00e1reas de servicio. Fabricado con pl\u00e1stico reciclado (PCR), es resistente, pr\u00e1ctico y f\u00e1cil de limpiar. Cuenta con 2 entrepa\u00f1os con capacidad de hasta 15 kg cada uno, manijas con espacio para candado y portaobjetos para mantener todo en orden. Una opci\u00f3n funcional para tu d\u00eda a d\u00eda. Aprovecha y c\u00f3mpralo hoy.<\/p>\n<\/div>\n<\/div>\n<\/div>\n<\/div>\n<div class=\"z-0 flex min-h-[46px] justify-start\"><\/div>\n","protected":false},"featured_media":3652,"comment_status":"closed","ping_status":"closed","template":"","meta":[],"product_brand":[],"product_cat":[16,61,37],"product_tag":[],"coleccion":[30],"class_list":{"0":"post-1068","1":"product","2":"type-product","3":"status-publish","4":"has-post-thumbnail","6":"product_cat-uncategorized","7":"product_cat-conoce-la-resistencia-y-durabilidad-de-todas-nuestra-lineas","8":"product_cat-muebles-de-jardin","9":"coleccion-montana","11":"first","12":"instock","13":"sale","14":"shipping-taxable","15":"purchasable","16":"product-type-simple"},"yoast_head":"<!-- This site is optimized with the Yoast SEO plugin v26.8 - https:\/\/yoast.com\/product\/yoast-seo-wordpress\/ -->\n<title>Aprovecha mejor tu espacio con armario multiusos en M\u00e9xico<\/title>\n<meta name=\"description\" content=\"Armario multiusos exterior con entrepa\u00f1os resistentes. Ideal para , patio, lavander\u00eda u oficina. Pr\u00e1ctico, seguro y f\u00e1cil de limpiar. \u00a1Compra hoy!\" \/>\n<meta name=\"robots\" content=\"index, follow, max-snippet:-1, max-image-preview:large, max-video-preview:-1\" \/>\n<link rel=\"canonical\" href=\"https:\/\/plasticosmq.com\/mx\/producto\/muebles-de-jardin\/conoce-la-resistencia-y-durabilidad-de-todas-nuestra-lineas\/armario-montana-large\/\" \/>\n<meta property=\"og:locale\" content=\"es_ES\" \/>\n<meta property=\"og:type\" content=\"article\" \/>\n<meta property=\"og:title\" content=\"Aprovecha mejor tu espacio con armario multiusos en M\u00e9xico\" \/>\n<meta property=\"og:description\" content=\"Armario multiusos exterior con entrepa\u00f1os resistentes. Ideal para , patio, lavander\u00eda u oficina. Pr\u00e1ctico, seguro y f\u00e1cil de limpiar. \u00a1Compra hoy!\" \/>\n<meta property=\"og:url\" content=\"https:\/\/plasticosmq.com\/mx\/producto\/muebles-de-jardin\/conoce-la-resistencia-y-durabilidad-de-todas-nuestra-lineas\/armario-montana-large\/\" \/>\n<meta property=\"og:site_name\" content=\"Plasticos MQ\" \/>\n<meta property=\"article:modified_time\" content=\"2026-03-24T20:15:28+00:00\" \/>\n<meta property=\"og:image\" content=\"https:\/\/plasticosmq.com\/mx\/wp-content\/uploads\/sites\/7\/2025\/10\/Armario-Montana-GRI-L-1.jpg\" \/>\n\t<meta property=\"og:image:width\" content=\"2000\" \/>\n\t<meta property=\"og:image:height\" content=\"2000\" \/>\n\t<meta property=\"og:image:type\" content=\"image\/jpeg\" \/>\n<meta name=\"twitter:card\" content=\"summary_large_image\" \/>\n<meta name=\"twitter:label1\" content=\"Tiempo de lectura\" \/>\n\t<meta name=\"twitter:data1\" content=\"7 minutos\" \/>\n<script type=\"application\/ld+json\" class=\"yoast-schema-graph\">{\"@context\":\"https:\/\/schema.org\",\"@graph\":[{\"@type\":\"WebPage\",\"@id\":\"https:\/\/plasticosmq.com\/mx\/producto\/muebles-de-jardin\/conoce-la-resistencia-y-durabilidad-de-todas-nuestra-lineas\/armario-montana-large\/\",\"url\":\"https:\/\/plasticosmq.com\/mx\/producto\/muebles-de-jardin\/conoce-la-resistencia-y-durabilidad-de-todas-nuestra-lineas\/armario-montana-large\/\",\"name\":\"Aprovecha mejor tu espacio con armario multiusos en M\u00e9xico\",\"isPartOf\":{\"@id\":\"https:\/\/plasticosmq.com\/mx\/#website\"},\"primaryImageOfPage\":{\"@id\":\"https:\/\/plasticosmq.com\/mx\/producto\/muebles-de-jardin\/conoce-la-resistencia-y-durabilidad-de-todas-nuestra-lineas\/armario-montana-large\/#primaryimage\"},\"image\":{\"@id\":\"https:\/\/plasticosmq.com\/mx\/producto\/muebles-de-jardin\/conoce-la-resistencia-y-durabilidad-de-todas-nuestra-lineas\/armario-montana-large\/#primaryimage\"},\"thumbnailUrl\":\"https:\/\/plasticosmq.com\/mx\/wp-content\/uploads\/sites\/7\/2025\/10\/Armario-Montana-GRI-L-1.jpg\",\"datePublished\":\"2025-10-05T18:25:27+00:00\",\"dateModified\":\"2026-03-24T20:15:28+00:00\",\"description\":\"Armario multiusos exterior con entrepa\u00f1os resistentes. Ideal para , patio, lavander\u00eda u oficina. Pr\u00e1ctico, seguro y f\u00e1cil de limpiar. \u00a1Compra hoy!\",\"breadcrumb\":{\"@id\":\"https:\/\/plasticosmq.com\/mx\/producto\/muebles-de-jardin\/conoce-la-resistencia-y-durabilidad-de-todas-nuestra-lineas\/armario-montana-large\/#breadcrumb\"},\"inLanguage\":\"es\",\"potentialAction\":[{\"@type\":\"ReadAction\",\"target\":[\"https:\/\/plasticosmq.com\/mx\/producto\/muebles-de-jardin\/conoce-la-resistencia-y-durabilidad-de-todas-nuestra-lineas\/armario-montana-large\/\"]}]},{\"@type\":\"ImageObject\",\"inLanguage\":\"es\",\"@id\":\"https:\/\/plasticosmq.com\/mx\/producto\/muebles-de-jardin\/conoce-la-resistencia-y-durabilidad-de-todas-nuestra-lineas\/armario-montana-large\/#primaryimage\",\"url\":\"https:\/\/plasticosmq.com\/mx\/wp-content\/uploads\/sites\/7\/2025\/10\/Armario-Montana-GRI-L-1.jpg\",\"contentUrl\":\"https:\/\/plasticosmq.com\/mx\/wp-content\/uploads\/sites\/7\/2025\/10\/Armario-Montana-GRI-L-1.jpg\",\"width\":2000,\"height\":2000,\"caption\":\"Armario grande exterior\"},{\"@type\":\"BreadcrumbList\",\"@id\":\"https:\/\/plasticosmq.com\/mx\/producto\/muebles-de-jardin\/conoce-la-resistencia-y-durabilidad-de-todas-nuestra-lineas\/armario-montana-large\/#breadcrumb\",\"itemListElement\":[{\"@type\":\"ListItem\",\"position\":1,\"name\":\"Inicio\",\"item\":\"https:\/\/plasticosmq.com\/mx\/\"},{\"@type\":\"ListItem\",\"position\":2,\"name\":\"Shop\",\"item\":\"https:\/\/plasticosmq.com\/mx\/shop\/\"},{\"@type\":\"ListItem\",\"position\":3,\"name\":\"Armario montana multiusos exterior\"}]},{\"@type\":\"WebSite\",\"@id\":\"https:\/\/plasticosmq.com\/mx\/#website\",\"url\":\"https:\/\/plasticosmq.com\/mx\/\",\"name\":\"Plasticos MQ\",\"description\":\"\",\"potentialAction\":[{\"@type\":\"SearchAction\",\"target\":{\"@type\":\"EntryPoint\",\"urlTemplate\":\"https:\/\/plasticosmq.com\/mx\/?s={search_term_string}\"},\"query-input\":{\"@type\":\"PropertyValueSpecification\",\"valueRequired\":true,\"valueName\":\"search_term_string\"}}],\"inLanguage\":\"es\"}]}<\/script>\n<!-- \/ Yoast SEO plugin. -->","yoast_head_json":{"title":"Aprovecha mejor tu espacio con armario multiusos en M\u00e9xico","description":"Armario multiusos exterior con entrepa\u00f1os resistentes. Ideal para , patio, lavander\u00eda u oficina. Pr\u00e1ctico, seguro y f\u00e1cil de limpiar. \u00a1Compra hoy!","robots":{"index":"index","follow":"follow","max-snippet":"max-snippet:-1","max-image-preview":"max-image-preview:large","max-video-preview":"max-video-preview:-1"},"canonical":"https:\/\/plasticosmq.com\/mx\/producto\/muebles-de-jardin\/conoce-la-resistencia-y-durabilidad-de-todas-nuestra-lineas\/armario-montana-large\/","og_locale":"es_ES","og_type":"article","og_title":"Aprovecha mejor tu espacio con armario multiusos en M\u00e9xico","og_description":"Armario multiusos exterior con entrepa\u00f1os resistentes. Ideal para , patio, lavander\u00eda u oficina. Pr\u00e1ctico, seguro y f\u00e1cil de limpiar. \u00a1Compra hoy!","og_url":"https:\/\/plasticosmq.com\/mx\/producto\/muebles-de-jardin\/conoce-la-resistencia-y-durabilidad-de-todas-nuestra-lineas\/armario-montana-large\/","og_site_name":"Plasticos MQ","article_modified_time":"2026-03-24T20:15:28+00:00","og_image":[{"width":2000,"height":2000,"url":"https:\/\/plasticosmq.com\/mx\/wp-content\/uploads\/sites\/7\/2025\/10\/Armario-Montana-GRI-L-1.jpg","type":"image\/jpeg"}],"twitter_card":"summary_large_image","twitter_misc":{"Tiempo de lectura":"7 minutos"},"schema":{"@context":"https:\/\/schema.org","@graph":[{"@type":"WebPage","@id":"https:\/\/plasticosmq.com\/mx\/producto\/muebles-de-jardin\/conoce-la-resistencia-y-durabilidad-de-todas-nuestra-lineas\/armario-montana-large\/","url":"https:\/\/plasticosmq.com\/mx\/producto\/muebles-de-jardin\/conoce-la-resistencia-y-durabilidad-de-todas-nuestra-lineas\/armario-montana-large\/","name":"Aprovecha mejor tu espacio con armario multiusos en M\u00e9xico","isPartOf":{"@id":"https:\/\/plasticosmq.com\/mx\/#website"},"primaryImageOfPage":{"@id":"https:\/\/plasticosmq.com\/mx\/producto\/muebles-de-jardin\/conoce-la-resistencia-y-durabilidad-de-todas-nuestra-lineas\/armario-montana-large\/#primaryimage"},"image":{"@id":"https:\/\/plasticosmq.com\/mx\/producto\/muebles-de-jardin\/conoce-la-resistencia-y-durabilidad-de-todas-nuestra-lineas\/armario-montana-large\/#primaryimage"},"thumbnailUrl":"https:\/\/plasticosmq.com\/mx\/wp-content\/uploads\/sites\/7\/2025\/10\/Armario-Montana-GRI-L-1.jpg","datePublished":"2025-10-05T18:25:27+00:00","dateModified":"2026-03-24T20:15:28+00:00","description":"Armario multiusos exterior con entrepa\u00f1os resistentes. Ideal para , patio, lavander\u00eda u oficina. Pr\u00e1ctico, seguro y f\u00e1cil de limpiar. \u00a1Compra hoy!","breadcrumb":{"@id":"https:\/\/plasticosmq.com\/mx\/producto\/muebles-de-jardin\/conoce-la-resistencia-y-durabilidad-de-todas-nuestra-lineas\/armario-montana-large\/#breadcrumb"},"inLanguage":"es","potentialAction":[{"@type":"ReadAction","target":["https:\/\/plasticosmq.com\/mx\/producto\/muebles-de-jardin\/conoce-la-resistencia-y-durabilidad-de-todas-nuestra-lineas\/armario-montana-large\/"]}]},{"@type":"ImageObject","inLanguage":"es","@id":"https:\/\/plasticosmq.com\/mx\/producto\/muebles-de-jardin\/conoce-la-resistencia-y-durabilidad-de-todas-nuestra-lineas\/armario-montana-large\/#primaryimage","url":"https:\/\/plasticosmq.com\/mx\/wp-content\/uploads\/sites\/7\/2025\/10\/Armario-Montana-GRI-L-1.jpg","contentUrl":"https:\/\/plasticosmq.com\/mx\/wp-content\/uploads\/sites\/7\/2025\/10\/Armario-Montana-GRI-L-1.jpg","width":2000,"height":2000,"caption":"Armario grande exterior"},{"@type":"BreadcrumbList","@id":"https:\/\/plasticosmq.com\/mx\/producto\/muebles-de-jardin\/conoce-la-resistencia-y-durabilidad-de-todas-nuestra-lineas\/armario-montana-large\/#breadcrumb","itemListElement":[{"@type":"ListItem","position":1,"name":"Inicio","item":"https:\/\/plasticosmq.com\/mx\/"},{"@type":"ListItem","position":2,"name":"Shop","item":"https:\/\/plasticosmq.com\/mx\/shop\/"},{"@type":"ListItem","position":3,"name":"Armario montana multiusos exterior"}]},{"@type":"WebSite","@id":"https:\/\/plasticosmq.com\/mx\/#website","url":"https:\/\/plasticosmq.com\/mx\/","name":"Plasticos MQ","description":"","potentialAction":[{"@type":"SearchAction","target":{"@type":"EntryPoint","urlTemplate":"https:\/\/plasticosmq.com\/mx\/?s={search_term_string}"},"query-input":{"@type":"PropertyValueSpecification","valueRequired":true,"valueName":"search_term_string"}}],"inLanguage":"es"}]}},"_links":{"self":[{"href":"https:\/\/plasticosmq.com\/mx\/wp-json\/wp\/v2\/product\/1068","targetHints":{"allow":["GET"]}}],"collection":[{"href":"https:\/\/plasticosmq.com\/mx\/wp-json\/wp\/v2\/product"}],"about":[{"href":"https:\/\/plasticosmq.com\/mx\/wp-json\/wp\/v2\/types\/product"}],"replies":[{"embeddable":true,"href":"https:\/\/plasticosmq.com\/mx\/wp-json\/wp\/v2\/comments?post=1068"}],"version-history":[{"count":5,"href":"https:\/\/plasticosmq.com\/mx\/wp-json\/wp\/v2\/product\/1068\/revisions"}],"predecessor-version":[{"id":3656,"href":"https:\/\/plasticosmq.com\/mx\/wp-json\/wp\/v2\/product\/1068\/revisions\/3656"}],"wp:featuredmedia":[{"embeddable":true,"href":"https:\/\/plasticosmq.com\/mx\/wp-json\/wp\/v2\/media\/3652"}],"wp:attachment":[{"href":"https:\/\/plasticosmq.com\/mx\/wp-json\/wp\/v2\/media?parent=1068"}],"wp:term":[{"taxonomy":"product_brand","embeddable":true,"href":"https:\/\/plasticosmq.com\/mx\/wp-json\/wp\/v2\/product_brand?post=1068"},{"taxonomy":"product_cat","embeddable":true,"href":"https:\/\/plasticosmq.com\/mx\/wp-json\/wp\/v2\/product_cat?post=1068"},{"taxonomy":"product_tag","embeddable":true,"href":"https:\/\/plasticosmq.com\/mx\/wp-json\/wp\/v2\/product_tag?post=1068"},{"taxonomy":"coleccion","embeddable":true,"href":"https:\/\/plasticosmq.com\/mx\/wp-json\/wp\/v2\/coleccion?post=1068"}],"curies":[{"name":"wp","href":"https:\/\/api.w.org\/{rel}","templated":true}]}}