{"id":1084,"date":"2025-10-05T18:40:24","date_gmt":"2025-10-05T18:40:24","guid":{"rendered":"https:\/\/plasticosmq.com\/mx\/?post_type=product&#038;p=1084"},"modified":"2026-02-19T22:33:37","modified_gmt":"2026-02-19T22:33:37","slug":"gavetero-crochet-7-niveles","status":"publish","type":"product","link":"https:\/\/plasticosmq.com\/mx\/producto\/organizacion\/gavetero-crochet-7-niveles\/","title":{"rendered":"Gavetero Crochet 7 Niveles"},"content":{"rendered":"<p><span data-sheets-root=\"1\">Gavetero Modular de 7 niveles con 120 cm de altura. Ideal para organizar y aprovechar mejor tus espacios.Su dise\u00f1o modular te permite ajustar los niveles seg\u00fan tus necesidades, brind\u00e1ndote versatilidad y adaptabilidad.<\/span><\/p>\n","protected":false},"excerpt":{"rendered":"<p><span data-sheets-root=\"1\">Gavetero Modular de 7 niveles con 120 cm de altura. Ideal para organizar y aprovechar mejor tus espacios.Su dise\u00f1o modular te permite ajustar los niveles seg\u00fan tus necesidades, brind\u00e1ndote versatilidad y adaptabilidad.<\/span><\/p>\n","protected":false},"featured_media":1089,"comment_status":"open","ping_status":"closed","template":"","meta":[],"product_brand":[],"product_cat":[17],"product_tag":[],"coleccion":[31],"class_list":{"0":"post-1084","1":"product","2":"type-product","3":"status-publish","4":"has-post-thumbnail","6":"product_cat-organizacion","7":"coleccion-crochet","9":"first","10":"instock","11":"sale","12":"shipping-taxable","13":"purchasable","14":"product-type-simple"},"yoast_head":"<!-- This site is optimized with the Yoast SEO plugin v26.8 - https:\/\/yoast.com\/product\/yoast-seo-wordpress\/ -->\n<title>Gavetera Crochet 7 niveles: dise\u00f1o elegante para el hogar<\/title>\n<meta name=\"description\" content=\"Consigue la gavetera Crochet 7 niveles y dale un toque \u00fanico a tu cuarto. Gavetera alta de textura moderna, perfecta para ropa o accesorios\" \/>\n<meta name=\"robots\" content=\"index, follow, max-snippet:-1, max-image-preview:large, max-video-preview:-1\" \/>\n<link rel=\"canonical\" href=\"https:\/\/plasticosmq.com\/mx\/producto\/organizacion\/gavetero-crochet-7-niveles\/\" \/>\n<meta property=\"og:locale\" content=\"es_ES\" \/>\n<meta property=\"og:type\" content=\"article\" \/>\n<meta property=\"og:title\" content=\"Gavetera Crochet 7 niveles: dise\u00f1o elegante para el hogar\" \/>\n<meta property=\"og:description\" content=\"Consigue la gavetera Crochet 7 niveles y dale un toque \u00fanico a tu cuarto. Gavetera alta de textura moderna, perfecta para ropa o accesorios\" \/>\n<meta property=\"og:url\" content=\"https:\/\/plasticosmq.com\/mx\/producto\/organizacion\/gavetero-crochet-7-niveles\/\" \/>\n<meta property=\"og:site_name\" content=\"Plasticos MQ\" \/>\n<meta property=\"article:modified_time\" content=\"2026-02-19T22:33:37+00:00\" \/>\n<meta property=\"og:image\" content=\"https:\/\/plasticosmq.com\/mx\/wp-content\/uploads\/sites\/7\/2025\/10\/Gavetero-Crochet-7N-Azul-Saturno-11.jpg\" \/>\n\t<meta property=\"og:image:width\" content=\"940\" \/>\n\t<meta property=\"og:image:height\" content=\"1215\" \/>\n\t<meta property=\"og:image:type\" content=\"image\/jpeg\" \/>\n<meta name=\"twitter:card\" content=\"summary_large_image\" \/>\n<meta name=\"twitter:label1\" content=\"Tiempo de lectura\" \/>\n\t<meta name=\"twitter:data1\" content=\"1 minuto\" \/>\n<script type=\"application\/ld+json\" class=\"yoast-schema-graph\">{\"@context\":\"https:\/\/schema.org\",\"@graph\":[{\"@type\":\"WebPage\",\"@id\":\"https:\/\/plasticosmq.com\/mx\/producto\/organizacion\/gavetero-crochet-7-niveles\/\",\"url\":\"https:\/\/plasticosmq.com\/mx\/producto\/organizacion\/gavetero-crochet-7-niveles\/\",\"name\":\"Gavetera Crochet 7 niveles: dise\u00f1o elegante para el hogar\",\"isPartOf\":{\"@id\":\"https:\/\/plasticosmq.com\/mx\/#website\"},\"primaryImageOfPage\":{\"@id\":\"https:\/\/plasticosmq.com\/mx\/producto\/organizacion\/gavetero-crochet-7-niveles\/#primaryimage\"},\"image\":{\"@id\":\"https:\/\/plasticosmq.com\/mx\/producto\/organizacion\/gavetero-crochet-7-niveles\/#primaryimage\"},\"thumbnailUrl\":\"https:\/\/plasticosmq.com\/mx\/wp-content\/uploads\/sites\/7\/2025\/10\/Gavetero-Crochet-7N-Azul-Saturno-11.jpg\",\"datePublished\":\"2025-10-05T18:40:24+00:00\",\"dateModified\":\"2026-02-19T22:33:37+00:00\",\"description\":\"Consigue la gavetera Crochet 7 niveles y dale un toque \u00fanico a tu cuarto. Gavetera alta de textura moderna, perfecta para ropa o accesorios\",\"breadcrumb\":{\"@id\":\"https:\/\/plasticosmq.com\/mx\/producto\/organizacion\/gavetero-crochet-7-niveles\/#breadcrumb\"},\"inLanguage\":\"es\",\"potentialAction\":[{\"@type\":\"ReadAction\",\"target\":[\"https:\/\/plasticosmq.com\/mx\/producto\/organizacion\/gavetero-crochet-7-niveles\/\"]}]},{\"@type\":\"ImageObject\",\"inLanguage\":\"es\",\"@id\":\"https:\/\/plasticosmq.com\/mx\/producto\/organizacion\/gavetero-crochet-7-niveles\/#primaryimage\",\"url\":\"https:\/\/plasticosmq.com\/mx\/wp-content\/uploads\/sites\/7\/2025\/10\/Gavetero-Crochet-7N-Azul-Saturno-11.jpg\",\"contentUrl\":\"https:\/\/plasticosmq.com\/mx\/wp-content\/uploads\/sites\/7\/2025\/10\/Gavetero-Crochet-7N-Azul-Saturno-11.jpg\",\"width\":940,\"height\":1215},{\"@type\":\"BreadcrumbList\",\"@id\":\"https:\/\/plasticosmq.com\/mx\/producto\/organizacion\/gavetero-crochet-7-niveles\/#breadcrumb\",\"itemListElement\":[{\"@type\":\"ListItem\",\"position\":1,\"name\":\"Inicio\",\"item\":\"https:\/\/plasticosmq.com\/mx\/\"},{\"@type\":\"ListItem\",\"position\":2,\"name\":\"Shop\",\"item\":\"https:\/\/plasticosmq.com\/mx\/shop\/\"},{\"@type\":\"ListItem\",\"position\":3,\"name\":\"Gavetero Crochet 7 Niveles\"}]},{\"@type\":\"WebSite\",\"@id\":\"https:\/\/plasticosmq.com\/mx\/#website\",\"url\":\"https:\/\/plasticosmq.com\/mx\/\",\"name\":\"Plasticos MQ\",\"description\":\"\",\"potentialAction\":[{\"@type\":\"SearchAction\",\"target\":{\"@type\":\"EntryPoint\",\"urlTemplate\":\"https:\/\/plasticosmq.com\/mx\/?s={search_term_string}\"},\"query-input\":{\"@type\":\"PropertyValueSpecification\",\"valueRequired\":true,\"valueName\":\"search_term_string\"}}],\"inLanguage\":\"es\"}]}<\/script>\n<!-- \/ Yoast SEO plugin. -->","yoast_head_json":{"title":"Gavetera Crochet 7 niveles: dise\u00f1o elegante para el hogar","description":"Consigue la gavetera Crochet 7 niveles y dale un toque \u00fanico a tu cuarto. Gavetera alta de textura moderna, perfecta para ropa o accesorios","robots":{"index":"index","follow":"follow","max-snippet":"max-snippet:-1","max-image-preview":"max-image-preview:large","max-video-preview":"max-video-preview:-1"},"canonical":"https:\/\/plasticosmq.com\/mx\/producto\/organizacion\/gavetero-crochet-7-niveles\/","og_locale":"es_ES","og_type":"article","og_title":"Gavetera Crochet 7 niveles: dise\u00f1o elegante para el hogar","og_description":"Consigue la gavetera Crochet 7 niveles y dale un toque \u00fanico a tu cuarto. Gavetera alta de textura moderna, perfecta para ropa o accesorios","og_url":"https:\/\/plasticosmq.com\/mx\/producto\/organizacion\/gavetero-crochet-7-niveles\/","og_site_name":"Plasticos MQ","article_modified_time":"2026-02-19T22:33:37+00:00","og_image":[{"width":940,"height":1215,"url":"https:\/\/plasticosmq.com\/mx\/wp-content\/uploads\/sites\/7\/2025\/10\/Gavetero-Crochet-7N-Azul-Saturno-11.jpg","type":"image\/jpeg"}],"twitter_card":"summary_large_image","twitter_misc":{"Tiempo de lectura":"1 minuto"},"schema":{"@context":"https:\/\/schema.org","@graph":[{"@type":"WebPage","@id":"https:\/\/plasticosmq.com\/mx\/producto\/organizacion\/gavetero-crochet-7-niveles\/","url":"https:\/\/plasticosmq.com\/mx\/producto\/organizacion\/gavetero-crochet-7-niveles\/","name":"Gavetera Crochet 7 niveles: dise\u00f1o elegante para el hogar","isPartOf":{"@id":"https:\/\/plasticosmq.com\/mx\/#website"},"primaryImageOfPage":{"@id":"https:\/\/plasticosmq.com\/mx\/producto\/organizacion\/gavetero-crochet-7-niveles\/#primaryimage"},"image":{"@id":"https:\/\/plasticosmq.com\/mx\/producto\/organizacion\/gavetero-crochet-7-niveles\/#primaryimage"},"thumbnailUrl":"https:\/\/plasticosmq.com\/mx\/wp-content\/uploads\/sites\/7\/2025\/10\/Gavetero-Crochet-7N-Azul-Saturno-11.jpg","datePublished":"2025-10-05T18:40:24+00:00","dateModified":"2026-02-19T22:33:37+00:00","description":"Consigue la gavetera Crochet 7 niveles y dale un toque \u00fanico a tu cuarto. Gavetera alta de textura moderna, perfecta para ropa o accesorios","breadcrumb":{"@id":"https:\/\/plasticosmq.com\/mx\/producto\/organizacion\/gavetero-crochet-7-niveles\/#breadcrumb"},"inLanguage":"es","potentialAction":[{"@type":"ReadAction","target":["https:\/\/plasticosmq.com\/mx\/producto\/organizacion\/gavetero-crochet-7-niveles\/"]}]},{"@type":"ImageObject","inLanguage":"es","@id":"https:\/\/plasticosmq.com\/mx\/producto\/organizacion\/gavetero-crochet-7-niveles\/#primaryimage","url":"https:\/\/plasticosmq.com\/mx\/wp-content\/uploads\/sites\/7\/2025\/10\/Gavetero-Crochet-7N-Azul-Saturno-11.jpg","contentUrl":"https:\/\/plasticosmq.com\/mx\/wp-content\/uploads\/sites\/7\/2025\/10\/Gavetero-Crochet-7N-Azul-Saturno-11.jpg","width":940,"height":1215},{"@type":"BreadcrumbList","@id":"https:\/\/plasticosmq.com\/mx\/producto\/organizacion\/gavetero-crochet-7-niveles\/#breadcrumb","itemListElement":[{"@type":"ListItem","position":1,"name":"Inicio","item":"https:\/\/plasticosmq.com\/mx\/"},{"@type":"ListItem","position":2,"name":"Shop","item":"https:\/\/plasticosmq.com\/mx\/shop\/"},{"@type":"ListItem","position":3,"name":"Gavetero Crochet 7 Niveles"}]},{"@type":"WebSite","@id":"https:\/\/plasticosmq.com\/mx\/#website","url":"https:\/\/plasticosmq.com\/mx\/","name":"Plasticos MQ","description":"","potentialAction":[{"@type":"SearchAction","target":{"@type":"EntryPoint","urlTemplate":"https:\/\/plasticosmq.com\/mx\/?s={search_term_string}"},"query-input":{"@type":"PropertyValueSpecification","valueRequired":true,"valueName":"search_term_string"}}],"inLanguage":"es"}]}},"_links":{"self":[{"href":"https:\/\/plasticosmq.com\/mx\/wp-json\/wp\/v2\/product\/1084","targetHints":{"allow":["GET"]}}],"collection":[{"href":"https:\/\/plasticosmq.com\/mx\/wp-json\/wp\/v2\/product"}],"about":[{"href":"https:\/\/plasticosmq.com\/mx\/wp-json\/wp\/v2\/types\/product"}],"replies":[{"embeddable":true,"href":"https:\/\/plasticosmq.com\/mx\/wp-json\/wp\/v2\/comments?post=1084"}],"version-history":[{"count":1,"href":"https:\/\/plasticosmq.com\/mx\/wp-json\/wp\/v2\/product\/1084\/revisions"}],"predecessor-version":[{"id":2464,"href":"https:\/\/plasticosmq.com\/mx\/wp-json\/wp\/v2\/product\/1084\/revisions\/2464"}],"wp:featuredmedia":[{"embeddable":true,"href":"https:\/\/plasticosmq.com\/mx\/wp-json\/wp\/v2\/media\/1089"}],"wp:attachment":[{"href":"https:\/\/plasticosmq.com\/mx\/wp-json\/wp\/v2\/media?parent=1084"}],"wp:term":[{"taxonomy":"product_brand","embeddable":true,"href":"https:\/\/plasticosmq.com\/mx\/wp-json\/wp\/v2\/product_brand?post=1084"},{"taxonomy":"product_cat","embeddable":true,"href":"https:\/\/plasticosmq.com\/mx\/wp-json\/wp\/v2\/product_cat?post=1084"},{"taxonomy":"product_tag","embeddable":true,"href":"https:\/\/plasticosmq.com\/mx\/wp-json\/wp\/v2\/product_tag?post=1084"},{"taxonomy":"coleccion","embeddable":true,"href":"https:\/\/plasticosmq.com\/mx\/wp-json\/wp\/v2\/coleccion?post=1084"}],"curies":[{"name":"wp","href":"https:\/\/api.w.org\/{rel}","templated":true}]}}