{"id":1219,"date":"2025-10-06T20:42:34","date_gmt":"2025-10-06T20:42:34","guid":{"rendered":"https:\/\/plasticosmq.com\/mx\/?post_type=product&#038;p=1219"},"modified":"2026-03-05T21:44:54","modified_gmt":"2026-03-05T21:44:54","slug":"comedor-capri-4-puestos","status":"publish","type":"product","link":"https:\/\/plasticosmq.com\/mx\/producto\/muebles-de-jardin\/comedores\/comedor-capri-4-puestos\/","title":{"rendered":"Comedor capri 4 puestos"},"content":{"rendered":"<p>Comodidad que abraza:<br \/>\nimagina tus reuniones, tus tardes con caf\u00e9, tus comidas favoritas&#8230; Todo sabe mejor cuando te sientas c\u00f3modo y rodeado de estilo.<br \/>\nEl\u00a0<span class=\"a-text-bold\">Comedor Capri de MQ<\/span>\u00a0es m\u00e1s que un mueble: es una invitaci\u00f3n a disfrutar tu hogar, reunirte con quienes m\u00e1s quieres y transformar cualquier espacio en un rinc\u00f3n de confort y estilo.<\/p>\n","protected":false},"excerpt":{"rendered":"<p><strong>Comodidad que abraza<\/strong><br \/>\nImagina tus reuniones, tus tardes con caf\u00e9, tus comidas favoritas&#8230; Todo sabe mejor cuando te sientas c\u00f3modo y rodeado de estilo.<br \/>\nEl\u00a0<span class=\"a-text-bold\">Comedor Capri de MQ<\/span>\u00a0es m\u00e1s que un mueble: es una invitaci\u00f3n a disfrutar tu hogar, reunirte con quienes m\u00e1s quieres y transformar cualquier espacio en un rinc\u00f3n de confort y estilo.<\/p>\n","protected":false},"featured_media":1246,"comment_status":"open","ping_status":"closed","template":"","meta":[],"product_brand":[],"product_cat":[48],"product_tag":[],"coleccion":[23],"class_list":{"0":"post-1219","1":"product","2":"type-product","3":"status-publish","4":"has-post-thumbnail","6":"product_cat-comedores","7":"coleccion-capri","9":"first","10":"instock","11":"sale","12":"shipping-taxable","13":"purchasable","14":"product-type-variable","15":"has-default-attributes","16":"rtwpvg-product"},"yoast_head":"<!-- This site is optimized with the Yoast SEO plugin v26.8 - https:\/\/yoast.com\/product\/yoast-seo-wordpress\/ -->\n<title>Elige el Comedor Capri 4 puestos para tu hogar en M\u00e9xico<\/title>\n<meta name=\"description\" content=\"Compra el elegante comedor Capri 4 puestos. Ideal para el jard\u00edn o balc\u00f3n de tu hogar. Resistencia y dise\u00f1o en un solo producto\" \/>\n<meta name=\"robots\" content=\"index, follow, max-snippet:-1, max-image-preview:large, max-video-preview:-1\" \/>\n<link rel=\"canonical\" href=\"https:\/\/plasticosmq.com\/mx\/producto\/muebles-de-jardin\/comedores\/comedor-capri-4-puestos\/\" \/>\n<meta property=\"og:locale\" content=\"es_ES\" \/>\n<meta property=\"og:type\" content=\"article\" \/>\n<meta property=\"og:title\" content=\"Elige el Comedor Capri 4 puestos para tu hogar en M\u00e9xico\" \/>\n<meta property=\"og:description\" content=\"Compra el elegante comedor Capri 4 puestos. Ideal para el jard\u00edn o balc\u00f3n de tu hogar. Resistencia y dise\u00f1o en un solo producto\" \/>\n<meta property=\"og:url\" content=\"https:\/\/plasticosmq.com\/mx\/producto\/muebles-de-jardin\/comedores\/comedor-capri-4-puestos\/\" \/>\n<meta property=\"og:site_name\" content=\"Plasticos MQ\" \/>\n<meta property=\"article:modified_time\" content=\"2026-03-05T21:44:54+00:00\" \/>\n<meta property=\"og:image\" content=\"https:\/\/plasticosmq.com\/mx\/wp-content\/uploads\/sites\/7\/2025\/10\/Comedor-Capri-4P-Wengue-MQ-12.jpg\" \/>\n\t<meta property=\"og:image:width\" content=\"2000\" \/>\n\t<meta property=\"og:image:height\" content=\"2000\" \/>\n\t<meta property=\"og:image:type\" content=\"image\/jpeg\" \/>\n<meta name=\"twitter:card\" content=\"summary_large_image\" \/>\n<meta name=\"twitter:label1\" content=\"Tiempo de lectura\" \/>\n\t<meta name=\"twitter:data1\" content=\"10 minutos\" \/>\n<script type=\"application\/ld+json\" class=\"yoast-schema-graph\">{\"@context\":\"https:\/\/schema.org\",\"@graph\":[{\"@type\":\"WebPage\",\"@id\":\"https:\/\/plasticosmq.com\/mx\/producto\/muebles-de-jardin\/comedores\/comedor-capri-4-puestos\/\",\"url\":\"https:\/\/plasticosmq.com\/mx\/producto\/muebles-de-jardin\/comedores\/comedor-capri-4-puestos\/\",\"name\":\"Elige el Comedor Capri 4 puestos para tu hogar en M\u00e9xico\",\"isPartOf\":{\"@id\":\"https:\/\/plasticosmq.com\/mx\/#website\"},\"primaryImageOfPage\":{\"@id\":\"https:\/\/plasticosmq.com\/mx\/producto\/muebles-de-jardin\/comedores\/comedor-capri-4-puestos\/#primaryimage\"},\"image\":{\"@id\":\"https:\/\/plasticosmq.com\/mx\/producto\/muebles-de-jardin\/comedores\/comedor-capri-4-puestos\/#primaryimage\"},\"thumbnailUrl\":\"https:\/\/plasticosmq.com\/mx\/wp-content\/uploads\/sites\/7\/2025\/10\/Comedor-Capri-4P-Wengue-MQ-12.jpg\",\"datePublished\":\"2025-10-06T20:42:34+00:00\",\"dateModified\":\"2026-03-05T21:44:54+00:00\",\"description\":\"Compra el elegante comedor Capri 4 puestos. Ideal para el jard\u00edn o balc\u00f3n de tu hogar. Resistencia y dise\u00f1o en un solo producto\",\"breadcrumb\":{\"@id\":\"https:\/\/plasticosmq.com\/mx\/producto\/muebles-de-jardin\/comedores\/comedor-capri-4-puestos\/#breadcrumb\"},\"inLanguage\":\"es\",\"potentialAction\":[{\"@type\":\"ReadAction\",\"target\":[\"https:\/\/plasticosmq.com\/mx\/producto\/muebles-de-jardin\/comedores\/comedor-capri-4-puestos\/\"]}]},{\"@type\":\"ImageObject\",\"inLanguage\":\"es\",\"@id\":\"https:\/\/plasticosmq.com\/mx\/producto\/muebles-de-jardin\/comedores\/comedor-capri-4-puestos\/#primaryimage\",\"url\":\"https:\/\/plasticosmq.com\/mx\/wp-content\/uploads\/sites\/7\/2025\/10\/Comedor-Capri-4P-Wengue-MQ-12.jpg\",\"contentUrl\":\"https:\/\/plasticosmq.com\/mx\/wp-content\/uploads\/sites\/7\/2025\/10\/Comedor-Capri-4P-Wengue-MQ-12.jpg\",\"width\":2000,\"height\":2000},{\"@type\":\"BreadcrumbList\",\"@id\":\"https:\/\/plasticosmq.com\/mx\/producto\/muebles-de-jardin\/comedores\/comedor-capri-4-puestos\/#breadcrumb\",\"itemListElement\":[{\"@type\":\"ListItem\",\"position\":1,\"name\":\"Inicio\",\"item\":\"https:\/\/plasticosmq.com\/mx\/\"},{\"@type\":\"ListItem\",\"position\":2,\"name\":\"Shop\",\"item\":\"https:\/\/plasticosmq.com\/mx\/shop\/\"},{\"@type\":\"ListItem\",\"position\":3,\"name\":\"Comedor capri 4 puestos\"}]},{\"@type\":\"WebSite\",\"@id\":\"https:\/\/plasticosmq.com\/mx\/#website\",\"url\":\"https:\/\/plasticosmq.com\/mx\/\",\"name\":\"Plasticos MQ\",\"description\":\"\",\"potentialAction\":[{\"@type\":\"SearchAction\",\"target\":{\"@type\":\"EntryPoint\",\"urlTemplate\":\"https:\/\/plasticosmq.com\/mx\/?s={search_term_string}\"},\"query-input\":{\"@type\":\"PropertyValueSpecification\",\"valueRequired\":true,\"valueName\":\"search_term_string\"}}],\"inLanguage\":\"es\"}]}<\/script>\n<!-- \/ Yoast SEO plugin. -->","yoast_head_json":{"title":"Elige el Comedor Capri 4 puestos para tu hogar en M\u00e9xico","description":"Compra el elegante comedor Capri 4 puestos. Ideal para el jard\u00edn o balc\u00f3n de tu hogar. Resistencia y dise\u00f1o en un solo producto","robots":{"index":"index","follow":"follow","max-snippet":"max-snippet:-1","max-image-preview":"max-image-preview:large","max-video-preview":"max-video-preview:-1"},"canonical":"https:\/\/plasticosmq.com\/mx\/producto\/muebles-de-jardin\/comedores\/comedor-capri-4-puestos\/","og_locale":"es_ES","og_type":"article","og_title":"Elige el Comedor Capri 4 puestos para tu hogar en M\u00e9xico","og_description":"Compra el elegante comedor Capri 4 puestos. Ideal para el jard\u00edn o balc\u00f3n de tu hogar. Resistencia y dise\u00f1o en un solo producto","og_url":"https:\/\/plasticosmq.com\/mx\/producto\/muebles-de-jardin\/comedores\/comedor-capri-4-puestos\/","og_site_name":"Plasticos MQ","article_modified_time":"2026-03-05T21:44:54+00:00","og_image":[{"width":2000,"height":2000,"url":"https:\/\/plasticosmq.com\/mx\/wp-content\/uploads\/sites\/7\/2025\/10\/Comedor-Capri-4P-Wengue-MQ-12.jpg","type":"image\/jpeg"}],"twitter_card":"summary_large_image","twitter_misc":{"Tiempo de lectura":"10 minutos"},"schema":{"@context":"https:\/\/schema.org","@graph":[{"@type":"WebPage","@id":"https:\/\/plasticosmq.com\/mx\/producto\/muebles-de-jardin\/comedores\/comedor-capri-4-puestos\/","url":"https:\/\/plasticosmq.com\/mx\/producto\/muebles-de-jardin\/comedores\/comedor-capri-4-puestos\/","name":"Elige el Comedor Capri 4 puestos para tu hogar en M\u00e9xico","isPartOf":{"@id":"https:\/\/plasticosmq.com\/mx\/#website"},"primaryImageOfPage":{"@id":"https:\/\/plasticosmq.com\/mx\/producto\/muebles-de-jardin\/comedores\/comedor-capri-4-puestos\/#primaryimage"},"image":{"@id":"https:\/\/plasticosmq.com\/mx\/producto\/muebles-de-jardin\/comedores\/comedor-capri-4-puestos\/#primaryimage"},"thumbnailUrl":"https:\/\/plasticosmq.com\/mx\/wp-content\/uploads\/sites\/7\/2025\/10\/Comedor-Capri-4P-Wengue-MQ-12.jpg","datePublished":"2025-10-06T20:42:34+00:00","dateModified":"2026-03-05T21:44:54+00:00","description":"Compra el elegante comedor Capri 4 puestos. Ideal para el jard\u00edn o balc\u00f3n de tu hogar. Resistencia y dise\u00f1o en un solo producto","breadcrumb":{"@id":"https:\/\/plasticosmq.com\/mx\/producto\/muebles-de-jardin\/comedores\/comedor-capri-4-puestos\/#breadcrumb"},"inLanguage":"es","potentialAction":[{"@type":"ReadAction","target":["https:\/\/plasticosmq.com\/mx\/producto\/muebles-de-jardin\/comedores\/comedor-capri-4-puestos\/"]}]},{"@type":"ImageObject","inLanguage":"es","@id":"https:\/\/plasticosmq.com\/mx\/producto\/muebles-de-jardin\/comedores\/comedor-capri-4-puestos\/#primaryimage","url":"https:\/\/plasticosmq.com\/mx\/wp-content\/uploads\/sites\/7\/2025\/10\/Comedor-Capri-4P-Wengue-MQ-12.jpg","contentUrl":"https:\/\/plasticosmq.com\/mx\/wp-content\/uploads\/sites\/7\/2025\/10\/Comedor-Capri-4P-Wengue-MQ-12.jpg","width":2000,"height":2000},{"@type":"BreadcrumbList","@id":"https:\/\/plasticosmq.com\/mx\/producto\/muebles-de-jardin\/comedores\/comedor-capri-4-puestos\/#breadcrumb","itemListElement":[{"@type":"ListItem","position":1,"name":"Inicio","item":"https:\/\/plasticosmq.com\/mx\/"},{"@type":"ListItem","position":2,"name":"Shop","item":"https:\/\/plasticosmq.com\/mx\/shop\/"},{"@type":"ListItem","position":3,"name":"Comedor capri 4 puestos"}]},{"@type":"WebSite","@id":"https:\/\/plasticosmq.com\/mx\/#website","url":"https:\/\/plasticosmq.com\/mx\/","name":"Plasticos MQ","description":"","potentialAction":[{"@type":"SearchAction","target":{"@type":"EntryPoint","urlTemplate":"https:\/\/plasticosmq.com\/mx\/?s={search_term_string}"},"query-input":{"@type":"PropertyValueSpecification","valueRequired":true,"valueName":"search_term_string"}}],"inLanguage":"es"}]}},"_links":{"self":[{"href":"https:\/\/plasticosmq.com\/mx\/wp-json\/wp\/v2\/product\/1219","targetHints":{"allow":["GET"]}}],"collection":[{"href":"https:\/\/plasticosmq.com\/mx\/wp-json\/wp\/v2\/product"}],"about":[{"href":"https:\/\/plasticosmq.com\/mx\/wp-json\/wp\/v2\/types\/product"}],"replies":[{"embeddable":true,"href":"https:\/\/plasticosmq.com\/mx\/wp-json\/wp\/v2\/comments?post=1219"}],"version-history":[{"count":9,"href":"https:\/\/plasticosmq.com\/mx\/wp-json\/wp\/v2\/product\/1219\/revisions"}],"predecessor-version":[{"id":3076,"href":"https:\/\/plasticosmq.com\/mx\/wp-json\/wp\/v2\/product\/1219\/revisions\/3076"}],"wp:featuredmedia":[{"embeddable":true,"href":"https:\/\/plasticosmq.com\/mx\/wp-json\/wp\/v2\/media\/1246"}],"wp:attachment":[{"href":"https:\/\/plasticosmq.com\/mx\/wp-json\/wp\/v2\/media?parent=1219"}],"wp:term":[{"taxonomy":"product_brand","embeddable":true,"href":"https:\/\/plasticosmq.com\/mx\/wp-json\/wp\/v2\/product_brand?post=1219"},{"taxonomy":"product_cat","embeddable":true,"href":"https:\/\/plasticosmq.com\/mx\/wp-json\/wp\/v2\/product_cat?post=1219"},{"taxonomy":"product_tag","embeddable":true,"href":"https:\/\/plasticosmq.com\/mx\/wp-json\/wp\/v2\/product_tag?post=1219"},{"taxonomy":"coleccion","embeddable":true,"href":"https:\/\/plasticosmq.com\/mx\/wp-json\/wp\/v2\/coleccion?post=1219"}],"curies":[{"name":"wp","href":"https:\/\/api.w.org\/{rel}","templated":true}]}}