{"id":3668,"date":"2026-03-24T21:59:29","date_gmt":"2026-03-24T21:59:29","guid":{"rendered":"https:\/\/plasticosmq.com\/mx\/?post_type=product&#038;p=3668"},"modified":"2026-03-24T21:59:29","modified_gmt":"2026-03-24T21:59:29","slug":"armario-exterior-multiusos-2","status":"publish","type":"product","link":"https:\/\/plasticosmq.com\/mx\/producto\/muebles-de-jardin\/conoce-la-resistencia-y-durabilidad-de-todas-nuestra-lineas\/armario-exterior-multiusos-2\/","title":{"rendered":"Armario montana multiusos exterior"},"content":{"rendered":"<p>Organiza mejor tu espacio con este armario pl\u00e1stico multiusos, ideal para patio, lavander\u00eda, oficina o \u00e1reas de servicio. Fabricado con pl\u00e1stico reciclado (PCR), es resistente, pr\u00e1ctico y f\u00e1cil de limpiar. Cuenta con 3 entrepa\u00f1os con capacidad de hasta 15 kg cada uno, manijas con espacio para candado y portaobjetos para mantener todo en orden. Una opci\u00f3n funcional para tu d\u00eda a d\u00eda. Aprovecha y c\u00f3mpralo hoy.<\/p>\n","protected":false},"excerpt":{"rendered":"<p>Organiza mejor tu espacio con este armario pl\u00e1stico multiusos, ideal para patio, lavander\u00eda, oficina o \u00e1reas de servicio. Fabricado con pl\u00e1stico reciclado (PCR), es resistente, pr\u00e1ctico y f\u00e1cil de limpiar. Cuenta con 3 entrepa\u00f1os con capacidad de hasta 15 kg cada uno, manijas con espacio para candado y portaobjetos para mantener todo en orden. Una opci\u00f3n funcional para tu d\u00eda a d\u00eda. Aprovecha y c\u00f3mpralo hoy.<\/p>\n","protected":false},"featured_media":3669,"comment_status":"open","ping_status":"closed","template":"","meta":[],"product_brand":[],"product_cat":[61,37],"product_tag":[],"coleccion":[30],"class_list":{"0":"post-3668","1":"product","2":"type-product","3":"status-publish","4":"has-post-thumbnail","6":"product_cat-conoce-la-resistencia-y-durabilidad-de-todas-nuestra-lineas","7":"product_cat-muebles-de-jardin","8":"coleccion-montana","10":"first","11":"instock","12":"sale","13":"shipping-taxable","14":"purchasable","15":"product-type-simple"},"yoast_head":"<!-- This site is optimized with the Yoast SEO plugin v26.8 - https:\/\/yoast.com\/product\/yoast-seo-wordpress\/ -->\n<title>Aprovecha mejor tu espacio con armario multiusos en M\u00e9xico<\/title>\n<meta name=\"description\" content=\"Armario montana multiusos exterior con entrepa\u00f1os resistentes. Ideal para patio, lavander\u00eda u oficina. Pr\u00e1ctico, seguro y f\u00e1cil de limpiar. \u00a1Compra hoy!\" \/>\n<meta name=\"robots\" content=\"index, follow, max-snippet:-1, max-image-preview:large, max-video-preview:-1\" \/>\n<link rel=\"canonical\" href=\"https:\/\/plasticosmq.com\/mx\/producto\/muebles-de-jardin\/conoce-la-resistencia-y-durabilidad-de-todas-nuestra-lineas\/armario-exterior-multiusos-2\/\" \/>\n<meta property=\"og:locale\" content=\"es_ES\" \/>\n<meta property=\"og:type\" content=\"article\" \/>\n<meta property=\"og:title\" content=\"Aprovecha mejor tu espacio con armario multiusos en M\u00e9xico\" \/>\n<meta property=\"og:description\" content=\"Armario montana multiusos exterior con entrepa\u00f1os resistentes. Ideal para patio, lavander\u00eda u oficina. Pr\u00e1ctico, seguro y f\u00e1cil de limpiar. \u00a1Compra hoy!\" \/>\n<meta property=\"og:url\" content=\"https:\/\/plasticosmq.com\/mx\/producto\/muebles-de-jardin\/conoce-la-resistencia-y-durabilidad-de-todas-nuestra-lineas\/armario-exterior-multiusos-2\/\" \/>\n<meta property=\"og:site_name\" content=\"Plasticos MQ\" \/>\n<meta property=\"og:image\" content=\"https:\/\/plasticosmq.com\/mx\/wp-content\/uploads\/sites\/7\/2026\/03\/Armario-Montana-GRI-6.jpg\" \/>\n\t<meta property=\"og:image:width\" content=\"2000\" \/>\n\t<meta property=\"og:image:height\" content=\"2000\" \/>\n\t<meta property=\"og:image:type\" content=\"image\/jpeg\" \/>\n<meta name=\"twitter:card\" content=\"summary_large_image\" \/>\n<meta name=\"twitter:label1\" content=\"Tiempo de lectura\" \/>\n\t<meta name=\"twitter:data1\" content=\"1 minuto\" \/>\n<script type=\"application\/ld+json\" class=\"yoast-schema-graph\">{\"@context\":\"https:\/\/schema.org\",\"@graph\":[{\"@type\":\"WebPage\",\"@id\":\"https:\/\/plasticosmq.com\/mx\/producto\/muebles-de-jardin\/conoce-la-resistencia-y-durabilidad-de-todas-nuestra-lineas\/armario-exterior-multiusos-2\/\",\"url\":\"https:\/\/plasticosmq.com\/mx\/producto\/muebles-de-jardin\/conoce-la-resistencia-y-durabilidad-de-todas-nuestra-lineas\/armario-exterior-multiusos-2\/\",\"name\":\"Aprovecha mejor tu espacio con armario multiusos en M\u00e9xico\",\"isPartOf\":{\"@id\":\"https:\/\/plasticosmq.com\/mx\/#website\"},\"primaryImageOfPage\":{\"@id\":\"https:\/\/plasticosmq.com\/mx\/producto\/muebles-de-jardin\/conoce-la-resistencia-y-durabilidad-de-todas-nuestra-lineas\/armario-exterior-multiusos-2\/#primaryimage\"},\"image\":{\"@id\":\"https:\/\/plasticosmq.com\/mx\/producto\/muebles-de-jardin\/conoce-la-resistencia-y-durabilidad-de-todas-nuestra-lineas\/armario-exterior-multiusos-2\/#primaryimage\"},\"thumbnailUrl\":\"https:\/\/plasticosmq.com\/mx\/wp-content\/uploads\/sites\/7\/2026\/03\/Armario-Montana-GRI-6.jpg\",\"datePublished\":\"2026-03-24T21:59:29+00:00\",\"description\":\"Armario montana multiusos exterior con entrepa\u00f1os resistentes. Ideal para patio, lavander\u00eda u oficina. Pr\u00e1ctico, seguro y f\u00e1cil de limpiar. \u00a1Compra hoy!\",\"breadcrumb\":{\"@id\":\"https:\/\/plasticosmq.com\/mx\/producto\/muebles-de-jardin\/conoce-la-resistencia-y-durabilidad-de-todas-nuestra-lineas\/armario-exterior-multiusos-2\/#breadcrumb\"},\"inLanguage\":\"es\",\"potentialAction\":[{\"@type\":\"ReadAction\",\"target\":[\"https:\/\/plasticosmq.com\/mx\/producto\/muebles-de-jardin\/conoce-la-resistencia-y-durabilidad-de-todas-nuestra-lineas\/armario-exterior-multiusos-2\/\"]}]},{\"@type\":\"ImageObject\",\"inLanguage\":\"es\",\"@id\":\"https:\/\/plasticosmq.com\/mx\/producto\/muebles-de-jardin\/conoce-la-resistencia-y-durabilidad-de-todas-nuestra-lineas\/armario-exterior-multiusos-2\/#primaryimage\",\"url\":\"https:\/\/plasticosmq.com\/mx\/wp-content\/uploads\/sites\/7\/2026\/03\/Armario-Montana-GRI-6.jpg\",\"contentUrl\":\"https:\/\/plasticosmq.com\/mx\/wp-content\/uploads\/sites\/7\/2026\/03\/Armario-Montana-GRI-6.jpg\",\"width\":2000,\"height\":2000,\"caption\":\"Armario multiusos exterior\"},{\"@type\":\"BreadcrumbList\",\"@id\":\"https:\/\/plasticosmq.com\/mx\/producto\/muebles-de-jardin\/conoce-la-resistencia-y-durabilidad-de-todas-nuestra-lineas\/armario-exterior-multiusos-2\/#breadcrumb\",\"itemListElement\":[{\"@type\":\"ListItem\",\"position\":1,\"name\":\"Inicio\",\"item\":\"https:\/\/plasticosmq.com\/mx\/\"},{\"@type\":\"ListItem\",\"position\":2,\"name\":\"Shop\",\"item\":\"https:\/\/plasticosmq.com\/mx\/shop\/\"},{\"@type\":\"ListItem\",\"position\":3,\"name\":\"Armario montana multiusos exterior\"}]},{\"@type\":\"WebSite\",\"@id\":\"https:\/\/plasticosmq.com\/mx\/#website\",\"url\":\"https:\/\/plasticosmq.com\/mx\/\",\"name\":\"Plasticos MQ\",\"description\":\"\",\"potentialAction\":[{\"@type\":\"SearchAction\",\"target\":{\"@type\":\"EntryPoint\",\"urlTemplate\":\"https:\/\/plasticosmq.com\/mx\/?s={search_term_string}\"},\"query-input\":{\"@type\":\"PropertyValueSpecification\",\"valueRequired\":true,\"valueName\":\"search_term_string\"}}],\"inLanguage\":\"es\"}]}<\/script>\n<!-- \/ Yoast SEO plugin. -->","yoast_head_json":{"title":"Aprovecha mejor tu espacio con armario multiusos en M\u00e9xico","description":"Armario montana multiusos exterior con entrepa\u00f1os resistentes. Ideal para patio, lavander\u00eda u oficina. Pr\u00e1ctico, seguro y f\u00e1cil de limpiar. \u00a1Compra hoy!","robots":{"index":"index","follow":"follow","max-snippet":"max-snippet:-1","max-image-preview":"max-image-preview:large","max-video-preview":"max-video-preview:-1"},"canonical":"https:\/\/plasticosmq.com\/mx\/producto\/muebles-de-jardin\/conoce-la-resistencia-y-durabilidad-de-todas-nuestra-lineas\/armario-exterior-multiusos-2\/","og_locale":"es_ES","og_type":"article","og_title":"Aprovecha mejor tu espacio con armario multiusos en M\u00e9xico","og_description":"Armario montana multiusos exterior con entrepa\u00f1os resistentes. Ideal para patio, lavander\u00eda u oficina. Pr\u00e1ctico, seguro y f\u00e1cil de limpiar. \u00a1Compra hoy!","og_url":"https:\/\/plasticosmq.com\/mx\/producto\/muebles-de-jardin\/conoce-la-resistencia-y-durabilidad-de-todas-nuestra-lineas\/armario-exterior-multiusos-2\/","og_site_name":"Plasticos MQ","og_image":[{"width":2000,"height":2000,"url":"https:\/\/plasticosmq.com\/mx\/wp-content\/uploads\/sites\/7\/2026\/03\/Armario-Montana-GRI-6.jpg","type":"image\/jpeg"}],"twitter_card":"summary_large_image","twitter_misc":{"Tiempo de lectura":"1 minuto"},"schema":{"@context":"https:\/\/schema.org","@graph":[{"@type":"WebPage","@id":"https:\/\/plasticosmq.com\/mx\/producto\/muebles-de-jardin\/conoce-la-resistencia-y-durabilidad-de-todas-nuestra-lineas\/armario-exterior-multiusos-2\/","url":"https:\/\/plasticosmq.com\/mx\/producto\/muebles-de-jardin\/conoce-la-resistencia-y-durabilidad-de-todas-nuestra-lineas\/armario-exterior-multiusos-2\/","name":"Aprovecha mejor tu espacio con armario multiusos en M\u00e9xico","isPartOf":{"@id":"https:\/\/plasticosmq.com\/mx\/#website"},"primaryImageOfPage":{"@id":"https:\/\/plasticosmq.com\/mx\/producto\/muebles-de-jardin\/conoce-la-resistencia-y-durabilidad-de-todas-nuestra-lineas\/armario-exterior-multiusos-2\/#primaryimage"},"image":{"@id":"https:\/\/plasticosmq.com\/mx\/producto\/muebles-de-jardin\/conoce-la-resistencia-y-durabilidad-de-todas-nuestra-lineas\/armario-exterior-multiusos-2\/#primaryimage"},"thumbnailUrl":"https:\/\/plasticosmq.com\/mx\/wp-content\/uploads\/sites\/7\/2026\/03\/Armario-Montana-GRI-6.jpg","datePublished":"2026-03-24T21:59:29+00:00","description":"Armario montana multiusos exterior con entrepa\u00f1os resistentes. Ideal para patio, lavander\u00eda u oficina. Pr\u00e1ctico, seguro y f\u00e1cil de limpiar. \u00a1Compra hoy!","breadcrumb":{"@id":"https:\/\/plasticosmq.com\/mx\/producto\/muebles-de-jardin\/conoce-la-resistencia-y-durabilidad-de-todas-nuestra-lineas\/armario-exterior-multiusos-2\/#breadcrumb"},"inLanguage":"es","potentialAction":[{"@type":"ReadAction","target":["https:\/\/plasticosmq.com\/mx\/producto\/muebles-de-jardin\/conoce-la-resistencia-y-durabilidad-de-todas-nuestra-lineas\/armario-exterior-multiusos-2\/"]}]},{"@type":"ImageObject","inLanguage":"es","@id":"https:\/\/plasticosmq.com\/mx\/producto\/muebles-de-jardin\/conoce-la-resistencia-y-durabilidad-de-todas-nuestra-lineas\/armario-exterior-multiusos-2\/#primaryimage","url":"https:\/\/plasticosmq.com\/mx\/wp-content\/uploads\/sites\/7\/2026\/03\/Armario-Montana-GRI-6.jpg","contentUrl":"https:\/\/plasticosmq.com\/mx\/wp-content\/uploads\/sites\/7\/2026\/03\/Armario-Montana-GRI-6.jpg","width":2000,"height":2000,"caption":"Armario multiusos exterior"},{"@type":"BreadcrumbList","@id":"https:\/\/plasticosmq.com\/mx\/producto\/muebles-de-jardin\/conoce-la-resistencia-y-durabilidad-de-todas-nuestra-lineas\/armario-exterior-multiusos-2\/#breadcrumb","itemListElement":[{"@type":"ListItem","position":1,"name":"Inicio","item":"https:\/\/plasticosmq.com\/mx\/"},{"@type":"ListItem","position":2,"name":"Shop","item":"https:\/\/plasticosmq.com\/mx\/shop\/"},{"@type":"ListItem","position":3,"name":"Armario montana multiusos exterior"}]},{"@type":"WebSite","@id":"https:\/\/plasticosmq.com\/mx\/#website","url":"https:\/\/plasticosmq.com\/mx\/","name":"Plasticos MQ","description":"","potentialAction":[{"@type":"SearchAction","target":{"@type":"EntryPoint","urlTemplate":"https:\/\/plasticosmq.com\/mx\/?s={search_term_string}"},"query-input":{"@type":"PropertyValueSpecification","valueRequired":true,"valueName":"search_term_string"}}],"inLanguage":"es"}]}},"_links":{"self":[{"href":"https:\/\/plasticosmq.com\/mx\/wp-json\/wp\/v2\/product\/3668","targetHints":{"allow":["GET"]}}],"collection":[{"href":"https:\/\/plasticosmq.com\/mx\/wp-json\/wp\/v2\/product"}],"about":[{"href":"https:\/\/plasticosmq.com\/mx\/wp-json\/wp\/v2\/types\/product"}],"replies":[{"embeddable":true,"href":"https:\/\/plasticosmq.com\/mx\/wp-json\/wp\/v2\/comments?post=3668"}],"version-history":[{"count":1,"href":"https:\/\/plasticosmq.com\/mx\/wp-json\/wp\/v2\/product\/3668\/revisions"}],"predecessor-version":[{"id":3675,"href":"https:\/\/plasticosmq.com\/mx\/wp-json\/wp\/v2\/product\/3668\/revisions\/3675"}],"wp:featuredmedia":[{"embeddable":true,"href":"https:\/\/plasticosmq.com\/mx\/wp-json\/wp\/v2\/media\/3669"}],"wp:attachment":[{"href":"https:\/\/plasticosmq.com\/mx\/wp-json\/wp\/v2\/media?parent=3668"}],"wp:term":[{"taxonomy":"product_brand","embeddable":true,"href":"https:\/\/plasticosmq.com\/mx\/wp-json\/wp\/v2\/product_brand?post=3668"},{"taxonomy":"product_cat","embeddable":true,"href":"https:\/\/plasticosmq.com\/mx\/wp-json\/wp\/v2\/product_cat?post=3668"},{"taxonomy":"product_tag","embeddable":true,"href":"https:\/\/plasticosmq.com\/mx\/wp-json\/wp\/v2\/product_tag?post=3668"},{"taxonomy":"coleccion","embeddable":true,"href":"https:\/\/plasticosmq.com\/mx\/wp-json\/wp\/v2\/coleccion?post=3668"}],"curies":[{"name":"wp","href":"https:\/\/api.w.org\/{rel}","templated":true}]}}