{"id":3690,"date":"2026-03-25T22:34:25","date_gmt":"2026-03-25T22:34:25","guid":{"rendered":"https:\/\/plasticosmq.com\/mx\/?post_type=product&#038;p=3690"},"modified":"2026-03-26T14:03:36","modified_gmt":"2026-03-26T14:03:36","slug":"armario-ferrara-mediano-multiusos","status":"publish","type":"product","link":"https:\/\/plasticosmq.com\/mx\/producto\/muebles-de-jardin\/conoce-la-resistencia-y-durabilidad-de-todas-nuestra-lineas\/armario-ferrara-mediano-multiusos\/","title":{"rendered":"Armario ferrara mediano multiusos"},"content":{"rendered":"<div class=\"flex flex-col text-sm pb-25\">\n<section class=\"text-token-text-primary w-full focus:outline-none [--shadow-height:45px] has-data-writing-block:pointer-events-none has-data-writing-block:-mt-(--shadow-height) has-data-writing-block:pt-(--shadow-height) [&amp;:has([data-writing-block])&gt;*]:pointer-events-auto scroll-mt-[calc(var(--header-height)+min(200px,max(70px,20svh)))]\" dir=\"auto\" data-turn-id=\"request-69a07c5b-5a00-8328-ae22-2fa2a68026c6-4\" data-testid=\"conversation-turn-90\" data-scroll-anchor=\"true\" data-turn=\"assistant\">\n<div class=\"text-base my-auto mx-auto pb-10 [--thread-content-margin:var(--thread-content-margin-xs,calc(var(--spacing)*4))] @w-sm\/main:[--thread-content-margin:var(--thread-content-margin-sm,calc(var(--spacing)*6))] @w-lg\/main:[--thread-content-margin:var(--thread-content-margin-lg,calc(var(--spacing)*16))] px-(--thread-content-margin)\">\n<div class=\"[--thread-content-max-width:40rem] @w-lg\/main:[--thread-content-max-width:48rem] mx-auto max-w-(--thread-content-max-width) flex-1 group\/turn-messages focus-visible:outline-hidden relative flex w-full min-w-0 flex-col agent-turn\">\n<div class=\"flex max-w-full flex-col gap-4 grow\">\n<div class=\"min-h-8 text-message relative flex w-full flex-col items-end gap-2 text-start break-words whitespace-normal outline-none keyboard-focused:focus-ring [.text-message+&amp;]:mt-1\" dir=\"auto\" data-message-author-role=\"assistant\" data-message-id=\"28f49ae1-722b-4332-a86b-7b70bf6c5fa2\" data-message-model-slug=\"gpt-5-3\" data-turn-start-message=\"true\">\n<div class=\"flex w-full flex-col gap-1 empty:hidden\">\n<div class=\"markdown prose dark:prose-invert w-full wrap-break-word light markdown-new-styling\">\n<p data-start=\"498\" data-end=\"800\">Organiza tus espacios con este armario pl\u00e1stico multiusos tipo rat\u00e1n, ideal para hogar, oficina o \u00e1reas de servicio. Su dise\u00f1o moderno en color wengue aporta estilo y est\u00e1 fabricado en polipropileno resistente y f\u00e1cil de limpiar. Incluye 2 entrepa\u00f1os ajustables y niveladores para mayor estabilidad. Apto para interior y exterior.<br \/>\nC\u00f3mpralo hoy.<\/p>\n<\/div>\n<\/div>\n<\/div>\n<\/div>\n<div class=\"z-0 flex min-h-[46px] justify-start\"><\/div>\n<div class=\"mt-3 w-full empty:hidden\">\n<div class=\"text-center\"><\/div>\n<\/div>\n<\/div>\n<\/div>\n<\/section>\n<\/div>\n<div class=\"pointer-events-none h-px w-px absolute bottom-0\" aria-hidden=\"true\" data-edge=\"true\"><\/div>\n","protected":false},"excerpt":{"rendered":"<p data-start=\"498\" data-end=\"800\">Organiza tus espacios con este armario pl\u00e1stico multiusos tipo rat\u00e1n, ideal para hogar, oficina o \u00e1reas de servicio. Su dise\u00f1o moderno en color wengue aporta estilo y est\u00e1 fabricado en polipropileno resistente y f\u00e1cil de limpiar. Incluye 2 entrepa\u00f1os ajustables y niveladores para mayor estabilidad. Apto para interior y exterior.<br \/>\nC\u00f3mpralo hoy.<\/p>\n","protected":false},"featured_media":3692,"comment_status":"open","ping_status":"closed","template":"","meta":[],"product_brand":[],"product_cat":[16,61,37],"product_tag":[],"coleccion":[46],"class_list":{"0":"post-3690","1":"product","2":"type-product","3":"status-publish","4":"has-post-thumbnail","6":"product_cat-uncategorized","7":"product_cat-conoce-la-resistencia-y-durabilidad-de-todas-nuestra-lineas","8":"product_cat-muebles-de-jardin","9":"coleccion-ferrara","11":"first","12":"instock","13":"sale","14":"shipping-taxable","15":"purchasable","16":"product-type-simple"},"yoast_head":"<!-- This site is optimized with the Yoast SEO plugin v26.8 - https:\/\/yoast.com\/product\/yoast-seo-wordpress\/ -->\n<title>Armario pl\u00e1stico multiusos tipo rat\u00e1n con 2 entrepa\u00f1os ajustables<\/title>\n<meta name=\"description\" content=\"Compra el armario multiusos para almacenamiento seguro. Ideal para equipos grandes o voluminosos en exteriores y cocheras\" \/>\n<meta name=\"robots\" content=\"index, follow, max-snippet:-1, max-image-preview:large, max-video-preview:-1\" \/>\n<link rel=\"canonical\" href=\"https:\/\/plasticosmq.com\/mx\/producto\/muebles-de-jardin\/conoce-la-resistencia-y-durabilidad-de-todas-nuestra-lineas\/armario-ferrara-mediano-multiusos\/\" \/>\n<meta property=\"og:locale\" content=\"es_ES\" \/>\n<meta property=\"og:type\" content=\"article\" \/>\n<meta property=\"og:title\" content=\"Armario pl\u00e1stico multiusos tipo rat\u00e1n con 2 entrepa\u00f1os ajustables\" \/>\n<meta property=\"og:description\" content=\"Compra el armario multiusos para almacenamiento seguro. Ideal para equipos grandes o voluminosos en exteriores y cocheras\" \/>\n<meta property=\"og:url\" content=\"https:\/\/plasticosmq.com\/mx\/producto\/muebles-de-jardin\/conoce-la-resistencia-y-durabilidad-de-todas-nuestra-lineas\/armario-ferrara-mediano-multiusos\/\" \/>\n<meta property=\"og:site_name\" content=\"Plasticos MQ\" \/>\n<meta property=\"article:modified_time\" content=\"2026-03-26T14:03:36+00:00\" \/>\n<meta property=\"og:image\" content=\"https:\/\/plasticosmq.com\/mx\/wp-content\/uploads\/sites\/7\/2026\/03\/433-Ferrara-Mediano-Wengue-18.jpg\" \/>\n\t<meta property=\"og:image:width\" content=\"2000\" \/>\n\t<meta property=\"og:image:height\" content=\"2000\" \/>\n\t<meta property=\"og:image:type\" content=\"image\/jpeg\" \/>\n<meta name=\"twitter:card\" content=\"summary_large_image\" \/>\n<meta name=\"twitter:label1\" content=\"Tiempo de lectura\" \/>\n\t<meta name=\"twitter:data1\" content=\"9 minutos\" \/>\n<script type=\"application\/ld+json\" class=\"yoast-schema-graph\">{\"@context\":\"https:\/\/schema.org\",\"@graph\":[{\"@type\":\"WebPage\",\"@id\":\"https:\/\/plasticosmq.com\/mx\/producto\/muebles-de-jardin\/conoce-la-resistencia-y-durabilidad-de-todas-nuestra-lineas\/armario-ferrara-mediano-multiusos\/\",\"url\":\"https:\/\/plasticosmq.com\/mx\/producto\/muebles-de-jardin\/conoce-la-resistencia-y-durabilidad-de-todas-nuestra-lineas\/armario-ferrara-mediano-multiusos\/\",\"name\":\"Armario pl\u00e1stico multiusos tipo rat\u00e1n con 2 entrepa\u00f1os ajustables\",\"isPartOf\":{\"@id\":\"https:\/\/plasticosmq.com\/mx\/#website\"},\"primaryImageOfPage\":{\"@id\":\"https:\/\/plasticosmq.com\/mx\/producto\/muebles-de-jardin\/conoce-la-resistencia-y-durabilidad-de-todas-nuestra-lineas\/armario-ferrara-mediano-multiusos\/#primaryimage\"},\"image\":{\"@id\":\"https:\/\/plasticosmq.com\/mx\/producto\/muebles-de-jardin\/conoce-la-resistencia-y-durabilidad-de-todas-nuestra-lineas\/armario-ferrara-mediano-multiusos\/#primaryimage\"},\"thumbnailUrl\":\"https:\/\/plasticosmq.com\/mx\/wp-content\/uploads\/sites\/7\/2026\/03\/433-Ferrara-Mediano-Wengue-18.jpg\",\"datePublished\":\"2026-03-25T22:34:25+00:00\",\"dateModified\":\"2026-03-26T14:03:36+00:00\",\"description\":\"Compra el armario multiusos para almacenamiento seguro. Ideal para equipos grandes o voluminosos en exteriores y cocheras\",\"breadcrumb\":{\"@id\":\"https:\/\/plasticosmq.com\/mx\/producto\/muebles-de-jardin\/conoce-la-resistencia-y-durabilidad-de-todas-nuestra-lineas\/armario-ferrara-mediano-multiusos\/#breadcrumb\"},\"inLanguage\":\"es\",\"potentialAction\":[{\"@type\":\"ReadAction\",\"target\":[\"https:\/\/plasticosmq.com\/mx\/producto\/muebles-de-jardin\/conoce-la-resistencia-y-durabilidad-de-todas-nuestra-lineas\/armario-ferrara-mediano-multiusos\/\"]}]},{\"@type\":\"ImageObject\",\"inLanguage\":\"es\",\"@id\":\"https:\/\/plasticosmq.com\/mx\/producto\/muebles-de-jardin\/conoce-la-resistencia-y-durabilidad-de-todas-nuestra-lineas\/armario-ferrara-mediano-multiusos\/#primaryimage\",\"url\":\"https:\/\/plasticosmq.com\/mx\/wp-content\/uploads\/sites\/7\/2026\/03\/433-Ferrara-Mediano-Wengue-18.jpg\",\"contentUrl\":\"https:\/\/plasticosmq.com\/mx\/wp-content\/uploads\/sites\/7\/2026\/03\/433-Ferrara-Mediano-Wengue-18.jpg\",\"width\":2000,\"height\":2000,\"caption\":\"Armario ferrara mediano\"},{\"@type\":\"BreadcrumbList\",\"@id\":\"https:\/\/plasticosmq.com\/mx\/producto\/muebles-de-jardin\/conoce-la-resistencia-y-durabilidad-de-todas-nuestra-lineas\/armario-ferrara-mediano-multiusos\/#breadcrumb\",\"itemListElement\":[{\"@type\":\"ListItem\",\"position\":1,\"name\":\"Inicio\",\"item\":\"https:\/\/plasticosmq.com\/mx\/\"},{\"@type\":\"ListItem\",\"position\":2,\"name\":\"Shop\",\"item\":\"https:\/\/plasticosmq.com\/mx\/shop\/\"},{\"@type\":\"ListItem\",\"position\":3,\"name\":\"Armario ferrara mediano multiusos\"}]},{\"@type\":\"WebSite\",\"@id\":\"https:\/\/plasticosmq.com\/mx\/#website\",\"url\":\"https:\/\/plasticosmq.com\/mx\/\",\"name\":\"Plasticos MQ\",\"description\":\"\",\"potentialAction\":[{\"@type\":\"SearchAction\",\"target\":{\"@type\":\"EntryPoint\",\"urlTemplate\":\"https:\/\/plasticosmq.com\/mx\/?s={search_term_string}\"},\"query-input\":{\"@type\":\"PropertyValueSpecification\",\"valueRequired\":true,\"valueName\":\"search_term_string\"}}],\"inLanguage\":\"es\"}]}<\/script>\n<!-- \/ Yoast SEO plugin. -->","yoast_head_json":{"title":"Armario pl\u00e1stico multiusos tipo rat\u00e1n con 2 entrepa\u00f1os ajustables","description":"Compra el armario multiusos para almacenamiento seguro. Ideal para equipos grandes o voluminosos en exteriores y cocheras","robots":{"index":"index","follow":"follow","max-snippet":"max-snippet:-1","max-image-preview":"max-image-preview:large","max-video-preview":"max-video-preview:-1"},"canonical":"https:\/\/plasticosmq.com\/mx\/producto\/muebles-de-jardin\/conoce-la-resistencia-y-durabilidad-de-todas-nuestra-lineas\/armario-ferrara-mediano-multiusos\/","og_locale":"es_ES","og_type":"article","og_title":"Armario pl\u00e1stico multiusos tipo rat\u00e1n con 2 entrepa\u00f1os ajustables","og_description":"Compra el armario multiusos para almacenamiento seguro. Ideal para equipos grandes o voluminosos en exteriores y cocheras","og_url":"https:\/\/plasticosmq.com\/mx\/producto\/muebles-de-jardin\/conoce-la-resistencia-y-durabilidad-de-todas-nuestra-lineas\/armario-ferrara-mediano-multiusos\/","og_site_name":"Plasticos MQ","article_modified_time":"2026-03-26T14:03:36+00:00","og_image":[{"width":2000,"height":2000,"url":"https:\/\/plasticosmq.com\/mx\/wp-content\/uploads\/sites\/7\/2026\/03\/433-Ferrara-Mediano-Wengue-18.jpg","type":"image\/jpeg"}],"twitter_card":"summary_large_image","twitter_misc":{"Tiempo de lectura":"9 minutos"},"schema":{"@context":"https:\/\/schema.org","@graph":[{"@type":"WebPage","@id":"https:\/\/plasticosmq.com\/mx\/producto\/muebles-de-jardin\/conoce-la-resistencia-y-durabilidad-de-todas-nuestra-lineas\/armario-ferrara-mediano-multiusos\/","url":"https:\/\/plasticosmq.com\/mx\/producto\/muebles-de-jardin\/conoce-la-resistencia-y-durabilidad-de-todas-nuestra-lineas\/armario-ferrara-mediano-multiusos\/","name":"Armario pl\u00e1stico multiusos tipo rat\u00e1n con 2 entrepa\u00f1os ajustables","isPartOf":{"@id":"https:\/\/plasticosmq.com\/mx\/#website"},"primaryImageOfPage":{"@id":"https:\/\/plasticosmq.com\/mx\/producto\/muebles-de-jardin\/conoce-la-resistencia-y-durabilidad-de-todas-nuestra-lineas\/armario-ferrara-mediano-multiusos\/#primaryimage"},"image":{"@id":"https:\/\/plasticosmq.com\/mx\/producto\/muebles-de-jardin\/conoce-la-resistencia-y-durabilidad-de-todas-nuestra-lineas\/armario-ferrara-mediano-multiusos\/#primaryimage"},"thumbnailUrl":"https:\/\/plasticosmq.com\/mx\/wp-content\/uploads\/sites\/7\/2026\/03\/433-Ferrara-Mediano-Wengue-18.jpg","datePublished":"2026-03-25T22:34:25+00:00","dateModified":"2026-03-26T14:03:36+00:00","description":"Compra el armario multiusos para almacenamiento seguro. Ideal para equipos grandes o voluminosos en exteriores y cocheras","breadcrumb":{"@id":"https:\/\/plasticosmq.com\/mx\/producto\/muebles-de-jardin\/conoce-la-resistencia-y-durabilidad-de-todas-nuestra-lineas\/armario-ferrara-mediano-multiusos\/#breadcrumb"},"inLanguage":"es","potentialAction":[{"@type":"ReadAction","target":["https:\/\/plasticosmq.com\/mx\/producto\/muebles-de-jardin\/conoce-la-resistencia-y-durabilidad-de-todas-nuestra-lineas\/armario-ferrara-mediano-multiusos\/"]}]},{"@type":"ImageObject","inLanguage":"es","@id":"https:\/\/plasticosmq.com\/mx\/producto\/muebles-de-jardin\/conoce-la-resistencia-y-durabilidad-de-todas-nuestra-lineas\/armario-ferrara-mediano-multiusos\/#primaryimage","url":"https:\/\/plasticosmq.com\/mx\/wp-content\/uploads\/sites\/7\/2026\/03\/433-Ferrara-Mediano-Wengue-18.jpg","contentUrl":"https:\/\/plasticosmq.com\/mx\/wp-content\/uploads\/sites\/7\/2026\/03\/433-Ferrara-Mediano-Wengue-18.jpg","width":2000,"height":2000,"caption":"Armario ferrara mediano"},{"@type":"BreadcrumbList","@id":"https:\/\/plasticosmq.com\/mx\/producto\/muebles-de-jardin\/conoce-la-resistencia-y-durabilidad-de-todas-nuestra-lineas\/armario-ferrara-mediano-multiusos\/#breadcrumb","itemListElement":[{"@type":"ListItem","position":1,"name":"Inicio","item":"https:\/\/plasticosmq.com\/mx\/"},{"@type":"ListItem","position":2,"name":"Shop","item":"https:\/\/plasticosmq.com\/mx\/shop\/"},{"@type":"ListItem","position":3,"name":"Armario ferrara mediano multiusos"}]},{"@type":"WebSite","@id":"https:\/\/plasticosmq.com\/mx\/#website","url":"https:\/\/plasticosmq.com\/mx\/","name":"Plasticos MQ","description":"","potentialAction":[{"@type":"SearchAction","target":{"@type":"EntryPoint","urlTemplate":"https:\/\/plasticosmq.com\/mx\/?s={search_term_string}"},"query-input":{"@type":"PropertyValueSpecification","valueRequired":true,"valueName":"search_term_string"}}],"inLanguage":"es"}]}},"_links":{"self":[{"href":"https:\/\/plasticosmq.com\/mx\/wp-json\/wp\/v2\/product\/3690","targetHints":{"allow":["GET"]}}],"collection":[{"href":"https:\/\/plasticosmq.com\/mx\/wp-json\/wp\/v2\/product"}],"about":[{"href":"https:\/\/plasticosmq.com\/mx\/wp-json\/wp\/v2\/types\/product"}],"replies":[{"embeddable":true,"href":"https:\/\/plasticosmq.com\/mx\/wp-json\/wp\/v2\/comments?post=3690"}],"version-history":[{"count":2,"href":"https:\/\/plasticosmq.com\/mx\/wp-json\/wp\/v2\/product\/3690\/revisions"}],"predecessor-version":[{"id":3700,"href":"https:\/\/plasticosmq.com\/mx\/wp-json\/wp\/v2\/product\/3690\/revisions\/3700"}],"wp:featuredmedia":[{"embeddable":true,"href":"https:\/\/plasticosmq.com\/mx\/wp-json\/wp\/v2\/media\/3692"}],"wp:attachment":[{"href":"https:\/\/plasticosmq.com\/mx\/wp-json\/wp\/v2\/media?parent=3690"}],"wp:term":[{"taxonomy":"product_brand","embeddable":true,"href":"https:\/\/plasticosmq.com\/mx\/wp-json\/wp\/v2\/product_brand?post=3690"},{"taxonomy":"product_cat","embeddable":true,"href":"https:\/\/plasticosmq.com\/mx\/wp-json\/wp\/v2\/product_cat?post=3690"},{"taxonomy":"product_tag","embeddable":true,"href":"https:\/\/plasticosmq.com\/mx\/wp-json\/wp\/v2\/product_tag?post=3690"},{"taxonomy":"coleccion","embeddable":true,"href":"https:\/\/plasticosmq.com\/mx\/wp-json\/wp\/v2\/coleccion?post=3690"}],"curies":[{"name":"wp","href":"https:\/\/api.w.org\/{rel}","templated":true}]}}