{"id":3794,"date":"2026-03-27T20:21:05","date_gmt":"2026-03-27T20:21:05","guid":{"rendered":"https:\/\/plasticosmq.com\/mx\/?post_type=product&#038;p=3794"},"modified":"2026-03-27T20:21:05","modified_gmt":"2026-03-27T20:21:05","slug":"mesa-hielera-capri-exterior","status":"publish","type":"product","link":"https:\/\/plasticosmq.com\/mx\/producto\/muebles-de-jardin\/mesas-y-sillas-de-jardin-para-exterior\/mesa-hielera-capri-exterior\/","title":{"rendered":"Mesa hielera capri exterior"},"content":{"rendered":"<div class=\"flex flex-col text-sm pb-25\">\n<section class=\"text-token-text-primary w-full focus:outline-none [--shadow-height:45px] has-data-writing-block:pointer-events-none has-data-writing-block:-mt-(--shadow-height) has-data-writing-block:pt-(--shadow-height) [&amp;:has([data-writing-block])&gt;*]:pointer-events-auto scroll-mt-[calc(var(--header-height)+min(200px,max(70px,20svh)))]\" dir=\"auto\" data-turn-id=\"request-69a07c5b-5a00-8328-ae22-2fa2a68026c6-4\" data-testid=\"conversation-turn-106\" data-scroll-anchor=\"true\" data-turn=\"assistant\">\n<div class=\"text-base my-auto mx-auto pb-10 [--thread-content-margin:var(--thread-content-margin-xs,calc(var(--spacing)*4))] @w-sm\/main:[--thread-content-margin:var(--thread-content-margin-sm,calc(var(--spacing)*6))] @w-lg\/main:[--thread-content-margin:var(--thread-content-margin-lg,calc(var(--spacing)*16))] px-(--thread-content-margin)\">\n<div class=\"[--thread-content-max-width:40rem] @w-lg\/main:[--thread-content-max-width:48rem] mx-auto max-w-(--thread-content-max-width) flex-1 group\/turn-messages focus-visible:outline-hidden relative flex w-full min-w-0 flex-col agent-turn\">\n<div class=\"flex max-w-full flex-col gap-4 grow\">\n<div class=\"min-h-8 text-message relative flex w-full flex-col items-end gap-2 text-start break-words whitespace-normal outline-none keyboard-focused:focus-ring [.text-message+&amp;]:mt-1\" dir=\"auto\" data-message-author-role=\"assistant\" data-message-id=\"b217bf54-defb-4d57-a014-b562aaf6d7db\" data-message-model-slug=\"gpt-5-3\" data-turn-start-message=\"true\">\n<div class=\"flex w-full flex-col gap-1 empty:hidden\">\n<div class=\"markdown prose dark:prose-invert w-full wrap-break-word light markdown-new-styling\">\n<p data-start=\"481\" data-end=\"829\" data-is-last-node=\"\" data-is-only-node=\"\">Disfruta tus reuniones con esta mesa hielera exterior 2 en 1 tipo rat\u00e1n. Mantiene tus bebidas fr\u00edas gracias a su capacidad de 28 litros y funciona como mesa auxiliar pr\u00e1ctica. Fabricada en polipropileno resistente con protecci\u00f3n UV, es ideal para exterior.<br \/>\nDale un toque funcional a tu espacio y c\u00f3mprala hoy mismo.<\/p>\n<\/div>\n<\/div>\n<\/div>\n<\/div>\n<div class=\"z-0 flex min-h-[46px] justify-start\"><\/div>\n<div class=\"mt-3 w-full empty:hidden\">\n<div class=\"text-center\"><\/div>\n<\/div>\n<\/div>\n<\/div>\n<\/section>\n<\/div>\n<div class=\"pointer-events-none h-px w-px absolute bottom-0\" aria-hidden=\"true\" data-edge=\"true\"><\/div>\n","protected":false},"excerpt":{"rendered":"<p>Disfruta tus reuniones con esta mesa hielera exterior 2 en 1 tipo rat\u00e1n. Mantiene tus bebidas fr\u00edas gracias a su capacidad de 28 litros y funciona como mesa auxiliar pr\u00e1ctica. Fabricada en polipropileno resistente con protecci\u00f3n UV, es ideal para exterior.<br \/>\nDale un toque funcional a tu espacio y c\u00f3mprala hoy mismo.<\/p>\n","protected":false},"featured_media":3817,"comment_status":"open","ping_status":"closed","template":"","meta":[],"product_brand":[],"product_cat":[43,37],"product_tag":[],"coleccion":[23],"class_list":{"0":"post-3794","1":"product","2":"type-product","3":"status-publish","4":"has-post-thumbnail","6":"product_cat-mesas-y-sillas-de-jardin-para-exterior","7":"product_cat-muebles-de-jardin","8":"coleccion-capri","10":"first","11":"instock","12":"sale","13":"shipping-taxable","14":"purchasable","15":"product-type-variable","16":"has-default-attributes","17":"rtwpvg-product"},"yoast_head":"<!-- This site is optimized with the Yoast SEO plugin v26.8 - https:\/\/yoast.com\/product\/yoast-seo-wordpress\/ -->\n<title>Mesa hielera exterior 2 en 1 tipo rat\u00e1n con enfriador<\/title>\n<meta name=\"description\" content=\"Mesa hielera exterior 2 en 1 tipo rat\u00e1n con capacidad de 28 litros. Mantiene bebidas fr\u00edas y funciona como mesa auxiliar. \u00a1Compra hoy!\" \/>\n<meta name=\"robots\" content=\"index, follow, max-snippet:-1, max-image-preview:large, max-video-preview:-1\" \/>\n<link rel=\"canonical\" href=\"https:\/\/plasticosmq.com\/mx\/producto\/muebles-de-jardin\/mesas-y-sillas-de-jardin-para-exterior\/mesa-hielera-capri-exterior\/\" \/>\n<meta property=\"og:locale\" content=\"es_ES\" \/>\n<meta property=\"og:type\" content=\"article\" \/>\n<meta property=\"og:title\" content=\"Mesa hielera exterior 2 en 1 tipo rat\u00e1n con enfriador\" \/>\n<meta property=\"og:description\" content=\"Mesa hielera exterior 2 en 1 tipo rat\u00e1n con capacidad de 28 litros. Mantiene bebidas fr\u00edas y funciona como mesa auxiliar. \u00a1Compra hoy!\" \/>\n<meta property=\"og:url\" content=\"https:\/\/plasticosmq.com\/mx\/producto\/muebles-de-jardin\/mesas-y-sillas-de-jardin-para-exterior\/mesa-hielera-capri-exterior\/\" \/>\n<meta property=\"og:site_name\" content=\"Plasticos MQ\" \/>\n<meta property=\"og:image\" content=\"https:\/\/plasticosmq.com\/mx\/wp-content\/uploads\/sites\/7\/2026\/03\/Cooler-TableTabaco18-1024x1024.jpg\" \/>\n\t<meta property=\"og:image:width\" content=\"1024\" \/>\n\t<meta property=\"og:image:height\" content=\"1024\" \/>\n\t<meta property=\"og:image:type\" content=\"image\/jpeg\" \/>\n<meta name=\"twitter:card\" content=\"summary_large_image\" \/>\n<meta name=\"twitter:label1\" content=\"Tiempo de lectura\" \/>\n\t<meta name=\"twitter:data1\" content=\"9 minutos\" \/>\n<script type=\"application\/ld+json\" class=\"yoast-schema-graph\">{\"@context\":\"https:\/\/schema.org\",\"@graph\":[{\"@type\":\"WebPage\",\"@id\":\"https:\/\/plasticosmq.com\/mx\/producto\/muebles-de-jardin\/mesas-y-sillas-de-jardin-para-exterior\/mesa-hielera-capri-exterior\/\",\"url\":\"https:\/\/plasticosmq.com\/mx\/producto\/muebles-de-jardin\/mesas-y-sillas-de-jardin-para-exterior\/mesa-hielera-capri-exterior\/\",\"name\":\"Mesa hielera exterior 2 en 1 tipo rat\u00e1n con enfriador\",\"isPartOf\":{\"@id\":\"https:\/\/plasticosmq.com\/mx\/#website\"},\"primaryImageOfPage\":{\"@id\":\"https:\/\/plasticosmq.com\/mx\/producto\/muebles-de-jardin\/mesas-y-sillas-de-jardin-para-exterior\/mesa-hielera-capri-exterior\/#primaryimage\"},\"image\":{\"@id\":\"https:\/\/plasticosmq.com\/mx\/producto\/muebles-de-jardin\/mesas-y-sillas-de-jardin-para-exterior\/mesa-hielera-capri-exterior\/#primaryimage\"},\"thumbnailUrl\":\"https:\/\/plasticosmq.com\/mx\/wp-content\/uploads\/sites\/7\/2026\/03\/Cooler-TableTabaco18.jpg\",\"datePublished\":\"2026-03-27T20:21:05+00:00\",\"description\":\"Mesa hielera exterior 2 en 1 tipo rat\u00e1n con capacidad de 28 litros. Mantiene bebidas fr\u00edas y funciona como mesa auxiliar. \u00a1Compra hoy!\",\"breadcrumb\":{\"@id\":\"https:\/\/plasticosmq.com\/mx\/producto\/muebles-de-jardin\/mesas-y-sillas-de-jardin-para-exterior\/mesa-hielera-capri-exterior\/#breadcrumb\"},\"inLanguage\":\"es\",\"potentialAction\":[{\"@type\":\"ReadAction\",\"target\":[\"https:\/\/plasticosmq.com\/mx\/producto\/muebles-de-jardin\/mesas-y-sillas-de-jardin-para-exterior\/mesa-hielera-capri-exterior\/\"]}]},{\"@type\":\"ImageObject\",\"inLanguage\":\"es\",\"@id\":\"https:\/\/plasticosmq.com\/mx\/producto\/muebles-de-jardin\/mesas-y-sillas-de-jardin-para-exterior\/mesa-hielera-capri-exterior\/#primaryimage\",\"url\":\"https:\/\/plasticosmq.com\/mx\/wp-content\/uploads\/sites\/7\/2026\/03\/Cooler-TableTabaco18.jpg\",\"contentUrl\":\"https:\/\/plasticosmq.com\/mx\/wp-content\/uploads\/sites\/7\/2026\/03\/Cooler-TableTabaco18.jpg\",\"width\":2000,\"height\":2000,\"caption\":\"Mesa hielera exterior\"},{\"@type\":\"BreadcrumbList\",\"@id\":\"https:\/\/plasticosmq.com\/mx\/producto\/muebles-de-jardin\/mesas-y-sillas-de-jardin-para-exterior\/mesa-hielera-capri-exterior\/#breadcrumb\",\"itemListElement\":[{\"@type\":\"ListItem\",\"position\":1,\"name\":\"Inicio\",\"item\":\"https:\/\/plasticosmq.com\/mx\/\"},{\"@type\":\"ListItem\",\"position\":2,\"name\":\"Shop\",\"item\":\"https:\/\/plasticosmq.com\/mx\/shop\/\"},{\"@type\":\"ListItem\",\"position\":3,\"name\":\"Mesa hielera capri exterior\"}]},{\"@type\":\"WebSite\",\"@id\":\"https:\/\/plasticosmq.com\/mx\/#website\",\"url\":\"https:\/\/plasticosmq.com\/mx\/\",\"name\":\"Plasticos MQ\",\"description\":\"\",\"potentialAction\":[{\"@type\":\"SearchAction\",\"target\":{\"@type\":\"EntryPoint\",\"urlTemplate\":\"https:\/\/plasticosmq.com\/mx\/?s={search_term_string}\"},\"query-input\":{\"@type\":\"PropertyValueSpecification\",\"valueRequired\":true,\"valueName\":\"search_term_string\"}}],\"inLanguage\":\"es\"}]}<\/script>\n<!-- \/ Yoast SEO plugin. -->","yoast_head_json":{"title":"Mesa hielera exterior 2 en 1 tipo rat\u00e1n con enfriador","description":"Mesa hielera exterior 2 en 1 tipo rat\u00e1n con capacidad de 28 litros. Mantiene bebidas fr\u00edas y funciona como mesa auxiliar. \u00a1Compra hoy!","robots":{"index":"index","follow":"follow","max-snippet":"max-snippet:-1","max-image-preview":"max-image-preview:large","max-video-preview":"max-video-preview:-1"},"canonical":"https:\/\/plasticosmq.com\/mx\/producto\/muebles-de-jardin\/mesas-y-sillas-de-jardin-para-exterior\/mesa-hielera-capri-exterior\/","og_locale":"es_ES","og_type":"article","og_title":"Mesa hielera exterior 2 en 1 tipo rat\u00e1n con enfriador","og_description":"Mesa hielera exterior 2 en 1 tipo rat\u00e1n con capacidad de 28 litros. Mantiene bebidas fr\u00edas y funciona como mesa auxiliar. \u00a1Compra hoy!","og_url":"https:\/\/plasticosmq.com\/mx\/producto\/muebles-de-jardin\/mesas-y-sillas-de-jardin-para-exterior\/mesa-hielera-capri-exterior\/","og_site_name":"Plasticos MQ","og_image":[{"width":1024,"height":1024,"url":"https:\/\/plasticosmq.com\/mx\/wp-content\/uploads\/sites\/7\/2026\/03\/Cooler-TableTabaco18-1024x1024.jpg","type":"image\/jpeg"}],"twitter_card":"summary_large_image","twitter_misc":{"Tiempo de lectura":"9 minutos"},"schema":{"@context":"https:\/\/schema.org","@graph":[{"@type":"WebPage","@id":"https:\/\/plasticosmq.com\/mx\/producto\/muebles-de-jardin\/mesas-y-sillas-de-jardin-para-exterior\/mesa-hielera-capri-exterior\/","url":"https:\/\/plasticosmq.com\/mx\/producto\/muebles-de-jardin\/mesas-y-sillas-de-jardin-para-exterior\/mesa-hielera-capri-exterior\/","name":"Mesa hielera exterior 2 en 1 tipo rat\u00e1n con enfriador","isPartOf":{"@id":"https:\/\/plasticosmq.com\/mx\/#website"},"primaryImageOfPage":{"@id":"https:\/\/plasticosmq.com\/mx\/producto\/muebles-de-jardin\/mesas-y-sillas-de-jardin-para-exterior\/mesa-hielera-capri-exterior\/#primaryimage"},"image":{"@id":"https:\/\/plasticosmq.com\/mx\/producto\/muebles-de-jardin\/mesas-y-sillas-de-jardin-para-exterior\/mesa-hielera-capri-exterior\/#primaryimage"},"thumbnailUrl":"https:\/\/plasticosmq.com\/mx\/wp-content\/uploads\/sites\/7\/2026\/03\/Cooler-TableTabaco18.jpg","datePublished":"2026-03-27T20:21:05+00:00","description":"Mesa hielera exterior 2 en 1 tipo rat\u00e1n con capacidad de 28 litros. Mantiene bebidas fr\u00edas y funciona como mesa auxiliar. \u00a1Compra hoy!","breadcrumb":{"@id":"https:\/\/plasticosmq.com\/mx\/producto\/muebles-de-jardin\/mesas-y-sillas-de-jardin-para-exterior\/mesa-hielera-capri-exterior\/#breadcrumb"},"inLanguage":"es","potentialAction":[{"@type":"ReadAction","target":["https:\/\/plasticosmq.com\/mx\/producto\/muebles-de-jardin\/mesas-y-sillas-de-jardin-para-exterior\/mesa-hielera-capri-exterior\/"]}]},{"@type":"ImageObject","inLanguage":"es","@id":"https:\/\/plasticosmq.com\/mx\/producto\/muebles-de-jardin\/mesas-y-sillas-de-jardin-para-exterior\/mesa-hielera-capri-exterior\/#primaryimage","url":"https:\/\/plasticosmq.com\/mx\/wp-content\/uploads\/sites\/7\/2026\/03\/Cooler-TableTabaco18.jpg","contentUrl":"https:\/\/plasticosmq.com\/mx\/wp-content\/uploads\/sites\/7\/2026\/03\/Cooler-TableTabaco18.jpg","width":2000,"height":2000,"caption":"Mesa hielera exterior"},{"@type":"BreadcrumbList","@id":"https:\/\/plasticosmq.com\/mx\/producto\/muebles-de-jardin\/mesas-y-sillas-de-jardin-para-exterior\/mesa-hielera-capri-exterior\/#breadcrumb","itemListElement":[{"@type":"ListItem","position":1,"name":"Inicio","item":"https:\/\/plasticosmq.com\/mx\/"},{"@type":"ListItem","position":2,"name":"Shop","item":"https:\/\/plasticosmq.com\/mx\/shop\/"},{"@type":"ListItem","position":3,"name":"Mesa hielera capri exterior"}]},{"@type":"WebSite","@id":"https:\/\/plasticosmq.com\/mx\/#website","url":"https:\/\/plasticosmq.com\/mx\/","name":"Plasticos MQ","description":"","potentialAction":[{"@type":"SearchAction","target":{"@type":"EntryPoint","urlTemplate":"https:\/\/plasticosmq.com\/mx\/?s={search_term_string}"},"query-input":{"@type":"PropertyValueSpecification","valueRequired":true,"valueName":"search_term_string"}}],"inLanguage":"es"}]}},"_links":{"self":[{"href":"https:\/\/plasticosmq.com\/mx\/wp-json\/wp\/v2\/product\/3794","targetHints":{"allow":["GET"]}}],"collection":[{"href":"https:\/\/plasticosmq.com\/mx\/wp-json\/wp\/v2\/product"}],"about":[{"href":"https:\/\/plasticosmq.com\/mx\/wp-json\/wp\/v2\/types\/product"}],"replies":[{"embeddable":true,"href":"https:\/\/plasticosmq.com\/mx\/wp-json\/wp\/v2\/comments?post=3794"}],"version-history":[{"count":1,"href":"https:\/\/plasticosmq.com\/mx\/wp-json\/wp\/v2\/product\/3794\/revisions"}],"predecessor-version":[{"id":3812,"href":"https:\/\/plasticosmq.com\/mx\/wp-json\/wp\/v2\/product\/3794\/revisions\/3812"}],"wp:featuredmedia":[{"embeddable":true,"href":"https:\/\/plasticosmq.com\/mx\/wp-json\/wp\/v2\/media\/3817"}],"wp:attachment":[{"href":"https:\/\/plasticosmq.com\/mx\/wp-json\/wp\/v2\/media?parent=3794"}],"wp:term":[{"taxonomy":"product_brand","embeddable":true,"href":"https:\/\/plasticosmq.com\/mx\/wp-json\/wp\/v2\/product_brand?post=3794"},{"taxonomy":"product_cat","embeddable":true,"href":"https:\/\/plasticosmq.com\/mx\/wp-json\/wp\/v2\/product_cat?post=3794"},{"taxonomy":"product_tag","embeddable":true,"href":"https:\/\/plasticosmq.com\/mx\/wp-json\/wp\/v2\/product_tag?post=3794"},{"taxonomy":"coleccion","embeddable":true,"href":"https:\/\/plasticosmq.com\/mx\/wp-json\/wp\/v2\/coleccion?post=3794"}],"curies":[{"name":"wp","href":"https:\/\/api.w.org\/{rel}","templated":true}]}}