{"id":3843,"date":"2026-03-27T21:23:07","date_gmt":"2026-03-27T21:23:07","guid":{"rendered":"https:\/\/plasticosmq.com\/mx\/?post_type=product&#038;p=3843"},"modified":"2026-03-27T21:23:07","modified_gmt":"2026-03-27T21:23:07","slug":"set-mesa-hielera-con-2-sillas-madeira-exterior","status":"publish","type":"product","link":"https:\/\/plasticosmq.com\/mx\/producto\/muebles-de-jardin\/mesas-y-sillas-de-jardin-para-exterior\/set-mesa-hielera-con-2-sillas-madeira-exterior\/","title":{"rendered":"Set mesa hielera con 2 sillas madeira exterior"},"content":{"rendered":"<div class=\"flex flex-col text-sm pb-25\">\n<section class=\"text-token-text-primary w-full focus:outline-none [--shadow-height:45px] has-data-writing-block:pointer-events-none has-data-writing-block:-mt-(--shadow-height) has-data-writing-block:pt-(--shadow-height) [&amp;:has([data-writing-block])&gt;*]:pointer-events-auto scroll-mt-[calc(var(--header-height)+min(200px,max(70px,20svh)))]\" dir=\"auto\" data-turn-id=\"request-69a07c5b-5a00-8328-ae22-2fa2a68026c6-5\" data-testid=\"conversation-turn-108\" data-scroll-anchor=\"true\" data-turn=\"assistant\">\n<div class=\"text-base my-auto mx-auto pb-10 [--thread-content-margin:var(--thread-content-margin-xs,calc(var(--spacing)*4))] @w-sm\/main:[--thread-content-margin:var(--thread-content-margin-sm,calc(var(--spacing)*6))] @w-lg\/main:[--thread-content-margin:var(--thread-content-margin-lg,calc(var(--spacing)*16))] px-(--thread-content-margin)\">\n<div class=\"[--thread-content-max-width:40rem] @w-lg\/main:[--thread-content-max-width:48rem] mx-auto max-w-(--thread-content-max-width) flex-1 group\/turn-messages focus-visible:outline-hidden relative flex w-full min-w-0 flex-col agent-turn\">\n<div class=\"flex max-w-full flex-col gap-4 grow\">\n<div class=\"min-h-8 text-message relative flex w-full flex-col items-end gap-2 text-start break-words whitespace-normal outline-none keyboard-focused:focus-ring [.text-message+&amp;]:mt-1\" dir=\"auto\" data-message-author-role=\"assistant\" data-message-id=\"ab450d6a-fa32-435a-b6c5-970dbb8c53c8\" data-message-model-slug=\"gpt-5-3\" data-turn-start-message=\"true\">\n<div class=\"flex w-full flex-col gap-1 empty:hidden\">\n<div class=\"markdown prose dark:prose-invert w-full wrap-break-word light markdown-new-styling\">\n<p data-start=\"491\" data-end=\"842\" data-is-last-node=\"\" data-is-only-node=\"\">Disfruta tus reuniones con este set mesa hielera exterior con 2 sillas tipo rat\u00e1n. Mant\u00e9n tus bebidas fr\u00edas con su hielera de 28 litros y rel\u00e1jate con sus sillas c\u00f3modas. Fabricado en material resistente con protecci\u00f3n UV, es ideal para exterior.<br \/>\nDale estilo a tu espacio y c\u00f3mpralo hoy mismo para disfrutar al m\u00e1ximo.<\/p>\n<\/div>\n<\/div>\n<\/div>\n<\/div>\n<div class=\"z-0 flex min-h-[46px] justify-start\"><\/div>\n<div class=\"mt-3 w-full empty:hidden\">\n<div class=\"text-center\"><\/div>\n<\/div>\n<\/div>\n<\/div>\n<\/section>\n<\/div>\n<div class=\"pointer-events-none h-px w-px absolute bottom-0\" aria-hidden=\"true\" data-edge=\"true\"><\/div>\n","protected":false},"excerpt":{"rendered":"<p>Disfruta tus reuniones con este set mesa hielera exterior con 2 sillas tipo rat\u00e1n. Mant\u00e9n tus bebidas fr\u00edas con su hielera de 28 litros y rel\u00e1jate con sus sillas c\u00f3modas. Fabricado en material resistente con protecci\u00f3n UV, es ideal para exterior.<br \/>\nDale estilo a tu espacio y c\u00f3mpralo hoy mismo para disfrutar al m\u00e1ximo.<\/p>\n","protected":false},"featured_media":3851,"comment_status":"open","ping_status":"closed","template":"","meta":[],"product_brand":[],"product_cat":[43,37],"product_tag":[],"coleccion":[44],"class_list":{"0":"post-3843","1":"product","2":"type-product","3":"status-publish","4":"has-post-thumbnail","6":"product_cat-mesas-y-sillas-de-jardin-para-exterior","7":"product_cat-muebles-de-jardin","8":"coleccion-madeira","10":"first","11":"instock","12":"sale","13":"shipping-taxable","14":"purchasable","15":"product-type-variable","16":"has-default-attributes","17":"rtwpvg-product"},"yoast_head":"<!-- This site is optimized with the Yoast SEO plugin v26.8 - https:\/\/yoast.com\/product\/yoast-seo-wordpress\/ -->\n<title>Set mesa hielera exterior con 2 sillas exterior<\/title>\n<meta name=\"description\" content=\"Set mesa hielera exterior con 2 sillas tipo rat\u00e1n. Incluye hielera de 28 litros y sillas c\u00f3modas. Ideal para jard\u00edn o terraza. \u00a1Compra hoy!\" \/>\n<meta name=\"robots\" content=\"index, follow, max-snippet:-1, max-image-preview:large, max-video-preview:-1\" \/>\n<link rel=\"canonical\" href=\"https:\/\/plasticosmq.com\/mx\/producto\/muebles-de-jardin\/mesas-y-sillas-de-jardin-para-exterior\/set-mesa-hielera-con-2-sillas-madeira-exterior\/\" \/>\n<meta property=\"og:locale\" content=\"es_ES\" \/>\n<meta property=\"og:type\" content=\"article\" \/>\n<meta property=\"og:title\" content=\"Set mesa hielera exterior con 2 sillas exterior\" \/>\n<meta property=\"og:description\" content=\"Set mesa hielera exterior con 2 sillas tipo rat\u00e1n. Incluye hielera de 28 litros y sillas c\u00f3modas. Ideal para jard\u00edn o terraza. \u00a1Compra hoy!\" \/>\n<meta property=\"og:url\" content=\"https:\/\/plasticosmq.com\/mx\/producto\/muebles-de-jardin\/mesas-y-sillas-de-jardin-para-exterior\/set-mesa-hielera-con-2-sillas-madeira-exterior\/\" \/>\n<meta property=\"og:site_name\" content=\"Plasticos MQ\" \/>\n<meta property=\"og:image\" content=\"https:\/\/plasticosmq.com\/mx\/wp-content\/uploads\/sites\/7\/2026\/03\/Set-Cooler-table-2-sillas-madeira-TAB-1.jpg\" \/>\n\t<meta property=\"og:image:width\" content=\"2000\" \/>\n\t<meta property=\"og:image:height\" content=\"2000\" \/>\n\t<meta property=\"og:image:type\" content=\"image\/jpeg\" \/>\n<meta name=\"twitter:card\" content=\"summary_large_image\" \/>\n<meta name=\"twitter:label1\" content=\"Tiempo de lectura\" \/>\n\t<meta name=\"twitter:data1\" content=\"1 minuto\" \/>\n<script type=\"application\/ld+json\" class=\"yoast-schema-graph\">{\"@context\":\"https:\/\/schema.org\",\"@graph\":[{\"@type\":\"WebPage\",\"@id\":\"https:\/\/plasticosmq.com\/mx\/producto\/muebles-de-jardin\/mesas-y-sillas-de-jardin-para-exterior\/set-mesa-hielera-con-2-sillas-madeira-exterior\/\",\"url\":\"https:\/\/plasticosmq.com\/mx\/producto\/muebles-de-jardin\/mesas-y-sillas-de-jardin-para-exterior\/set-mesa-hielera-con-2-sillas-madeira-exterior\/\",\"name\":\"Set mesa hielera exterior con 2 sillas exterior\",\"isPartOf\":{\"@id\":\"https:\/\/plasticosmq.com\/mx\/#website\"},\"primaryImageOfPage\":{\"@id\":\"https:\/\/plasticosmq.com\/mx\/producto\/muebles-de-jardin\/mesas-y-sillas-de-jardin-para-exterior\/set-mesa-hielera-con-2-sillas-madeira-exterior\/#primaryimage\"},\"image\":{\"@id\":\"https:\/\/plasticosmq.com\/mx\/producto\/muebles-de-jardin\/mesas-y-sillas-de-jardin-para-exterior\/set-mesa-hielera-con-2-sillas-madeira-exterior\/#primaryimage\"},\"thumbnailUrl\":\"https:\/\/plasticosmq.com\/mx\/wp-content\/uploads\/sites\/7\/2026\/03\/Set-Cooler-table-2-sillas-madeira-TAB-1.jpg\",\"datePublished\":\"2026-03-27T21:23:07+00:00\",\"description\":\"Set mesa hielera exterior con 2 sillas tipo rat\u00e1n. Incluye hielera de 28 litros y sillas c\u00f3modas. Ideal para jard\u00edn o terraza. \u00a1Compra hoy!\",\"breadcrumb\":{\"@id\":\"https:\/\/plasticosmq.com\/mx\/producto\/muebles-de-jardin\/mesas-y-sillas-de-jardin-para-exterior\/set-mesa-hielera-con-2-sillas-madeira-exterior\/#breadcrumb\"},\"inLanguage\":\"es\",\"potentialAction\":[{\"@type\":\"ReadAction\",\"target\":[\"https:\/\/plasticosmq.com\/mx\/producto\/muebles-de-jardin\/mesas-y-sillas-de-jardin-para-exterior\/set-mesa-hielera-con-2-sillas-madeira-exterior\/\"]}]},{\"@type\":\"ImageObject\",\"inLanguage\":\"es\",\"@id\":\"https:\/\/plasticosmq.com\/mx\/producto\/muebles-de-jardin\/mesas-y-sillas-de-jardin-para-exterior\/set-mesa-hielera-con-2-sillas-madeira-exterior\/#primaryimage\",\"url\":\"https:\/\/plasticosmq.com\/mx\/wp-content\/uploads\/sites\/7\/2026\/03\/Set-Cooler-table-2-sillas-madeira-TAB-1.jpg\",\"contentUrl\":\"https:\/\/plasticosmq.com\/mx\/wp-content\/uploads\/sites\/7\/2026\/03\/Set-Cooler-table-2-sillas-madeira-TAB-1.jpg\",\"width\":2000,\"height\":2000,\"caption\":\"Set mesa hielera exterior\"},{\"@type\":\"BreadcrumbList\",\"@id\":\"https:\/\/plasticosmq.com\/mx\/producto\/muebles-de-jardin\/mesas-y-sillas-de-jardin-para-exterior\/set-mesa-hielera-con-2-sillas-madeira-exterior\/#breadcrumb\",\"itemListElement\":[{\"@type\":\"ListItem\",\"position\":1,\"name\":\"Inicio\",\"item\":\"https:\/\/plasticosmq.com\/mx\/\"},{\"@type\":\"ListItem\",\"position\":2,\"name\":\"Shop\",\"item\":\"https:\/\/plasticosmq.com\/mx\/shop\/\"},{\"@type\":\"ListItem\",\"position\":3,\"name\":\"Set mesa hielera con 2 sillas madeira exterior\"}]},{\"@type\":\"WebSite\",\"@id\":\"https:\/\/plasticosmq.com\/mx\/#website\",\"url\":\"https:\/\/plasticosmq.com\/mx\/\",\"name\":\"Plasticos MQ\",\"description\":\"\",\"potentialAction\":[{\"@type\":\"SearchAction\",\"target\":{\"@type\":\"EntryPoint\",\"urlTemplate\":\"https:\/\/plasticosmq.com\/mx\/?s={search_term_string}\"},\"query-input\":{\"@type\":\"PropertyValueSpecification\",\"valueRequired\":true,\"valueName\":\"search_term_string\"}}],\"inLanguage\":\"es\"}]}<\/script>\n<!-- \/ Yoast SEO plugin. -->","yoast_head_json":{"title":"Set mesa hielera exterior con 2 sillas exterior","description":"Set mesa hielera exterior con 2 sillas tipo rat\u00e1n. Incluye hielera de 28 litros y sillas c\u00f3modas. Ideal para jard\u00edn o terraza. \u00a1Compra hoy!","robots":{"index":"index","follow":"follow","max-snippet":"max-snippet:-1","max-image-preview":"max-image-preview:large","max-video-preview":"max-video-preview:-1"},"canonical":"https:\/\/plasticosmq.com\/mx\/producto\/muebles-de-jardin\/mesas-y-sillas-de-jardin-para-exterior\/set-mesa-hielera-con-2-sillas-madeira-exterior\/","og_locale":"es_ES","og_type":"article","og_title":"Set mesa hielera exterior con 2 sillas exterior","og_description":"Set mesa hielera exterior con 2 sillas tipo rat\u00e1n. Incluye hielera de 28 litros y sillas c\u00f3modas. Ideal para jard\u00edn o terraza. \u00a1Compra hoy!","og_url":"https:\/\/plasticosmq.com\/mx\/producto\/muebles-de-jardin\/mesas-y-sillas-de-jardin-para-exterior\/set-mesa-hielera-con-2-sillas-madeira-exterior\/","og_site_name":"Plasticos MQ","og_image":[{"width":2000,"height":2000,"url":"https:\/\/plasticosmq.com\/mx\/wp-content\/uploads\/sites\/7\/2026\/03\/Set-Cooler-table-2-sillas-madeira-TAB-1.jpg","type":"image\/jpeg"}],"twitter_card":"summary_large_image","twitter_misc":{"Tiempo de lectura":"1 minuto"},"schema":{"@context":"https:\/\/schema.org","@graph":[{"@type":"WebPage","@id":"https:\/\/plasticosmq.com\/mx\/producto\/muebles-de-jardin\/mesas-y-sillas-de-jardin-para-exterior\/set-mesa-hielera-con-2-sillas-madeira-exterior\/","url":"https:\/\/plasticosmq.com\/mx\/producto\/muebles-de-jardin\/mesas-y-sillas-de-jardin-para-exterior\/set-mesa-hielera-con-2-sillas-madeira-exterior\/","name":"Set mesa hielera exterior con 2 sillas exterior","isPartOf":{"@id":"https:\/\/plasticosmq.com\/mx\/#website"},"primaryImageOfPage":{"@id":"https:\/\/plasticosmq.com\/mx\/producto\/muebles-de-jardin\/mesas-y-sillas-de-jardin-para-exterior\/set-mesa-hielera-con-2-sillas-madeira-exterior\/#primaryimage"},"image":{"@id":"https:\/\/plasticosmq.com\/mx\/producto\/muebles-de-jardin\/mesas-y-sillas-de-jardin-para-exterior\/set-mesa-hielera-con-2-sillas-madeira-exterior\/#primaryimage"},"thumbnailUrl":"https:\/\/plasticosmq.com\/mx\/wp-content\/uploads\/sites\/7\/2026\/03\/Set-Cooler-table-2-sillas-madeira-TAB-1.jpg","datePublished":"2026-03-27T21:23:07+00:00","description":"Set mesa hielera exterior con 2 sillas tipo rat\u00e1n. Incluye hielera de 28 litros y sillas c\u00f3modas. Ideal para jard\u00edn o terraza. \u00a1Compra hoy!","breadcrumb":{"@id":"https:\/\/plasticosmq.com\/mx\/producto\/muebles-de-jardin\/mesas-y-sillas-de-jardin-para-exterior\/set-mesa-hielera-con-2-sillas-madeira-exterior\/#breadcrumb"},"inLanguage":"es","potentialAction":[{"@type":"ReadAction","target":["https:\/\/plasticosmq.com\/mx\/producto\/muebles-de-jardin\/mesas-y-sillas-de-jardin-para-exterior\/set-mesa-hielera-con-2-sillas-madeira-exterior\/"]}]},{"@type":"ImageObject","inLanguage":"es","@id":"https:\/\/plasticosmq.com\/mx\/producto\/muebles-de-jardin\/mesas-y-sillas-de-jardin-para-exterior\/set-mesa-hielera-con-2-sillas-madeira-exterior\/#primaryimage","url":"https:\/\/plasticosmq.com\/mx\/wp-content\/uploads\/sites\/7\/2026\/03\/Set-Cooler-table-2-sillas-madeira-TAB-1.jpg","contentUrl":"https:\/\/plasticosmq.com\/mx\/wp-content\/uploads\/sites\/7\/2026\/03\/Set-Cooler-table-2-sillas-madeira-TAB-1.jpg","width":2000,"height":2000,"caption":"Set mesa hielera exterior"},{"@type":"BreadcrumbList","@id":"https:\/\/plasticosmq.com\/mx\/producto\/muebles-de-jardin\/mesas-y-sillas-de-jardin-para-exterior\/set-mesa-hielera-con-2-sillas-madeira-exterior\/#breadcrumb","itemListElement":[{"@type":"ListItem","position":1,"name":"Inicio","item":"https:\/\/plasticosmq.com\/mx\/"},{"@type":"ListItem","position":2,"name":"Shop","item":"https:\/\/plasticosmq.com\/mx\/shop\/"},{"@type":"ListItem","position":3,"name":"Set mesa hielera con 2 sillas madeira exterior"}]},{"@type":"WebSite","@id":"https:\/\/plasticosmq.com\/mx\/#website","url":"https:\/\/plasticosmq.com\/mx\/","name":"Plasticos MQ","description":"","potentialAction":[{"@type":"SearchAction","target":{"@type":"EntryPoint","urlTemplate":"https:\/\/plasticosmq.com\/mx\/?s={search_term_string}"},"query-input":{"@type":"PropertyValueSpecification","valueRequired":true,"valueName":"search_term_string"}}],"inLanguage":"es"}]}},"_links":{"self":[{"href":"https:\/\/plasticosmq.com\/mx\/wp-json\/wp\/v2\/product\/3843","targetHints":{"allow":["GET"]}}],"collection":[{"href":"https:\/\/plasticosmq.com\/mx\/wp-json\/wp\/v2\/product"}],"about":[{"href":"https:\/\/plasticosmq.com\/mx\/wp-json\/wp\/v2\/types\/product"}],"replies":[{"embeddable":true,"href":"https:\/\/plasticosmq.com\/mx\/wp-json\/wp\/v2\/comments?post=3843"}],"version-history":[{"count":1,"href":"https:\/\/plasticosmq.com\/mx\/wp-json\/wp\/v2\/product\/3843\/revisions"}],"predecessor-version":[{"id":3855,"href":"https:\/\/plasticosmq.com\/mx\/wp-json\/wp\/v2\/product\/3843\/revisions\/3855"}],"wp:featuredmedia":[{"embeddable":true,"href":"https:\/\/plasticosmq.com\/mx\/wp-json\/wp\/v2\/media\/3851"}],"wp:attachment":[{"href":"https:\/\/plasticosmq.com\/mx\/wp-json\/wp\/v2\/media?parent=3843"}],"wp:term":[{"taxonomy":"product_brand","embeddable":true,"href":"https:\/\/plasticosmq.com\/mx\/wp-json\/wp\/v2\/product_brand?post=3843"},{"taxonomy":"product_cat","embeddable":true,"href":"https:\/\/plasticosmq.com\/mx\/wp-json\/wp\/v2\/product_cat?post=3843"},{"taxonomy":"product_tag","embeddable":true,"href":"https:\/\/plasticosmq.com\/mx\/wp-json\/wp\/v2\/product_tag?post=3843"},{"taxonomy":"coleccion","embeddable":true,"href":"https:\/\/plasticosmq.com\/mx\/wp-json\/wp\/v2\/coleccion?post=3843"}],"curies":[{"name":"wp","href":"https:\/\/api.w.org\/{rel}","templated":true}]}}