{"id":3878,"date":"2026-04-07T21:20:26","date_gmt":"2026-04-07T21:20:26","guid":{"rendered":"https:\/\/plasticosmq.com\/mx\/?post_type=product&#038;p=3878"},"modified":"2026-04-07T21:20:27","modified_gmt":"2026-04-07T21:20:27","slug":"sillon-capri-jardin-exterior-individual","status":"publish","type":"product","link":"https:\/\/plasticosmq.com\/mx\/producto\/muebles-de-jardin\/mesas-y-sillas-de-jardin-para-exterior\/sillon-capri-jardin-exterior-individual\/","title":{"rendered":"Sillon capri jardin exterior individual"},"content":{"rendered":"<p>Rel\u00e1jate con este sill\u00f3n de jard\u00edn individual tipo rat\u00e1n Capri. Su dise\u00f1o moderno aporta estilo a terraza, balc\u00f3n o jard\u00edn. Incluye coj\u00edn antifluido de 4.5 cm para mayor comodidad. Fabricado en polipropileno resistente, es f\u00e1cil de limpiar y apto para exterior. Disfruta tus espacios con confort y c\u00f3mpralo hoy mismo para tu hogar.<\/p>\n","protected":false},"excerpt":{"rendered":"<p>Rel\u00e1jate con este sill\u00f3n de jard\u00edn individual tipo rat\u00e1n Capri. Su dise\u00f1o moderno aporta estilo a terraza, balc\u00f3n o jard\u00edn. Incluye coj\u00edn antifluido de 4.5 cm para mayor comodidad. Fabricado en polipropileno resistente, es f\u00e1cil de limpiar y apto para exterior. Disfruta tus espacios con confort y c\u00f3mpralo hoy mismo para tu hogar.<\/p>\n","protected":false},"featured_media":3887,"comment_status":"open","ping_status":"closed","template":"","meta":[],"product_brand":[],"product_cat":[43,37],"product_tag":[],"coleccion":[23],"class_list":{"0":"post-3878","1":"product","2":"type-product","3":"status-publish","4":"has-post-thumbnail","6":"product_cat-mesas-y-sillas-de-jardin-para-exterior","7":"product_cat-muebles-de-jardin","8":"coleccion-capri","10":"first","11":"instock","12":"sale","13":"shipping-taxable","14":"purchasable","15":"product-type-variable","16":"rtwpvg-product"},"yoast_head":"<!-- This site is optimized with the Yoast SEO plugin v26.8 - https:\/\/yoast.com\/product\/yoast-seo-wordpress\/ -->\n<title>Sill\u00f3n de jard\u00edn individual tipo rat\u00e1n Capri con coj\u00edn<\/title>\n<meta name=\"description\" content=\"Sill\u00f3n de jard\u00edn individual Capri tipo rat\u00e1n con coj\u00edn antifluido. Resistente, c\u00f3modo y f\u00e1cil de armar. Ideal para exterior. \u00a1Compra hoy!\" \/>\n<meta name=\"robots\" content=\"index, follow, max-snippet:-1, max-image-preview:large, max-video-preview:-1\" \/>\n<link rel=\"canonical\" href=\"https:\/\/plasticosmq.com\/mx\/producto\/muebles-de-jardin\/mesas-y-sillas-de-jardin-para-exterior\/sillon-capri-jardin-exterior-individual\/\" \/>\n<meta property=\"og:locale\" content=\"es_ES\" \/>\n<meta property=\"og:type\" content=\"article\" \/>\n<meta property=\"og:title\" content=\"Sill\u00f3n de jard\u00edn individual tipo rat\u00e1n Capri con coj\u00edn\" \/>\n<meta property=\"og:description\" content=\"Sill\u00f3n de jard\u00edn individual Capri tipo rat\u00e1n con coj\u00edn antifluido. Resistente, c\u00f3modo y f\u00e1cil de armar. Ideal para exterior. \u00a1Compra hoy!\" \/>\n<meta property=\"og:url\" content=\"https:\/\/plasticosmq.com\/mx\/producto\/muebles-de-jardin\/mesas-y-sillas-de-jardin-para-exterior\/sillon-capri-jardin-exterior-individual\/\" \/>\n<meta property=\"og:site_name\" content=\"Plasticos MQ\" \/>\n<meta property=\"article:modified_time\" content=\"2026-04-07T21:20:27+00:00\" \/>\n<meta property=\"og:image\" content=\"https:\/\/plasticosmq.com\/mx\/wp-content\/uploads\/sites\/7\/2026\/04\/5ala-Capri-Estar-Wengue-03.jpg\" \/>\n\t<meta property=\"og:image:width\" content=\"2000\" \/>\n\t<meta property=\"og:image:height\" content=\"2000\" \/>\n\t<meta property=\"og:image:type\" content=\"image\/jpeg\" \/>\n<meta name=\"twitter:card\" content=\"summary_large_image\" \/>\n<meta name=\"twitter:label1\" content=\"Tiempo de lectura\" \/>\n\t<meta name=\"twitter:data1\" content=\"1 minuto\" \/>\n<script type=\"application\/ld+json\" class=\"yoast-schema-graph\">{\"@context\":\"https:\/\/schema.org\",\"@graph\":[{\"@type\":\"WebPage\",\"@id\":\"https:\/\/plasticosmq.com\/mx\/producto\/muebles-de-jardin\/mesas-y-sillas-de-jardin-para-exterior\/sillon-capri-jardin-exterior-individual\/\",\"url\":\"https:\/\/plasticosmq.com\/mx\/producto\/muebles-de-jardin\/mesas-y-sillas-de-jardin-para-exterior\/sillon-capri-jardin-exterior-individual\/\",\"name\":\"Sill\u00f3n de jard\u00edn individual tipo rat\u00e1n Capri con coj\u00edn\",\"isPartOf\":{\"@id\":\"https:\/\/plasticosmq.com\/mx\/#website\"},\"primaryImageOfPage\":{\"@id\":\"https:\/\/plasticosmq.com\/mx\/producto\/muebles-de-jardin\/mesas-y-sillas-de-jardin-para-exterior\/sillon-capri-jardin-exterior-individual\/#primaryimage\"},\"image\":{\"@id\":\"https:\/\/plasticosmq.com\/mx\/producto\/muebles-de-jardin\/mesas-y-sillas-de-jardin-para-exterior\/sillon-capri-jardin-exterior-individual\/#primaryimage\"},\"thumbnailUrl\":\"https:\/\/plasticosmq.com\/mx\/wp-content\/uploads\/sites\/7\/2026\/04\/5ala-Capri-Estar-Wengue-03.jpg\",\"datePublished\":\"2026-04-07T21:20:26+00:00\",\"dateModified\":\"2026-04-07T21:20:27+00:00\",\"description\":\"Sill\u00f3n de jard\u00edn individual Capri tipo rat\u00e1n con coj\u00edn antifluido. Resistente, c\u00f3modo y f\u00e1cil de armar. Ideal para exterior. \u00a1Compra hoy!\",\"breadcrumb\":{\"@id\":\"https:\/\/plasticosmq.com\/mx\/producto\/muebles-de-jardin\/mesas-y-sillas-de-jardin-para-exterior\/sillon-capri-jardin-exterior-individual\/#breadcrumb\"},\"inLanguage\":\"es\",\"potentialAction\":[{\"@type\":\"ReadAction\",\"target\":[\"https:\/\/plasticosmq.com\/mx\/producto\/muebles-de-jardin\/mesas-y-sillas-de-jardin-para-exterior\/sillon-capri-jardin-exterior-individual\/\"]}]},{\"@type\":\"ImageObject\",\"inLanguage\":\"es\",\"@id\":\"https:\/\/plasticosmq.com\/mx\/producto\/muebles-de-jardin\/mesas-y-sillas-de-jardin-para-exterior\/sillon-capri-jardin-exterior-individual\/#primaryimage\",\"url\":\"https:\/\/plasticosmq.com\/mx\/wp-content\/uploads\/sites\/7\/2026\/04\/5ala-Capri-Estar-Wengue-03.jpg\",\"contentUrl\":\"https:\/\/plasticosmq.com\/mx\/wp-content\/uploads\/sites\/7\/2026\/04\/5ala-Capri-Estar-Wengue-03.jpg\",\"width\":2000,\"height\":2000,\"caption\":\"Sillon individual jardin exterior\"},{\"@type\":\"BreadcrumbList\",\"@id\":\"https:\/\/plasticosmq.com\/mx\/producto\/muebles-de-jardin\/mesas-y-sillas-de-jardin-para-exterior\/sillon-capri-jardin-exterior-individual\/#breadcrumb\",\"itemListElement\":[{\"@type\":\"ListItem\",\"position\":1,\"name\":\"Inicio\",\"item\":\"https:\/\/plasticosmq.com\/mx\/\"},{\"@type\":\"ListItem\",\"position\":2,\"name\":\"Shop\",\"item\":\"https:\/\/plasticosmq.com\/mx\/shop\/\"},{\"@type\":\"ListItem\",\"position\":3,\"name\":\"Sillon capri jardin exterior individual\"}]},{\"@type\":\"WebSite\",\"@id\":\"https:\/\/plasticosmq.com\/mx\/#website\",\"url\":\"https:\/\/plasticosmq.com\/mx\/\",\"name\":\"Plasticos MQ\",\"description\":\"\",\"potentialAction\":[{\"@type\":\"SearchAction\",\"target\":{\"@type\":\"EntryPoint\",\"urlTemplate\":\"https:\/\/plasticosmq.com\/mx\/?s={search_term_string}\"},\"query-input\":{\"@type\":\"PropertyValueSpecification\",\"valueRequired\":true,\"valueName\":\"search_term_string\"}}],\"inLanguage\":\"es\"}]}<\/script>\n<!-- \/ Yoast SEO plugin. -->","yoast_head_json":{"title":"Sill\u00f3n de jard\u00edn individual tipo rat\u00e1n Capri con coj\u00edn","description":"Sill\u00f3n de jard\u00edn individual Capri tipo rat\u00e1n con coj\u00edn antifluido. Resistente, c\u00f3modo y f\u00e1cil de armar. Ideal para exterior. \u00a1Compra hoy!","robots":{"index":"index","follow":"follow","max-snippet":"max-snippet:-1","max-image-preview":"max-image-preview:large","max-video-preview":"max-video-preview:-1"},"canonical":"https:\/\/plasticosmq.com\/mx\/producto\/muebles-de-jardin\/mesas-y-sillas-de-jardin-para-exterior\/sillon-capri-jardin-exterior-individual\/","og_locale":"es_ES","og_type":"article","og_title":"Sill\u00f3n de jard\u00edn individual tipo rat\u00e1n Capri con coj\u00edn","og_description":"Sill\u00f3n de jard\u00edn individual Capri tipo rat\u00e1n con coj\u00edn antifluido. Resistente, c\u00f3modo y f\u00e1cil de armar. Ideal para exterior. \u00a1Compra hoy!","og_url":"https:\/\/plasticosmq.com\/mx\/producto\/muebles-de-jardin\/mesas-y-sillas-de-jardin-para-exterior\/sillon-capri-jardin-exterior-individual\/","og_site_name":"Plasticos MQ","article_modified_time":"2026-04-07T21:20:27+00:00","og_image":[{"width":2000,"height":2000,"url":"https:\/\/plasticosmq.com\/mx\/wp-content\/uploads\/sites\/7\/2026\/04\/5ala-Capri-Estar-Wengue-03.jpg","type":"image\/jpeg"}],"twitter_card":"summary_large_image","twitter_misc":{"Tiempo de lectura":"1 minuto"},"schema":{"@context":"https:\/\/schema.org","@graph":[{"@type":"WebPage","@id":"https:\/\/plasticosmq.com\/mx\/producto\/muebles-de-jardin\/mesas-y-sillas-de-jardin-para-exterior\/sillon-capri-jardin-exterior-individual\/","url":"https:\/\/plasticosmq.com\/mx\/producto\/muebles-de-jardin\/mesas-y-sillas-de-jardin-para-exterior\/sillon-capri-jardin-exterior-individual\/","name":"Sill\u00f3n de jard\u00edn individual tipo rat\u00e1n Capri con coj\u00edn","isPartOf":{"@id":"https:\/\/plasticosmq.com\/mx\/#website"},"primaryImageOfPage":{"@id":"https:\/\/plasticosmq.com\/mx\/producto\/muebles-de-jardin\/mesas-y-sillas-de-jardin-para-exterior\/sillon-capri-jardin-exterior-individual\/#primaryimage"},"image":{"@id":"https:\/\/plasticosmq.com\/mx\/producto\/muebles-de-jardin\/mesas-y-sillas-de-jardin-para-exterior\/sillon-capri-jardin-exterior-individual\/#primaryimage"},"thumbnailUrl":"https:\/\/plasticosmq.com\/mx\/wp-content\/uploads\/sites\/7\/2026\/04\/5ala-Capri-Estar-Wengue-03.jpg","datePublished":"2026-04-07T21:20:26+00:00","dateModified":"2026-04-07T21:20:27+00:00","description":"Sill\u00f3n de jard\u00edn individual Capri tipo rat\u00e1n con coj\u00edn antifluido. Resistente, c\u00f3modo y f\u00e1cil de armar. Ideal para exterior. \u00a1Compra hoy!","breadcrumb":{"@id":"https:\/\/plasticosmq.com\/mx\/producto\/muebles-de-jardin\/mesas-y-sillas-de-jardin-para-exterior\/sillon-capri-jardin-exterior-individual\/#breadcrumb"},"inLanguage":"es","potentialAction":[{"@type":"ReadAction","target":["https:\/\/plasticosmq.com\/mx\/producto\/muebles-de-jardin\/mesas-y-sillas-de-jardin-para-exterior\/sillon-capri-jardin-exterior-individual\/"]}]},{"@type":"ImageObject","inLanguage":"es","@id":"https:\/\/plasticosmq.com\/mx\/producto\/muebles-de-jardin\/mesas-y-sillas-de-jardin-para-exterior\/sillon-capri-jardin-exterior-individual\/#primaryimage","url":"https:\/\/plasticosmq.com\/mx\/wp-content\/uploads\/sites\/7\/2026\/04\/5ala-Capri-Estar-Wengue-03.jpg","contentUrl":"https:\/\/plasticosmq.com\/mx\/wp-content\/uploads\/sites\/7\/2026\/04\/5ala-Capri-Estar-Wengue-03.jpg","width":2000,"height":2000,"caption":"Sillon individual jardin exterior"},{"@type":"BreadcrumbList","@id":"https:\/\/plasticosmq.com\/mx\/producto\/muebles-de-jardin\/mesas-y-sillas-de-jardin-para-exterior\/sillon-capri-jardin-exterior-individual\/#breadcrumb","itemListElement":[{"@type":"ListItem","position":1,"name":"Inicio","item":"https:\/\/plasticosmq.com\/mx\/"},{"@type":"ListItem","position":2,"name":"Shop","item":"https:\/\/plasticosmq.com\/mx\/shop\/"},{"@type":"ListItem","position":3,"name":"Sillon capri jardin exterior individual"}]},{"@type":"WebSite","@id":"https:\/\/plasticosmq.com\/mx\/#website","url":"https:\/\/plasticosmq.com\/mx\/","name":"Plasticos MQ","description":"","potentialAction":[{"@type":"SearchAction","target":{"@type":"EntryPoint","urlTemplate":"https:\/\/plasticosmq.com\/mx\/?s={search_term_string}"},"query-input":{"@type":"PropertyValueSpecification","valueRequired":true,"valueName":"search_term_string"}}],"inLanguage":"es"}]}},"_links":{"self":[{"href":"https:\/\/plasticosmq.com\/mx\/wp-json\/wp\/v2\/product\/3878","targetHints":{"allow":["GET"]}}],"collection":[{"href":"https:\/\/plasticosmq.com\/mx\/wp-json\/wp\/v2\/product"}],"about":[{"href":"https:\/\/plasticosmq.com\/mx\/wp-json\/wp\/v2\/types\/product"}],"replies":[{"embeddable":true,"href":"https:\/\/plasticosmq.com\/mx\/wp-json\/wp\/v2\/comments?post=3878"}],"version-history":[{"count":1,"href":"https:\/\/plasticosmq.com\/mx\/wp-json\/wp\/v2\/product\/3878\/revisions"}],"predecessor-version":[{"id":3891,"href":"https:\/\/plasticosmq.com\/mx\/wp-json\/wp\/v2\/product\/3878\/revisions\/3891"}],"wp:featuredmedia":[{"embeddable":true,"href":"https:\/\/plasticosmq.com\/mx\/wp-json\/wp\/v2\/media\/3887"}],"wp:attachment":[{"href":"https:\/\/plasticosmq.com\/mx\/wp-json\/wp\/v2\/media?parent=3878"}],"wp:term":[{"taxonomy":"product_brand","embeddable":true,"href":"https:\/\/plasticosmq.com\/mx\/wp-json\/wp\/v2\/product_brand?post=3878"},{"taxonomy":"product_cat","embeddable":true,"href":"https:\/\/plasticosmq.com\/mx\/wp-json\/wp\/v2\/product_cat?post=3878"},{"taxonomy":"product_tag","embeddable":true,"href":"https:\/\/plasticosmq.com\/mx\/wp-json\/wp\/v2\/product_tag?post=3878"},{"taxonomy":"coleccion","embeddable":true,"href":"https:\/\/plasticosmq.com\/mx\/wp-json\/wp\/v2\/coleccion?post=3878"}],"curies":[{"name":"wp","href":"https:\/\/api.w.org\/{rel}","templated":true}]}}