{"id":3892,"date":"2026-04-08T22:40:20","date_gmt":"2026-04-08T22:40:20","guid":{"rendered":"https:\/\/plasticosmq.com\/mx\/?post_type=product&#038;p=3892"},"modified":"2026-04-08T22:40:20","modified_gmt":"2026-04-08T22:40:20","slug":"set-6-sillas-con-brazo-infinity-jardin-exterior","status":"publish","type":"product","link":"https:\/\/plasticosmq.com\/mx\/producto\/muebles-de-jardin\/mesas-y-sillas-de-jardin-para-exterior\/set-6-sillas-con-brazo-infinity-jardin-exterior\/","title":{"rendered":"Set 6 sillas con brazo infinity jardin exterior"},"content":{"rendered":"<p>Disfruta comodidad y estilo con este set de 6 sillas de jard\u00edn tipo rat\u00e1n con brazos. Su dise\u00f1o apilable ahorra espacio y facilita su uso diario. Fabricadas en polipropileno resistente, son ligeras, duraderas y f\u00e1ciles de limpiar. Incluyen patas antideslizantes para mayor estabilidad. Perfectas para interior o exterior.<br \/>\nC\u00f3mpralas hoy mismo.<\/p>\n","protected":false},"excerpt":{"rendered":"<p>Disfruta comodidad y estilo con este set de 6 sillas de jard\u00edn tipo rat\u00e1n con brazos. Su dise\u00f1o apilable ahorra espacio y facilita su uso diario. Fabricadas en polipropileno resistente, son ligeras, duraderas y f\u00e1ciles de limpiar. Incluyen patas antideslizantes para mayor estabilidad. Perfectas para interior o exterior. C\u00f3mpralas hoy mismo.<\/p>\n","protected":false},"featured_media":3911,"comment_status":"open","ping_status":"closed","template":"","meta":[],"product_brand":[],"product_cat":[43,37],"product_tag":[],"coleccion":[34],"class_list":{"0":"post-3892","1":"product","2":"type-product","3":"status-publish","4":"has-post-thumbnail","6":"product_cat-mesas-y-sillas-de-jardin-para-exterior","7":"product_cat-muebles-de-jardin","8":"coleccion-infinity","10":"first","11":"instock","12":"sale","13":"shipping-taxable","14":"purchasable","15":"product-type-variable","16":"has-default-attributes","17":"rtwpvg-product"},"yoast_head":"<!-- This site is optimized with the Yoast SEO plugin v26.8 - https:\/\/yoast.com\/product\/yoast-seo-wordpress\/ -->\n<title>Set 6 sillas con brazo infinity jardin exterior - Plasticos MQ<\/title>\n<meta name=\"robots\" content=\"index, follow, max-snippet:-1, max-image-preview:large, max-video-preview:-1\" \/>\n<link rel=\"canonical\" href=\"https:\/\/plasticosmq.com\/mx\/producto\/muebles-de-jardin\/mesas-y-sillas-de-jardin-para-exterior\/set-6-sillas-con-brazo-infinity-jardin-exterior\/\" \/>\n<meta property=\"og:locale\" content=\"es_ES\" \/>\n<meta property=\"og:type\" content=\"article\" \/>\n<meta property=\"og:title\" content=\"Set 6 sillas con brazo infinity jardin exterior - Plasticos MQ\" \/>\n<meta property=\"og:description\" content=\"Disfruta comodidad y estilo con este set de 6 sillas de jard\u00edn tipo rat\u00e1n con brazos. Su dise\u00f1o apilable ahorra espacio y facilita su uso diario. Fabricadas en polipropileno resistente, son ligeras, duraderas y f\u00e1ciles de limpiar. Incluyen patas antideslizantes para mayor estabilidad. Perfectas para interior o exterior. C\u00f3mpralas hoy mismo.\" \/>\n<meta property=\"og:url\" content=\"https:\/\/plasticosmq.com\/mx\/producto\/muebles-de-jardin\/mesas-y-sillas-de-jardin-para-exterior\/set-6-sillas-con-brazo-infinity-jardin-exterior\/\" \/>\n<meta property=\"og:site_name\" content=\"Plasticos MQ\" \/>\n<meta property=\"og:image\" content=\"https:\/\/plasticosmq.com\/mx\/wp-content\/uploads\/sites\/7\/2026\/04\/Apiladas-2000x2000-6-sillas-1.jpg\" \/>\n\t<meta property=\"og:image:width\" content=\"2000\" \/>\n\t<meta property=\"og:image:height\" content=\"2000\" \/>\n\t<meta property=\"og:image:type\" content=\"image\/jpeg\" \/>\n<meta name=\"twitter:card\" content=\"summary_large_image\" \/>\n<meta name=\"twitter:label1\" content=\"Tiempo de lectura\" \/>\n\t<meta name=\"twitter:data1\" content=\"6 minutos\" \/>\n<script type=\"application\/ld+json\" class=\"yoast-schema-graph\">{\"@context\":\"https:\/\/schema.org\",\"@graph\":[{\"@type\":\"WebPage\",\"@id\":\"https:\/\/plasticosmq.com\/mx\/producto\/muebles-de-jardin\/mesas-y-sillas-de-jardin-para-exterior\/set-6-sillas-con-brazo-infinity-jardin-exterior\/\",\"url\":\"https:\/\/plasticosmq.com\/mx\/producto\/muebles-de-jardin\/mesas-y-sillas-de-jardin-para-exterior\/set-6-sillas-con-brazo-infinity-jardin-exterior\/\",\"name\":\"Set 6 sillas con brazo infinity jardin exterior - Plasticos MQ\",\"isPartOf\":{\"@id\":\"https:\/\/plasticosmq.com\/mx\/#website\"},\"primaryImageOfPage\":{\"@id\":\"https:\/\/plasticosmq.com\/mx\/producto\/muebles-de-jardin\/mesas-y-sillas-de-jardin-para-exterior\/set-6-sillas-con-brazo-infinity-jardin-exterior\/#primaryimage\"},\"image\":{\"@id\":\"https:\/\/plasticosmq.com\/mx\/producto\/muebles-de-jardin\/mesas-y-sillas-de-jardin-para-exterior\/set-6-sillas-con-brazo-infinity-jardin-exterior\/#primaryimage\"},\"thumbnailUrl\":\"https:\/\/plasticosmq.com\/mx\/wp-content\/uploads\/sites\/7\/2026\/04\/Apiladas-2000x2000-6-sillas-1.jpg\",\"datePublished\":\"2026-04-08T22:40:20+00:00\",\"breadcrumb\":{\"@id\":\"https:\/\/plasticosmq.com\/mx\/producto\/muebles-de-jardin\/mesas-y-sillas-de-jardin-para-exterior\/set-6-sillas-con-brazo-infinity-jardin-exterior\/#breadcrumb\"},\"inLanguage\":\"es\",\"potentialAction\":[{\"@type\":\"ReadAction\",\"target\":[\"https:\/\/plasticosmq.com\/mx\/producto\/muebles-de-jardin\/mesas-y-sillas-de-jardin-para-exterior\/set-6-sillas-con-brazo-infinity-jardin-exterior\/\"]}]},{\"@type\":\"ImageObject\",\"inLanguage\":\"es\",\"@id\":\"https:\/\/plasticosmq.com\/mx\/producto\/muebles-de-jardin\/mesas-y-sillas-de-jardin-para-exterior\/set-6-sillas-con-brazo-infinity-jardin-exterior\/#primaryimage\",\"url\":\"https:\/\/plasticosmq.com\/mx\/wp-content\/uploads\/sites\/7\/2026\/04\/Apiladas-2000x2000-6-sillas-1.jpg\",\"contentUrl\":\"https:\/\/plasticosmq.com\/mx\/wp-content\/uploads\/sites\/7\/2026\/04\/Apiladas-2000x2000-6-sillas-1.jpg\",\"width\":2000,\"height\":2000,\"caption\":\"Set 6 unidades sillas de exterior\"},{\"@type\":\"BreadcrumbList\",\"@id\":\"https:\/\/plasticosmq.com\/mx\/producto\/muebles-de-jardin\/mesas-y-sillas-de-jardin-para-exterior\/set-6-sillas-con-brazo-infinity-jardin-exterior\/#breadcrumb\",\"itemListElement\":[{\"@type\":\"ListItem\",\"position\":1,\"name\":\"Inicio\",\"item\":\"https:\/\/plasticosmq.com\/mx\/\"},{\"@type\":\"ListItem\",\"position\":2,\"name\":\"Shop\",\"item\":\"https:\/\/plasticosmq.com\/mx\/shop\/\"},{\"@type\":\"ListItem\",\"position\":3,\"name\":\"Set 6 sillas con brazo infinity jardin exterior\"}]},{\"@type\":\"WebSite\",\"@id\":\"https:\/\/plasticosmq.com\/mx\/#website\",\"url\":\"https:\/\/plasticosmq.com\/mx\/\",\"name\":\"Plasticos MQ\",\"description\":\"\",\"potentialAction\":[{\"@type\":\"SearchAction\",\"target\":{\"@type\":\"EntryPoint\",\"urlTemplate\":\"https:\/\/plasticosmq.com\/mx\/?s={search_term_string}\"},\"query-input\":{\"@type\":\"PropertyValueSpecification\",\"valueRequired\":true,\"valueName\":\"search_term_string\"}}],\"inLanguage\":\"es\"}]}<\/script>\n<!-- \/ Yoast SEO plugin. -->","yoast_head_json":{"title":"Set 6 sillas con brazo infinity jardin exterior - Plasticos MQ","robots":{"index":"index","follow":"follow","max-snippet":"max-snippet:-1","max-image-preview":"max-image-preview:large","max-video-preview":"max-video-preview:-1"},"canonical":"https:\/\/plasticosmq.com\/mx\/producto\/muebles-de-jardin\/mesas-y-sillas-de-jardin-para-exterior\/set-6-sillas-con-brazo-infinity-jardin-exterior\/","og_locale":"es_ES","og_type":"article","og_title":"Set 6 sillas con brazo infinity jardin exterior - Plasticos MQ","og_description":"Disfruta comodidad y estilo con este set de 6 sillas de jard\u00edn tipo rat\u00e1n con brazos. Su dise\u00f1o apilable ahorra espacio y facilita su uso diario. Fabricadas en polipropileno resistente, son ligeras, duraderas y f\u00e1ciles de limpiar. Incluyen patas antideslizantes para mayor estabilidad. Perfectas para interior o exterior. C\u00f3mpralas hoy mismo.","og_url":"https:\/\/plasticosmq.com\/mx\/producto\/muebles-de-jardin\/mesas-y-sillas-de-jardin-para-exterior\/set-6-sillas-con-brazo-infinity-jardin-exterior\/","og_site_name":"Plasticos MQ","og_image":[{"width":2000,"height":2000,"url":"https:\/\/plasticosmq.com\/mx\/wp-content\/uploads\/sites\/7\/2026\/04\/Apiladas-2000x2000-6-sillas-1.jpg","type":"image\/jpeg"}],"twitter_card":"summary_large_image","twitter_misc":{"Tiempo de lectura":"6 minutos"},"schema":{"@context":"https:\/\/schema.org","@graph":[{"@type":"WebPage","@id":"https:\/\/plasticosmq.com\/mx\/producto\/muebles-de-jardin\/mesas-y-sillas-de-jardin-para-exterior\/set-6-sillas-con-brazo-infinity-jardin-exterior\/","url":"https:\/\/plasticosmq.com\/mx\/producto\/muebles-de-jardin\/mesas-y-sillas-de-jardin-para-exterior\/set-6-sillas-con-brazo-infinity-jardin-exterior\/","name":"Set 6 sillas con brazo infinity jardin exterior - Plasticos MQ","isPartOf":{"@id":"https:\/\/plasticosmq.com\/mx\/#website"},"primaryImageOfPage":{"@id":"https:\/\/plasticosmq.com\/mx\/producto\/muebles-de-jardin\/mesas-y-sillas-de-jardin-para-exterior\/set-6-sillas-con-brazo-infinity-jardin-exterior\/#primaryimage"},"image":{"@id":"https:\/\/plasticosmq.com\/mx\/producto\/muebles-de-jardin\/mesas-y-sillas-de-jardin-para-exterior\/set-6-sillas-con-brazo-infinity-jardin-exterior\/#primaryimage"},"thumbnailUrl":"https:\/\/plasticosmq.com\/mx\/wp-content\/uploads\/sites\/7\/2026\/04\/Apiladas-2000x2000-6-sillas-1.jpg","datePublished":"2026-04-08T22:40:20+00:00","breadcrumb":{"@id":"https:\/\/plasticosmq.com\/mx\/producto\/muebles-de-jardin\/mesas-y-sillas-de-jardin-para-exterior\/set-6-sillas-con-brazo-infinity-jardin-exterior\/#breadcrumb"},"inLanguage":"es","potentialAction":[{"@type":"ReadAction","target":["https:\/\/plasticosmq.com\/mx\/producto\/muebles-de-jardin\/mesas-y-sillas-de-jardin-para-exterior\/set-6-sillas-con-brazo-infinity-jardin-exterior\/"]}]},{"@type":"ImageObject","inLanguage":"es","@id":"https:\/\/plasticosmq.com\/mx\/producto\/muebles-de-jardin\/mesas-y-sillas-de-jardin-para-exterior\/set-6-sillas-con-brazo-infinity-jardin-exterior\/#primaryimage","url":"https:\/\/plasticosmq.com\/mx\/wp-content\/uploads\/sites\/7\/2026\/04\/Apiladas-2000x2000-6-sillas-1.jpg","contentUrl":"https:\/\/plasticosmq.com\/mx\/wp-content\/uploads\/sites\/7\/2026\/04\/Apiladas-2000x2000-6-sillas-1.jpg","width":2000,"height":2000,"caption":"Set 6 unidades sillas de exterior"},{"@type":"BreadcrumbList","@id":"https:\/\/plasticosmq.com\/mx\/producto\/muebles-de-jardin\/mesas-y-sillas-de-jardin-para-exterior\/set-6-sillas-con-brazo-infinity-jardin-exterior\/#breadcrumb","itemListElement":[{"@type":"ListItem","position":1,"name":"Inicio","item":"https:\/\/plasticosmq.com\/mx\/"},{"@type":"ListItem","position":2,"name":"Shop","item":"https:\/\/plasticosmq.com\/mx\/shop\/"},{"@type":"ListItem","position":3,"name":"Set 6 sillas con brazo infinity jardin exterior"}]},{"@type":"WebSite","@id":"https:\/\/plasticosmq.com\/mx\/#website","url":"https:\/\/plasticosmq.com\/mx\/","name":"Plasticos MQ","description":"","potentialAction":[{"@type":"SearchAction","target":{"@type":"EntryPoint","urlTemplate":"https:\/\/plasticosmq.com\/mx\/?s={search_term_string}"},"query-input":{"@type":"PropertyValueSpecification","valueRequired":true,"valueName":"search_term_string"}}],"inLanguage":"es"}]}},"_links":{"self":[{"href":"https:\/\/plasticosmq.com\/mx\/wp-json\/wp\/v2\/product\/3892","targetHints":{"allow":["GET"]}}],"collection":[{"href":"https:\/\/plasticosmq.com\/mx\/wp-json\/wp\/v2\/product"}],"about":[{"href":"https:\/\/plasticosmq.com\/mx\/wp-json\/wp\/v2\/types\/product"}],"replies":[{"embeddable":true,"href":"https:\/\/plasticosmq.com\/mx\/wp-json\/wp\/v2\/comments?post=3892"}],"version-history":[{"count":1,"href":"https:\/\/plasticosmq.com\/mx\/wp-json\/wp\/v2\/product\/3892\/revisions"}],"predecessor-version":[{"id":3916,"href":"https:\/\/plasticosmq.com\/mx\/wp-json\/wp\/v2\/product\/3892\/revisions\/3916"}],"wp:featuredmedia":[{"embeddable":true,"href":"https:\/\/plasticosmq.com\/mx\/wp-json\/wp\/v2\/media\/3911"}],"wp:attachment":[{"href":"https:\/\/plasticosmq.com\/mx\/wp-json\/wp\/v2\/media?parent=3892"}],"wp:term":[{"taxonomy":"product_brand","embeddable":true,"href":"https:\/\/plasticosmq.com\/mx\/wp-json\/wp\/v2\/product_brand?post=3892"},{"taxonomy":"product_cat","embeddable":true,"href":"https:\/\/plasticosmq.com\/mx\/wp-json\/wp\/v2\/product_cat?post=3892"},{"taxonomy":"product_tag","embeddable":true,"href":"https:\/\/plasticosmq.com\/mx\/wp-json\/wp\/v2\/product_tag?post=3892"},{"taxonomy":"coleccion","embeddable":true,"href":"https:\/\/plasticosmq.com\/mx\/wp-json\/wp\/v2\/coleccion?post=3892"}],"curies":[{"name":"wp","href":"https:\/\/api.w.org\/{rel}","templated":true}]}}